{"id":425223,"date":"2022-10-12T10:04:18","date_gmt":"2022-10-12T08:04:18","guid":{"rendered":"https:\/\/www.speedcube.nl\/unkategorisiert\/cobble-hill-kristall-1000-stueck\/"},"modified":"2026-05-02T05:00:47","modified_gmt":"2026-05-02T03:00:47","slug":"cobble-hill-kristall-1000-stueck","status":"publish","type":"product","link":"https:\/\/www.speedcube.nl\/de\/aanbieding-de\/cobble-hill-kristall-1000-stueck\/","title":{"rendered":"Cobble Hill Kristall 1000 St\u00fcck"},"content":{"rendered":"<p>Crystal, die Feenk\u00f6nigin, sitzt auf ihrem eisigen Thron und streichelt ihre treue Katze. Mit ihrem beeindruckenden roten Haar sieht sie k\u00f6niglich aus. Puzzle mit 1000 Teilen von der K\u00fcnstlerin Melanie Delon.<\/p>\n<p>Anzahl der St\u00fccke: 1000<br \/>\nMaterial: Pappe<br \/>\nGr\u00f6\u00dfe des Puzzles: 68 x 49 cm<br \/>\nAlter: 12 &#8211; 99 Jahre<\/p>\n","protected":false},"excerpt":{"rendered":"<p>COBBLE HILL<\/p>\n","protected":false},"featured_media":405290,"template":"","meta":{"_improvement_type_select":"improve_an_existing","_thumb_yes_seoaic":false,"_frame_yes_seoaic":false,"seoaic_generate_description":"","seoaic_improve_instructions_prompt":"","seoaic_rollback_content_improvement":"","seoaic_idea_thumbnail_generator":"","thumbnail_generated":false,"thumbnail_generate_prompt":"","seoaic_article_description":"","product-afmeting-lengte-mm":"","product-afmeting-breedte-mm":"","product-afmeting-hoogte-mm":""},"product_brand":[],"product_cat":[1613,2558],"product_tag":[],"class_list":{"0":"post-425223","1":"product","2":"type-product","3":"status-publish","4":"has-post-thumbnail","6":"product_cat-ratsel-de","7":"product_cat-aanbieding-de","8":"pa_merken-cobble-hill-de","10":"first","11":"instock","12":"sale","13":"taxable","14":"shipping-taxable","15":"purchasable","16":"product-type-simple"},"df_price":9.48,"df_sale_price":9.48,"df_regular_price":18.95,"df_image_link":"https:\/\/www.speedcube.nl\/wp-content\/uploads\/2023\/06\/Productvisuals_Puzzels-Cobble-Hill-Crystal-285x300.jpg","_links":{"self":[{"href":"https:\/\/www.speedcube.nl\/de\/wp-json\/wp\/v2\/product\/425223","targetHints":{"allow":["GET"]}}],"collection":[{"href":"https:\/\/www.speedcube.nl\/de\/wp-json\/wp\/v2\/product"}],"about":[{"href":"https:\/\/www.speedcube.nl\/de\/wp-json\/wp\/v2\/types\/product"}],"version-history":[{"count":0,"href":"https:\/\/www.speedcube.nl\/de\/wp-json\/wp\/v2\/product\/425223\/revisions"}],"wp:featuredmedia":[{"embeddable":true,"href":"https:\/\/www.speedcube.nl\/de\/wp-json\/wp\/v2\/media\/405290"}],"wp:attachment":[{"href":"https:\/\/www.speedcube.nl\/de\/wp-json\/wp\/v2\/media?parent=425223"}],"wp:term":[{"taxonomy":"product_brand","embeddable":true,"href":"https:\/\/www.speedcube.nl\/de\/wp-json\/wp\/v2\/product_brand?post=425223"},{"taxonomy":"product_cat","embeddable":true,"href":"https:\/\/www.speedcube.nl\/de\/wp-json\/wp\/v2\/product_cat?post=425223"},{"taxonomy":"product_tag","embeddable":true,"href":"https:\/\/www.speedcube.nl\/de\/wp-json\/wp\/v2\/product_tag?post=425223"}],"curies":[{"name":"wp","href":"https:\/\/api.w.org\/{rel}","templated":true}]}}