{"id":425208,"date":"2022-10-18T09:18:53","date_gmt":"2022-10-18T07:18:53","guid":{"rendered":"https:\/\/www.speedcube.nl\/unkategorisiert\/ugears-retro-auto-ugr-t\/"},"modified":"2026-05-05T05:11:31","modified_gmt":"2026-05-05T03:11:31","slug":"ugears-retro-auto-ugr-t","status":"publish","type":"product","link":"https:\/\/www.speedcube.nl\/de\/ugears\/ugears-retro-auto-ugr-t\/","title":{"rendered":"Ugears Retro Auto UGR-T"},"content":{"rendered":"<p>Das Retro Car UGR-T ist eine stilvolle Erg\u00e4nzung zu Ugears st\u00e4ndig wachsender Sammlung historischer und moderner Autos, Rennwagen, Motorr\u00e4der, Lastwagen und anderer hervorragender DIY-Automodelle. Dieses Oldtimermodell ist eine Hommage an die Anf\u00e4nge der Auto\u00e4ra.<\/p>\n<p>Das Team von Ingenieuren und Designern bei Ugears hat ein spezielles Oldtimer-Modell entwickelt, das an diese Zeit ankn\u00fcpft. Zu den bemerkenswerten Merkmalen geh\u00f6ren das funktionale Cabriodach mit Stoffbezug, die verschlie\u00dfbaren Kabinent\u00fcren, die sich nach vorne \u00f6ffnen, die Motorhaube, die sich auf beiden Seiten \u00f6ffnen l\u00e4sst, ein funktionaler 4-Zylinder-Motor mit Kurbelwelle, eine skeuomorphe Kurbel, die das Ger\u00e4usch eines rumpelnden Motors simuliert, Vorderr\u00e4der, die sich mit dem Lenkrad drehen, und ein Reserverad am Heck. Um das Retro Car UGR-T in Betrieb zu nehmen, stellen Sie den Start\/Stop-Knopf auf &#8222;Stop&#8220;, w\u00e4hrend Sie den federgetriebenen Motor mit dem eingebauten Ratschenschl\u00fcssel unter dem Chassis aufziehen. Legen Sie das Modell auf eine ebene Fl\u00e4che, halten Sie es mit einer Hand fest, dr\u00fccken Sie &#8222;Start&#8220;, lassen Sie los und sehen Sie, wie es l\u00e4uft. Das Auto hat einen Vorw\u00e4rts-, einen Leerlauf- und einen R\u00fcckw\u00e4rtsgang.<\/p>\n<p>Das Retro Car UGR-T ist der perfekte Einstieg in Ihre Sammlung von Ugears Holzmodellautos oder deren Erweiterung. Weitere klassische amerikanische Auto- und Truckmodelle von Ugears sind der Pickup Lumberjack, das Dream Cabriolet und die Drift Cobra. Von dort aus kannst du zu Motoren, Z\u00fcgen, Schiffen und allen m\u00f6glichen mechanischen Wundern \u00fcbergehen, w\u00e4hrend du die wunderbare Welt der Ugears 3D-Puzzles, DIY-Modellbaus\u00e4tze, Automaten, Roboter, h\u00f6lzernen Puzzleschachteln und STEM Lab-Modellbaus\u00e4tze erkundest. Das Modell Retro Car UGR-T wird Fans historischer Autos, Liebhaber von Automodellen und Menschen, die ein gutes 3D-Puzzle lieben, ansprechen.<\/p>\n<p>Abmessungen des Produkts: 26,5 x 12,5 x 14,4 cm<br \/>\nVerpackungsgr\u00f6\u00dfe: 37,8 x 17 x 3,6 cm<br \/>\nAnzahl der Teile: 337<br \/>\nGesch\u00e4tzte Montagezeit: 7 Stunden<\/p>\n","protected":false},"excerpt":{"rendered":"<p>UGEARS<\/p>\n","protected":false},"featured_media":405634,"template":"","meta":{"_improvement_type_select":"improve_an_existing","_thumb_yes_seoaic":false,"_frame_yes_seoaic":false,"seoaic_generate_description":"","seoaic_improve_instructions_prompt":"","seoaic_rollback_content_improvement":"","seoaic_idea_thumbnail_generator":"","thumbnail_generated":false,"thumbnail_generate_prompt":"","seoaic_article_description":"","product-afmeting-lengte-mm":"","product-afmeting-breedte-mm":"","product-afmeting-hoogte-mm":""},"product_brand":[],"product_cat":[1499,5352,2558],"product_tag":[],"class_list":{"0":"post-425208","1":"product","2":"type-product","3":"status-publish","4":"has-post-thumbnail","6":"product_cat-modellbau","7":"product_cat-ugears","8":"product_cat-aanbieding-de","9":"pa_merken-ugears-de","11":"first","12":"instock","13":"sale","14":"taxable","15":"shipping-taxable","16":"purchasable","17":"product-type-simple"},"df_price":19.98,"df_sale_price":19.98,"df_regular_price":49.95,"df_image_link":"https:\/\/www.speedcube.nl\/wp-content\/uploads\/2023\/06\/Productvisuals_Modelbouw-Ugears-Retro-Auto-UGR-T-285x300.jpg","_links":{"self":[{"href":"https:\/\/www.speedcube.nl\/de\/wp-json\/wp\/v2\/product\/425208","targetHints":{"allow":["GET"]}}],"collection":[{"href":"https:\/\/www.speedcube.nl\/de\/wp-json\/wp\/v2\/product"}],"about":[{"href":"https:\/\/www.speedcube.nl\/de\/wp-json\/wp\/v2\/types\/product"}],"version-history":[{"count":0,"href":"https:\/\/www.speedcube.nl\/de\/wp-json\/wp\/v2\/product\/425208\/revisions"}],"wp:featuredmedia":[{"embeddable":true,"href":"https:\/\/www.speedcube.nl\/de\/wp-json\/wp\/v2\/media\/405634"}],"wp:attachment":[{"href":"https:\/\/www.speedcube.nl\/de\/wp-json\/wp\/v2\/media?parent=425208"}],"wp:term":[{"taxonomy":"product_brand","embeddable":true,"href":"https:\/\/www.speedcube.nl\/de\/wp-json\/wp\/v2\/product_brand?post=425208"},{"taxonomy":"product_cat","embeddable":true,"href":"https:\/\/www.speedcube.nl\/de\/wp-json\/wp\/v2\/product_cat?post=425208"},{"taxonomy":"product_tag","embeddable":true,"href":"https:\/\/www.speedcube.nl\/de\/wp-json\/wp\/v2\/product_tag?post=425208"}],"curies":[{"name":"wp","href":"https:\/\/api.w.org\/{rel}","templated":true}]}}