{"id":425201,"date":"2022-10-14T10:58:43","date_gmt":"2022-10-14T08:58:43","guid":{"rendered":"https:\/\/www.speedcube.nl\/unkategorisiert\/robotime-e-gitarre-tg605k\/"},"modified":"2026-05-16T05:11:29","modified_gmt":"2026-05-16T03:11:29","slug":"robotime-e-gitarre-tg605k","status":"publish","type":"product","link":"https:\/\/www.speedcube.nl\/de\/aanbieding-de\/robotime-e-gitarre-tg605k\/","title":{"rendered":"Robotime E-Gitarre TG605K"},"content":{"rendered":"<p>Robotime-ROKR E-Gitarrenmodell 3D Holzpuzzle TG605K ist ein gut gestaltetes E-Gitarrenmodell aus Holz, das Sie mit Ihren eigenen H\u00e4nden bauen k\u00f6nnen. Mit feinen Details und sch\u00f6nen Proportionen ist dieses Mini-Gitarrenmodell ein tolles Geschenk f\u00fcr jeden Musikliebhaber.<\/p>\n<p>Jedes Detail dieses E-Gitarrenmodells ist wundersch\u00f6n gestaltet. Der Korpus, die Kopfplatte, die Saiten, die Tonabnehmer und der Verst\u00e4rker sind alle aus hochwertigen Materialien mit Laser-Cutting-Technologie gefertigt. Dies ist ein leicht zusammensetzbares 3D-Holzpuzzle, das 140 Holzteile enth\u00e4lt. Der Zusammenbau dauert etwa 1,5 Stunden und ist somit auch f\u00fcr Anf\u00e4nger geeignet. Dieses Produkt ist ein perfektes DIY-Geschenk f\u00fcr Jungen und M\u00e4dchen, Freunde und Familie, die Musik lieben.<\/p>\n<p>Anzahl der St\u00fccke: 140<br \/>\nMaterial: Holz<br \/>\nAlter: 12+<br \/>\nProdukt in mm: 105 x 170 x 220<\/p>\n","protected":false},"excerpt":{"rendered":"<p>ROBOTIME<\/p>\n","protected":false},"featured_media":405430,"template":"","meta":{"_improvement_type_select":"improve_an_existing","_thumb_yes_seoaic":false,"_frame_yes_seoaic":false,"seoaic_generate_description":"","seoaic_improve_instructions_prompt":"","seoaic_rollback_content_improvement":"","seoaic_idea_thumbnail_generator":"","thumbnail_generated":false,"thumbnail_generate_prompt":"","seoaic_article_description":"","product-afmeting-lengte-mm":"","product-afmeting-breedte-mm":"","product-afmeting-hoogte-mm":""},"product_brand":[],"product_cat":[1499,2558,1619],"product_tag":[],"class_list":{"0":"post-425201","1":"product","2":"type-product","3":"status-publish","4":"has-post-thumbnail","6":"product_cat-modellbau","7":"product_cat-aanbieding-de","8":"product_cat-robotime-de","9":"pa_merken-robotime-de","11":"first","12":"instock","13":"sale","14":"taxable","15":"shipping-taxable","16":"purchasable","17":"product-type-simple"},"df_price":8.99,"df_sale_price":8.99,"df_regular_price":14.99,"df_image_link":"https:\/\/www.speedcube.nl\/wp-content\/uploads\/2023\/06\/Productvisuals_Modelbouw-Robotime-Electric-Guitar-TG605K-285x300.jpg","_links":{"self":[{"href":"https:\/\/www.speedcube.nl\/de\/wp-json\/wp\/v2\/product\/425201","targetHints":{"allow":["GET"]}}],"collection":[{"href":"https:\/\/www.speedcube.nl\/de\/wp-json\/wp\/v2\/product"}],"about":[{"href":"https:\/\/www.speedcube.nl\/de\/wp-json\/wp\/v2\/types\/product"}],"version-history":[{"count":0,"href":"https:\/\/www.speedcube.nl\/de\/wp-json\/wp\/v2\/product\/425201\/revisions"}],"wp:featuredmedia":[{"embeddable":true,"href":"https:\/\/www.speedcube.nl\/de\/wp-json\/wp\/v2\/media\/405430"}],"wp:attachment":[{"href":"https:\/\/www.speedcube.nl\/de\/wp-json\/wp\/v2\/media?parent=425201"}],"wp:term":[{"taxonomy":"product_brand","embeddable":true,"href":"https:\/\/www.speedcube.nl\/de\/wp-json\/wp\/v2\/product_brand?post=425201"},{"taxonomy":"product_cat","embeddable":true,"href":"https:\/\/www.speedcube.nl\/de\/wp-json\/wp\/v2\/product_cat?post=425201"},{"taxonomy":"product_tag","embeddable":true,"href":"https:\/\/www.speedcube.nl\/de\/wp-json\/wp\/v2\/product_tag?post=425201"}],"curies":[{"name":"wp","href":"https:\/\/api.w.org\/{rel}","templated":true}]}}