{"id":425197,"date":"2022-10-18T09:36:04","date_gmt":"2022-10-18T07:36:04","guid":{"rendered":"https:\/\/www.speedcube.nl\/unkategorisiert\/ugears-harry-potter-hogwarts-express\/"},"modified":"2026-04-29T05:04:24","modified_gmt":"2026-04-29T03:04:24","slug":"ugears-harry-potter-hogwarts-express","status":"publish","type":"product","link":"https:\/\/www.speedcube.nl\/de\/modellbau\/zuge\/ugears-harry-potter-hogwarts-express\/","title":{"rendered":"Ugears Harry Potter Hogwarts Express"},"content":{"rendered":"<p>Tauche ein in die Welt der Zauberer und begleite Harry, Hermine und Ron auf einer aufregenden Reise an Bord des HogwartsTM Express, mit diesem speziellen funktionierenden Modellzug von Ugears. Dieser sch\u00f6ne Modellzug aus Holz f\u00e4hrt vom Bahnhof King&#8217;s Cross in London zum Bahnhof Hogsmeade in der N\u00e4he von Schloss Hogwarts.<\/p>\n<p>Sie besteht aus einer federgetriebenen Lokomotive, einem Kohlentender und einem Personenwagen, in dem drei Figuren der jungen Zaubererhelden auf dem Weg zur Schule sind. Ziehen Sie das Modell mit dem Spezialschl\u00fcssel auf, drehen Sie den Start-\/Stopp-Schalter am Schornstein und beobachten Sie die faszinierende Bewegung der Zahnr\u00e4der, R\u00e4der und Pleuelstangen der Lokomotive, w\u00e4hrend sie vorw\u00e4rts rollt. Der Ugears HogwartsTM Express kann 4 Meter (mit Tender und Wagen) oder 6 Meter (nur Lokomotive) auf jeder glatten, ebenen Fl\u00e4che fahren. Dieser sch\u00f6ne 3D-Holzmodellzug wird auch mit einem Gleisabschnitt und einem Prellbock auf Gleis 9 f\u00fcr eine elegante statische Darstellung geliefert. Die stattliche Lokomotive kann allein oder in Kombination mit zwei Wagen gefahren werden: einem Kohlentender und einem Personenwagen. Der Tender verf\u00fcgt \u00fcber einen leeren Kohlekasten, in dem Sie den Aufziehschl\u00fcssel des Zuges oder andere kleine Gegenst\u00e4nde aufbewahren k\u00f6nnen. Der Personenwagen hat drei Abteile, drei zu \u00f6ffnende T\u00fcren und ein abnehmbares Dach, so dass man die Figuren von Harry Potter, Hermine Granger und Ronald Weasley auf spezielle St\u00fctzen stellen kann, die sich w\u00e4hrend der Fahrt hin und her bewegen.<\/p>\n<p>Die Lokomotive ist die treibende Kraft des Modells, deren Metallfedermotor und Getriebe die Kraft auf die beweglichen R\u00e4der \u00fcbertr\u00e4gt. Die Lok wird mit einem speziellen Schl\u00fcssel aufgezogen (links und rechts an der Lok befinden sich Aufziehschlitze), aber stellen Sie sicher, dass Sie zuerst den Schornstein in die Position &#8222;Stop&#8220; drehen. Sobald die Feder aufgezogen ist, halten Sie das Modell fest, w\u00e4hrend Sie den Schornstein in die &#8222;Start&#8220;-Position drehen, lassen Sie los und beobachten Sie, wie der Zug in einer geraden Linie vorw\u00e4rts f\u00e4hrt. Sehen Sie sich diese sch\u00f6nen Lokomotivr\u00e4der und Pleuelstangen in Aktion an! Sie k\u00f6nnen Ihr fertiges Modell in seinem attraktiven, nat\u00fcrlichen Holzzustand belassen, es in den Farben des HogwartsTM-Expresses, wie er in den Harry-Potter-Filmen zu sehen ist, bemalen oder ihm einen eigenen Anstrich geben. (Farbe nicht enthalten.) Dieses sch\u00f6ne Zugmodell wird alle Potterfans, Eisenbahnliebhaber, Modellbastler, Modelleisenbahnsammler und alle, die gerne mit ihren H\u00e4nden arbeiten und bauen, begeistern. Die Modelleisenbahn HogwartsTM Express ist eine tolle Geschenkidee f\u00fcr Eltern von Kindern, die die Harry-Potter-Buchreihe und -Filme lieben, oder f\u00fcr Eltern, die ein lustiges Bastelprojekt f\u00fcr ihre Kinder suchen.<\/p>\n<p>Abmessungen des Produkts: 90,5 x 12,5 x 10 cm<br \/>\nVerpackungsgr\u00f6\u00dfe: 37,8 x 17 x 5 cm<br \/>\nAnzahl der Teile: 504<br \/>\nGesch\u00e4tzte Montagezeit: 10 Stunden<\/p>\n","protected":false},"excerpt":{"rendered":"<p>UGEARS<\/p>\n","protected":false},"featured_media":405750,"template":"","meta":{"_improvement_type_select":"improve_an_existing","_thumb_yes_seoaic":false,"_frame_yes_seoaic":false,"seoaic_generate_description":"","seoaic_improve_instructions_prompt":"","seoaic_rollback_content_improvement":"","seoaic_idea_thumbnail_generator":"","thumbnail_generated":false,"thumbnail_generate_prompt":"","seoaic_article_description":"","product-afmeting-lengte-mm":"","product-afmeting-breedte-mm":"","product-afmeting-hoogte-mm":""},"product_brand":[],"product_cat":[1617,1500,1636,1724,1499,1709,1713,1731],"product_tag":[],"class_list":{"0":"post-425197","1":"product","2":"type-product","3":"status-publish","4":"has-post-thumbnail","6":"product_cat-baukasten-aus-holz","7":"product_cat-baukasten-fur-erwachsene","8":"product_cat-baukasten-fur-kinder","9":"product_cat-film-de","10":"product_cat-modellbau","11":"product_cat-modellfahrzeuge","12":"product_cat-ugears-modellbau","13":"product_cat-zuge","14":"pa_merken-ugears-de","16":"first","17":"instock","18":"taxable","19":"shipping-taxable","20":"purchasable","21":"product-type-simple"},"df_price":89.95,"df_sale_price":"","df_regular_price":89.95,"df_image_link":"https:\/\/www.speedcube.nl\/wp-content\/uploads\/2023\/06\/Productvisuals_Modelbouw-Ugears-Harry-Potter-Hogwarts-Express-285x300.jpg","_links":{"self":[{"href":"https:\/\/www.speedcube.nl\/de\/wp-json\/wp\/v2\/product\/425197","targetHints":{"allow":["GET"]}}],"collection":[{"href":"https:\/\/www.speedcube.nl\/de\/wp-json\/wp\/v2\/product"}],"about":[{"href":"https:\/\/www.speedcube.nl\/de\/wp-json\/wp\/v2\/types\/product"}],"version-history":[{"count":0,"href":"https:\/\/www.speedcube.nl\/de\/wp-json\/wp\/v2\/product\/425197\/revisions"}],"wp:featuredmedia":[{"embeddable":true,"href":"https:\/\/www.speedcube.nl\/de\/wp-json\/wp\/v2\/media\/405750"}],"wp:attachment":[{"href":"https:\/\/www.speedcube.nl\/de\/wp-json\/wp\/v2\/media?parent=425197"}],"wp:term":[{"taxonomy":"product_brand","embeddable":true,"href":"https:\/\/www.speedcube.nl\/de\/wp-json\/wp\/v2\/product_brand?post=425197"},{"taxonomy":"product_cat","embeddable":true,"href":"https:\/\/www.speedcube.nl\/de\/wp-json\/wp\/v2\/product_cat?post=425197"},{"taxonomy":"product_tag","embeddable":true,"href":"https:\/\/www.speedcube.nl\/de\/wp-json\/wp\/v2\/product_tag?post=425197"}],"curies":[{"name":"wp","href":"https:\/\/api.w.org\/{rel}","templated":true}]}}