{"id":425191,"date":"2022-10-18T15:15:32","date_gmt":"2022-10-18T13:15:32","guid":{"rendered":"https:\/\/www.speedcube.nl\/unkategorisiert\/gan-mosaik-wuerfel\/"},"modified":"2026-05-01T05:04:17","modified_gmt":"2026-05-01T03:04:17","slug":"gan-mosaik-wuerfel","status":"publish","type":"product","link":"https:\/\/www.speedcube.nl\/de\/speedcube-de\/10x10-de\/gan-mosaik-wuerfel\/","title":{"rendered":"Gan Mosaik-W\u00fcrfel"},"content":{"rendered":"<p>Mit dem GAN Mosaic Cubes Bundle k\u00f6nnen Sie Ihre Lieblingsfotos ganz einfach in ein sch\u00f6nes W\u00fcrfelmosaik verwandeln! Das mitgelieferte Display kann in alle m\u00f6glichen Winkel geneigt werden. Wenn Sie mehrere Displays zusammenf\u00fchren m\u00f6chten, k\u00f6nnen Sie dies mit einer &#8222;Manget-Positionierungsverbindung&#8220; tun. Dies gilt nur f\u00fcr Displays gleicher Gr\u00f6\u00dfe. Das Display verf\u00fcgt auch \u00fcber Schlitze, so dass Sie das Kunstwerk an die Wand h\u00e4ngen k\u00f6nnen!<\/p>\n<p><strong>6 x 6 Satz<br \/>\n<\/strong>W\u00fcrfelsatz mit 36 Mini 3x3s<br \/>\n6 x 6 S\u00e4tze = 324 Pixel<br \/>\nAbmessungen: 16,8 x 16,8 x 2,8 cm<\/p>\n<p><strong>10 x 10 Satz<\/strong><br \/>\nW\u00fcrfelset mit 100 mini 3x3s<br \/>\n10 x 10 Satz = 900 Pixel<br \/>\nAbmessungen: 28 x 28 x 2,8 cm<\/p>\n<p>&nbsp;<\/p>\n<p>&nbsp;<\/p>\n<p>&nbsp;<\/p>\n","protected":false},"excerpt":{"rendered":"<p>GAN<\/p>\n","protected":false},"featured_media":405990,"template":"","meta":{"_improvement_type_select":"improve_an_existing","_thumb_yes_seoaic":false,"_frame_yes_seoaic":false,"seoaic_generate_description":"","seoaic_improve_instructions_prompt":"","seoaic_rollback_content_improvement":"","seoaic_idea_thumbnail_generator":"","thumbnail_generated":false,"thumbnail_generate_prompt":"","seoaic_article_description":"","product-afmeting-lengte-mm":"","product-afmeting-breedte-mm":"","product-afmeting-hoogte-mm":""},"product_brand":[],"product_cat":[2451,2143,1333,1270,1211],"product_tag":[],"class_list":{"0":"post-425191","1":"product","2":"type-product","3":"status-publish","4":"has-post-thumbnail","6":"product_cat-10x10-de","7":"product_cat-6x6-de","8":"product_cat-besonderheiten","9":"product_cat-gan-de","10":"product_cat-speedcube-de","11":"pa_merken-gan-de","13":"first","14":"instock","15":"taxable","16":"shipping-taxable","17":"purchasable","18":"product-type-variable"},"df_price":49.99,"df_sale_price":"","df_regular_price":49.99,"df_image_link":"https:\/\/www.speedcube.nl\/wp-content\/uploads\/2023\/06\/Productvisuals_Speedcubes-GAN-Mosaic-Cubes-2-1-285x300.jpg","_links":{"self":[{"href":"https:\/\/www.speedcube.nl\/de\/wp-json\/wp\/v2\/product\/425191","targetHints":{"allow":["GET"]}}],"collection":[{"href":"https:\/\/www.speedcube.nl\/de\/wp-json\/wp\/v2\/product"}],"about":[{"href":"https:\/\/www.speedcube.nl\/de\/wp-json\/wp\/v2\/types\/product"}],"version-history":[{"count":0,"href":"https:\/\/www.speedcube.nl\/de\/wp-json\/wp\/v2\/product\/425191\/revisions"}],"wp:featuredmedia":[{"embeddable":true,"href":"https:\/\/www.speedcube.nl\/de\/wp-json\/wp\/v2\/media\/405990"}],"wp:attachment":[{"href":"https:\/\/www.speedcube.nl\/de\/wp-json\/wp\/v2\/media?parent=425191"}],"wp:term":[{"taxonomy":"product_brand","embeddable":true,"href":"https:\/\/www.speedcube.nl\/de\/wp-json\/wp\/v2\/product_brand?post=425191"},{"taxonomy":"product_cat","embeddable":true,"href":"https:\/\/www.speedcube.nl\/de\/wp-json\/wp\/v2\/product_cat?post=425191"},{"taxonomy":"product_tag","embeddable":true,"href":"https:\/\/www.speedcube.nl\/de\/wp-json\/wp\/v2\/product_tag?post=425191"}],"curies":[{"name":"wp","href":"https:\/\/api.w.org\/{rel}","templated":true}]}}