{"id":425184,"date":"2022-10-18T14:35:23","date_gmt":"2022-10-18T12:35:23","guid":{"rendered":"https:\/\/www.speedcube.nl\/unkategorisiert\/verypuzzle-82-irt-v1-f1\/"},"modified":"2026-05-04T05:15:20","modified_gmt":"2026-05-04T03:15:20","slug":"verypuzzle-82-irt-v1-f1","status":"publish","type":"product","link":"https:\/\/www.speedcube.nl\/de\/aanbieding-de\/verypuzzle-82-irt-v1-f1\/","title":{"rendered":"VeryPuzzle #82 (IRT V1 F1)"},"content":{"rendered":"<p>VeryPuzzle #82-IRT V1 F1 ist eine Variante von Big Stingray mit zus\u00e4tzlichen Schnitten auf viereckigen Fl\u00e4chen. Es basiert auf demselben Achsensystem wie DIRT V1.0, obwohl die Schnitte auf viereckigen Fl\u00e4chen wesentlich anders sind (daher die Symmetrie).  <strong>Hinweis: Dies ist ein Do-it-yourself-Bausatz!<\/strong>  Das hei\u00dft, du musst dieses Puzzle selbst zusammensetzen und auch die Aufkleber anbringen. Alle diese Schritte werden in der mitgelieferten Anleitung genau erkl\u00e4rt.<\/p>\n<p>Enth\u00e4lt:<br \/>\n+ Erforderliche Ersatzteile + zus\u00e4tzliche Ersatzteile<br \/>\n+ Aufklebersatz<br \/>\n+ Hyperbolischer Standard<br \/>\n+ Schraubkappenhalter<br \/>\n+ Gedruckte Montageanleitung.<\/p>\n<p><a href=\"https:\/\/www.speedcube.nl\/wp-content\/uploads\/2023\/09\/VeryPuzzel-82.pdf\"><i>Klicken Sie hier f\u00fcr die Anleitung im pdf-Format &#8211; VeryPuzzle #82<\/i><\/a><\/p>\n<p>&nbsp;<\/p>\n","protected":false},"excerpt":{"rendered":"<p>VERYPUZZLE<\/p>\n","protected":false},"featured_media":405966,"template":"","meta":{"_improvement_type_select":"improve_an_existing","_thumb_yes_seoaic":false,"_frame_yes_seoaic":false,"seoaic_generate_description":"","seoaic_improve_instructions_prompt":"","seoaic_rollback_content_improvement":"","seoaic_idea_thumbnail_generator":"","thumbnail_generated":false,"thumbnail_generate_prompt":"","seoaic_article_description":"","product-afmeting-lengte-mm":"","product-afmeting-breedte-mm":"","product-afmeting-hoogte-mm":""},"product_brand":[],"product_cat":[2462,1211,2558],"product_tag":[],"class_list":{"0":"post-425184","1":"product","2":"type-product","3":"status-publish","4":"has-post-thumbnail","6":"product_cat-verypuzzle-de","7":"product_cat-speedcube-de","8":"product_cat-aanbieding-de","9":"pa_merken-verypuzzle-de","11":"first","12":"instock","13":"sale","14":"taxable","15":"shipping-taxable","16":"purchasable","17":"product-type-simple"},"df_price":53.75,"df_sale_price":53.75,"df_regular_price":95.99,"df_image_link":"https:\/\/www.speedcube.nl\/wp-content\/uploads\/2023\/06\/Productvisuals_Speedcubes-Verypuzzle-82-IRT-V1-F1-285x300.jpg","_links":{"self":[{"href":"https:\/\/www.speedcube.nl\/de\/wp-json\/wp\/v2\/product\/425184","targetHints":{"allow":["GET"]}}],"collection":[{"href":"https:\/\/www.speedcube.nl\/de\/wp-json\/wp\/v2\/product"}],"about":[{"href":"https:\/\/www.speedcube.nl\/de\/wp-json\/wp\/v2\/types\/product"}],"version-history":[{"count":0,"href":"https:\/\/www.speedcube.nl\/de\/wp-json\/wp\/v2\/product\/425184\/revisions"}],"wp:featuredmedia":[{"embeddable":true,"href":"https:\/\/www.speedcube.nl\/de\/wp-json\/wp\/v2\/media\/405966"}],"wp:attachment":[{"href":"https:\/\/www.speedcube.nl\/de\/wp-json\/wp\/v2\/media?parent=425184"}],"wp:term":[{"taxonomy":"product_brand","embeddable":true,"href":"https:\/\/www.speedcube.nl\/de\/wp-json\/wp\/v2\/product_brand?post=425184"},{"taxonomy":"product_cat","embeddable":true,"href":"https:\/\/www.speedcube.nl\/de\/wp-json\/wp\/v2\/product_cat?post=425184"},{"taxonomy":"product_tag","embeddable":true,"href":"https:\/\/www.speedcube.nl\/de\/wp-json\/wp\/v2\/product_tag?post=425184"}],"curies":[{"name":"wp","href":"https:\/\/api.w.org\/{rel}","templated":true}]}}