{"id":425176,"date":"2022-10-18T22:47:24","date_gmt":"2022-10-18T20:47:24","guid":{"rendered":"https:\/\/www.speedcube.nl\/unkategorisiert\/moyu-weilong-skewb-maglev-3x3\/"},"modified":"2026-05-04T05:15:24","modified_gmt":"2026-05-04T03:15:24","slug":"moyu-weilong-skewb-maglev-3x3","status":"publish","type":"product","link":"https:\/\/www.speedcube.nl\/de\/speedcube-de\/skewb-de\/moyu-weilong-skewb-maglev-3x3\/","title":{"rendered":"MoYu Weilong Skewb Maglev 3&#215;3"},"content":{"rendered":"<p>Die MoYu WeiLong Skewb (Maglev) ist der n\u00e4chste Schritt in der Skewb-Technologie. Mit gegenl\u00e4ufigen Magneten, die die traditionelle Feder ersetzen, ist dieser Spie\u00df der Inbegriff von Design. Die lilafarbene Innenausstattung, das MagLev-Absto\u00dfungssystem und die einstellbare Magnetst\u00e4rke sind die wichtigsten Merkmale! Mit dem mitgelieferten Schraubendreher lassen sich Kompression, Magnetst\u00e4rke und Spannung des MoYu WeiLong Skewb (Maglev) einfach einstellen.<\/p>\n<p>Eingeschlossen:<br \/>\nMoYu WeiLange Skewb (Magnetschwebebahn)<br \/>\nAnleitung<br \/>\nSchraubenzieher<\/p>\n","protected":false},"excerpt":{"rendered":"<p>MOYU<\/p>\n","protected":false},"featured_media":406178,"template":"","meta":{"_improvement_type_select":"improve_an_existing","_thumb_yes_seoaic":false,"_frame_yes_seoaic":false,"seoaic_generate_description":"","seoaic_improve_instructions_prompt":"","seoaic_rollback_content_improvement":"","seoaic_idea_thumbnail_generator":"","thumbnail_generated":false,"thumbnail_generate_prompt":"","seoaic_article_description":"","product-afmeting-lengte-mm":"","product-afmeting-breedte-mm":"","product-afmeting-hoogte-mm":""},"product_brand":[],"product_cat":[1221,1332,1339,1211],"product_tag":[],"class_list":{"0":"post-425176","1":"product","2":"type-product","3":"status-publish","4":"has-post-thumbnail","6":"product_cat-3x3-de","7":"product_cat-moyu-de","8":"product_cat-skewb-de","9":"product_cat-speedcube-de","10":"pa_merken-moyu-de","12":"first","13":"instock","14":"taxable","15":"shipping-taxable","16":"purchasable","17":"product-type-simple"},"df_price":20.99,"df_sale_price":"","df_regular_price":20.99,"df_image_link":"https:\/\/www.speedcube.nl\/wp-content\/uploads\/2023\/06\/Productvisuals_Speedcubes-MoYu-Weilong-Skewb-Maglev-3x3-1-285x300.jpg","_links":{"self":[{"href":"https:\/\/www.speedcube.nl\/de\/wp-json\/wp\/v2\/product\/425176","targetHints":{"allow":["GET"]}}],"collection":[{"href":"https:\/\/www.speedcube.nl\/de\/wp-json\/wp\/v2\/product"}],"about":[{"href":"https:\/\/www.speedcube.nl\/de\/wp-json\/wp\/v2\/types\/product"}],"version-history":[{"count":0,"href":"https:\/\/www.speedcube.nl\/de\/wp-json\/wp\/v2\/product\/425176\/revisions"}],"wp:featuredmedia":[{"embeddable":true,"href":"https:\/\/www.speedcube.nl\/de\/wp-json\/wp\/v2\/media\/406178"}],"wp:attachment":[{"href":"https:\/\/www.speedcube.nl\/de\/wp-json\/wp\/v2\/media?parent=425176"}],"wp:term":[{"taxonomy":"product_brand","embeddable":true,"href":"https:\/\/www.speedcube.nl\/de\/wp-json\/wp\/v2\/product_brand?post=425176"},{"taxonomy":"product_cat","embeddable":true,"href":"https:\/\/www.speedcube.nl\/de\/wp-json\/wp\/v2\/product_cat?post=425176"},{"taxonomy":"product_tag","embeddable":true,"href":"https:\/\/www.speedcube.nl\/de\/wp-json\/wp\/v2\/product_tag?post=425176"}],"curies":[{"name":"wp","href":"https:\/\/api.w.org\/{rel}","templated":true}]}}