{"id":425164,"date":"2022-10-18T21:21:46","date_gmt":"2022-10-18T19:21:46","guid":{"rendered":"https:\/\/www.speedcube.nl\/unkategorisiert\/qiyi-wingy-skewb-v2-magnetisch\/"},"modified":"2026-05-05T05:11:37","modified_gmt":"2026-05-05T03:11:37","slug":"qiyi-wingy-skewb-v2-magnetisch","status":"publish","type":"product","link":"https:\/\/www.speedcube.nl\/de\/speedcube-de\/skewb-de\/qiyi-wingy-skewb-v2-magnetisch\/","title":{"rendered":"QiYi Wingy Skewb V2 Magnetisch"},"content":{"rendered":"<p>Der X-Man Wingy Skewb V2 Magnetic ist vollgepackt mit Anpassungsm\u00f6glichkeiten, die man bei anderen Skewbs nicht findet! Der Wingy Skewb V2 im X-Man-Design von QiYi ist eine Weiterentwicklung des sehr beliebten Wingy Skewb V1, der den Weg f\u00fcr das hohle Design bereitet hat, das nun auch von anderen Puzzlemarken verwendet wird.<\/p>\n<p>Die wichtigsten Merkmale des Wingy Skewb V2 sind: einstellbare Magnetst\u00e4rke (5 Positionen), einstellbare Federkompression (5 Positionen) und einstellbare Spannung (5 Positionen). Somit verf\u00fcgt dieser Skewb \u00fcber ein benutzerfreundliches Einstellsystem. Au\u00dferdem l\u00e4uft er sehr ruhig und kontrolliert. Enth\u00e4lt ein Werkzeug zur Anpassung.<\/p>\n","protected":false},"excerpt":{"rendered":"<p>QIYI<\/p>\n","protected":false},"featured_media":406090,"template":"","meta":{"_improvement_type_select":"improve_an_existing","_thumb_yes_seoaic":false,"_frame_yes_seoaic":false,"seoaic_generate_description":"","seoaic_improve_instructions_prompt":"","seoaic_rollback_content_improvement":"","seoaic_idea_thumbnail_generator":"","thumbnail_generated":false,"thumbnail_generate_prompt":"","seoaic_article_description":"","product-afmeting-lengte-mm":"","product-afmeting-breedte-mm":"","product-afmeting-hoogte-mm":""},"product_brand":[],"product_cat":[1235,1339,1211],"product_tag":[],"class_list":{"0":"post-425164","1":"product","2":"type-product","3":"status-publish","4":"has-post-thumbnail","6":"product_cat-qiyi-de","7":"product_cat-skewb-de","8":"product_cat-speedcube-de","9":"pa_merken-qiyi-de","11":"first","12":"instock","13":"taxable","14":"shipping-taxable","15":"purchasable","16":"product-type-simple"},"df_price":23.99,"df_sale_price":"","df_regular_price":23.99,"df_image_link":"https:\/\/www.speedcube.nl\/wp-content\/uploads\/2023\/06\/Productvisuals_Speedcubes-QiYi-Wingy-Skewb-V2-285x300.jpg","_links":{"self":[{"href":"https:\/\/www.speedcube.nl\/de\/wp-json\/wp\/v2\/product\/425164","targetHints":{"allow":["GET"]}}],"collection":[{"href":"https:\/\/www.speedcube.nl\/de\/wp-json\/wp\/v2\/product"}],"about":[{"href":"https:\/\/www.speedcube.nl\/de\/wp-json\/wp\/v2\/types\/product"}],"version-history":[{"count":0,"href":"https:\/\/www.speedcube.nl\/de\/wp-json\/wp\/v2\/product\/425164\/revisions"}],"wp:featuredmedia":[{"embeddable":true,"href":"https:\/\/www.speedcube.nl\/de\/wp-json\/wp\/v2\/media\/406090"}],"wp:attachment":[{"href":"https:\/\/www.speedcube.nl\/de\/wp-json\/wp\/v2\/media?parent=425164"}],"wp:term":[{"taxonomy":"product_brand","embeddable":true,"href":"https:\/\/www.speedcube.nl\/de\/wp-json\/wp\/v2\/product_brand?post=425164"},{"taxonomy":"product_cat","embeddable":true,"href":"https:\/\/www.speedcube.nl\/de\/wp-json\/wp\/v2\/product_cat?post=425164"},{"taxonomy":"product_tag","embeddable":true,"href":"https:\/\/www.speedcube.nl\/de\/wp-json\/wp\/v2\/product_tag?post=425164"}],"curies":[{"name":"wp","href":"https:\/\/api.w.org\/{rel}","templated":true}]}}