{"id":425155,"date":"2022-11-03T14:02:34","date_gmt":"2022-11-03T13:02:34","guid":{"rendered":"https:\/\/www.speedcube.nl\/unkategorisiert\/diansheng-galaxie-magnetisch-10x10\/"},"modified":"2026-05-02T05:02:32","modified_gmt":"2026-05-02T03:02:32","slug":"diansheng-galaxie-magnetisch-10x10","status":"publish","type":"product","link":"https:\/\/www.speedcube.nl\/de\/speedcube-de\/10x10-de\/diansheng-galaxie-magnetisch-10x10\/","title":{"rendered":"Diansheng Galaxie Magnetisch 10&#215;10"},"content":{"rendered":"<p>Das Galaxy 10M von DianSheng ist das erste werkseitig magnetisierte 10&#215;10-Puzzle der Welt, das auf den Markt kommt. Dies ist eine gute Option, wenn Sie nach einem neuen magnetischen 10&#215;10 suchen, da es direkt aus der Verpackung kommt und eine ausgezeichnete Stabilit\u00e4t bietet. Dieser Speedcube hat leichte Magnete f\u00fcr pr\u00e4zises und sanftes Drehen. Die breiteren Au\u00dfenschichten sorgen f\u00fcr besseren Halt und Stabilit\u00e4t. Mit dem Galaxy Magnetic 10&#215;10 erhalten Sie au\u00dferdem eine Aufbewahrungstasche, einen St\u00e4nder, einen Schraubendreher und ein Reinigungstuch.<\/p>\n<p>Wir haben nur die Variante ohne Aufkleber (Prim\u00e4rkern).<\/p>\n<p>&nbsp;<\/p>\n<p><strong>Sind Sie neu im Cubing oder ein Anf\u00e4nger?<\/strong><\/p>\n<p><strong>Pops und Expolsians sind nicht von der Garantie abgedeckt.<\/strong><\/p>\n<p><strong>Seien Sie also vorsichtig, wenn Sie die ersten Kurven fahren.<\/strong><\/p>\n<p><strong>Passen Sie den W\u00fcrfel bei Bedarf fester an.<\/strong><\/p>\n<p><strong>R\u00fccksendungen werden nur f\u00fcr vollst\u00e4ndig montierte W\u00fcrfel akzeptiert.<\/strong><\/p>\n<p><strong>Es gibt 2 Arten von &#8218;Pops&#8216; beim W\u00fcrfeln:<\/strong><\/p>\n<p><strong> <\/strong><strong>-Pops &#8211; Ein einzelnes St\u00fcck (oder mehrere St\u00fccke) f\u00e4llt aus dem W\u00fcrfel.<\/strong><\/p>\n<p><strong>-Explosionen &#8211; der ganze W\u00fcrfel f\u00e4llt auseinander und Sie haben nur noch einen Haufen Scherben.<\/strong><\/p>\n<p><strong><br \/>\n<\/strong><strong>Hinweis: Dies kann bei einem brandneuen W\u00fcrfel bei Ihrer ersten L\u00f6sung passieren. Es ist immer eine gute Idee, einige langsame Drehungen zu machen und die Spannung des W\u00fcrfels zu \u00fcberpr\u00fcfen.<br \/>\n<\/strong><\/p>\n<p><strong>In jedem Fall sind Sie vielleicht ein wenig irritiert und verwirrt, wie Sie es wieder zusammensetzen sollen.  <\/strong><\/p>\n<p><strong>Wenn Ihr W\u00fcrfel explodiert ist und Sie nur noch einen Haufen Scherben haben oder ein<\/strong><strong>Wenn Ihr W\u00fcrfel geplatzt ist und ein einzelnes St\u00fcck oder ein paar St\u00fccke herausgekommen sind, lassen Sie es uns bitte wissen und wir k\u00f6nnen Ihnen ein Anleitungsvideo schicken.<\/strong><\/p>\n<p><strong>Hinweis: Sollte ein St\u00fcck brechen, ersetzen wir das St\u00fcck und nicht den ganzen W\u00fcrfel.<\/strong><\/p>\n","protected":false},"excerpt":{"rendered":"<p>DIANSHENG<\/p>\n","protected":false},"featured_media":406254,"template":"","meta":{"_improvement_type_select":"improve_an_existing","_thumb_yes_seoaic":false,"_frame_yes_seoaic":false,"seoaic_generate_description":"","seoaic_improve_instructions_prompt":"","seoaic_rollback_content_improvement":"","seoaic_idea_thumbnail_generator":"","thumbnail_generated":false,"thumbnail_generate_prompt":"","seoaic_article_description":"","product-afmeting-lengte-mm":"","product-afmeting-breedte-mm":"","product-afmeting-hoogte-mm":""},"product_brand":[],"product_cat":[2451,1328,1211],"product_tag":[],"class_list":{"0":"post-425155","1":"product","2":"type-product","3":"status-publish","4":"has-post-thumbnail","6":"product_cat-10x10-de","7":"product_cat-diansheng-de","8":"product_cat-speedcube-de","9":"pa_merken-diansheng-de","11":"first","12":"instock","13":"taxable","14":"shipping-taxable","15":"purchasable","16":"product-type-simple"},"df_price":99.99,"df_sale_price":"","df_regular_price":99.99,"df_image_link":"https:\/\/www.speedcube.nl\/wp-content\/uploads\/2023\/06\/Productvisuals_Speedcubes-Diansheng-Galaxy-M-10x10-1-285x300.jpg","_links":{"self":[{"href":"https:\/\/www.speedcube.nl\/de\/wp-json\/wp\/v2\/product\/425155","targetHints":{"allow":["GET"]}}],"collection":[{"href":"https:\/\/www.speedcube.nl\/de\/wp-json\/wp\/v2\/product"}],"about":[{"href":"https:\/\/www.speedcube.nl\/de\/wp-json\/wp\/v2\/types\/product"}],"version-history":[{"count":1,"href":"https:\/\/www.speedcube.nl\/de\/wp-json\/wp\/v2\/product\/425155\/revisions"}],"predecessor-version":[{"id":520755,"href":"https:\/\/www.speedcube.nl\/de\/wp-json\/wp\/v2\/product\/425155\/revisions\/520755"}],"wp:featuredmedia":[{"embeddable":true,"href":"https:\/\/www.speedcube.nl\/de\/wp-json\/wp\/v2\/media\/406254"}],"wp:attachment":[{"href":"https:\/\/www.speedcube.nl\/de\/wp-json\/wp\/v2\/media?parent=425155"}],"wp:term":[{"taxonomy":"product_brand","embeddable":true,"href":"https:\/\/www.speedcube.nl\/de\/wp-json\/wp\/v2\/product_brand?post=425155"},{"taxonomy":"product_cat","embeddable":true,"href":"https:\/\/www.speedcube.nl\/de\/wp-json\/wp\/v2\/product_cat?post=425155"},{"taxonomy":"product_tag","embeddable":true,"href":"https:\/\/www.speedcube.nl\/de\/wp-json\/wp\/v2\/product_tag?post=425155"}],"curies":[{"name":"wp","href":"https:\/\/api.w.org\/{rel}","templated":true}]}}