{"id":425142,"date":"2022-10-18T21:10:37","date_gmt":"2022-10-18T19:10:37","guid":{"rendered":"https:\/\/www.speedcube.nl\/unkategorisiert\/yj-tianyuan-wuerfel-buendel\/"},"modified":"2026-05-12T05:01:49","modified_gmt":"2026-05-12T03:01:49","slug":"yj-tianyuan-wuerfel-buendel","status":"publish","type":"product","link":"https:\/\/www.speedcube.nl\/de\/aanbieding-de\/yj-tianyuan-wuerfel-buendel\/","title":{"rendered":"YJ TianYuan W\u00fcrfel B\u00fcndel"},"content":{"rendered":"<p>YJ TianYuan hat eine neue Serie von lustigen, relativ einfachen Puzzles, an denen jeder Spa\u00df haben kann! Jeder W\u00fcrfel wird durch das Verschieben der mittleren Figur gel\u00f6st, aber einige Versionen haben einen zus\u00e4tzlichen Dreh, wie z.B. das L\u00f6sen der Ecke oder der inneren Figur. Dieses Paket enth\u00e4lt den YJ TianYuan Cube V1, den YJ TianYuan Cube V2 und den YJ TianYuan Cube V3.<\/p>\n","protected":false},"excerpt":{"rendered":"<p>YJ<\/p>\n","protected":false},"featured_media":406066,"template":"","meta":{"_improvement_type_select":"improve_an_existing","_thumb_yes_seoaic":false,"_frame_yes_seoaic":false,"seoaic_generate_description":"","seoaic_improve_instructions_prompt":"","seoaic_rollback_content_improvement":"","seoaic_idea_thumbnail_generator":"","thumbnail_generated":false,"thumbnail_generate_prompt":"","seoaic_article_description":"","product-afmeting-lengte-mm":"","product-afmeting-breedte-mm":"","product-afmeting-hoogte-mm":""},"product_brand":[],"product_cat":[2558,2174,1211],"product_tag":[],"class_list":{"0":"post-425142","1":"product","2":"type-product","3":"status-publish","4":"has-post-thumbnail","6":"product_cat-aanbieding-de","7":"product_cat-yj-de","8":"product_cat-speedcube-de","9":"pa_merken-yj-de","11":"first","12":"instock","13":"sale","14":"taxable","15":"shipping-taxable","16":"purchasable","17":"product-type-simple"},"df_price":8.39,"df_sale_price":8.39,"df_regular_price":13.99,"df_image_link":"https:\/\/www.speedcube.nl\/wp-content\/uploads\/2023\/06\/Productvisuals_Speedcubes-YJ-TianYuan-Cubes-Bundle-285x300.jpg","_links":{"self":[{"href":"https:\/\/www.speedcube.nl\/de\/wp-json\/wp\/v2\/product\/425142","targetHints":{"allow":["GET"]}}],"collection":[{"href":"https:\/\/www.speedcube.nl\/de\/wp-json\/wp\/v2\/product"}],"about":[{"href":"https:\/\/www.speedcube.nl\/de\/wp-json\/wp\/v2\/types\/product"}],"version-history":[{"count":0,"href":"https:\/\/www.speedcube.nl\/de\/wp-json\/wp\/v2\/product\/425142\/revisions"}],"wp:featuredmedia":[{"embeddable":true,"href":"https:\/\/www.speedcube.nl\/de\/wp-json\/wp\/v2\/media\/406066"}],"wp:attachment":[{"href":"https:\/\/www.speedcube.nl\/de\/wp-json\/wp\/v2\/media?parent=425142"}],"wp:term":[{"taxonomy":"product_brand","embeddable":true,"href":"https:\/\/www.speedcube.nl\/de\/wp-json\/wp\/v2\/product_brand?post=425142"},{"taxonomy":"product_cat","embeddable":true,"href":"https:\/\/www.speedcube.nl\/de\/wp-json\/wp\/v2\/product_cat?post=425142"},{"taxonomy":"product_tag","embeddable":true,"href":"https:\/\/www.speedcube.nl\/de\/wp-json\/wp\/v2\/product_tag?post=425142"}],"curies":[{"name":"wp","href":"https:\/\/api.w.org\/{rel}","templated":true}]}}