{"id":425101,"date":"2022-11-20T20:56:03","date_gmt":"2022-11-20T19:56:03","guid":{"rendered":"https:\/\/www.speedcube.nl\/unkategorisiert\/zyklon-jungen-metallic-2x2\/"},"modified":"2026-04-17T05:15:33","modified_gmt":"2026-04-17T03:15:33","slug":"zyklon-jungen-metallic-2x2","status":"publish","type":"product","link":"https:\/\/www.speedcube.nl\/de\/speedcube-de\/zyklon-jungen\/zyklon-jungen-metallic-2x2\/","title":{"rendered":"Zyklon Jungen Metallic 2&#215;2"},"content":{"rendered":"<p>Der Cyclone Boys Metallic 2&#215;2 ist ein wundersch\u00f6ner 2&#215;2-W\u00fcrfel mit einem stilvollen Finish. Dieser W\u00fcrfel hat eine gl\u00e4nzende\/metallische Oberfl\u00e4che auf der Au\u00dfenseite, die ihm ein gespiegeltes Aussehen verleiht. Dieser 2&#215;2 Metallic Speedcube ist in 2 Versionen erh\u00e4ltlich: die Standard- und die magnetische Version. Der Cyclone Boys Metallic hat einen starken magnetischen Charakter. Welches ist Ihnen lieber?<\/p>\n","protected":false},"excerpt":{"rendered":"<p>CYCLONE BOYS<\/p>\n","protected":false},"featured_media":407188,"template":"","meta":{"_improvement_type_select":"improve_an_existing","_thumb_yes_seoaic":false,"_frame_yes_seoaic":false,"seoaic_generate_description":"","seoaic_improve_instructions_prompt":"","seoaic_rollback_content_improvement":"","seoaic_idea_thumbnail_generator":"","thumbnail_generated":false,"thumbnail_generate_prompt":"","seoaic_article_description":"","product-afmeting-lengte-mm":"","product-afmeting-breedte-mm":"","product-afmeting-hoogte-mm":""},"product_brand":[],"product_cat":[1267,1796,1211,1863],"product_tag":[],"class_list":{"0":"post-425101","1":"product","2":"type-product","3":"status-publish","4":"has-post-thumbnail","6":"product_cat-2x2-de","7":"product_cat-metallisch","8":"product_cat-speedcube-de","9":"product_cat-zyklon-jungen","10":"pa_merken-cyclone-boy-de","12":"first","13":"instock","14":"taxable","15":"shipping-taxable","16":"purchasable","17":"product-type-variable"},"df_price":12.99,"df_sale_price":"","df_regular_price":12.99,"df_image_link":"https:\/\/www.speedcube.nl\/wp-content\/uploads\/2023\/06\/Productvisuals_Speedcubes-Cyclone-boys-Metallic-2x2-1-285x300.jpg","_links":{"self":[{"href":"https:\/\/www.speedcube.nl\/de\/wp-json\/wp\/v2\/product\/425101","targetHints":{"allow":["GET"]}}],"collection":[{"href":"https:\/\/www.speedcube.nl\/de\/wp-json\/wp\/v2\/product"}],"about":[{"href":"https:\/\/www.speedcube.nl\/de\/wp-json\/wp\/v2\/types\/product"}],"version-history":[{"count":0,"href":"https:\/\/www.speedcube.nl\/de\/wp-json\/wp\/v2\/product\/425101\/revisions"}],"wp:featuredmedia":[{"embeddable":true,"href":"https:\/\/www.speedcube.nl\/de\/wp-json\/wp\/v2\/media\/407188"}],"wp:attachment":[{"href":"https:\/\/www.speedcube.nl\/de\/wp-json\/wp\/v2\/media?parent=425101"}],"wp:term":[{"taxonomy":"product_brand","embeddable":true,"href":"https:\/\/www.speedcube.nl\/de\/wp-json\/wp\/v2\/product_brand?post=425101"},{"taxonomy":"product_cat","embeddable":true,"href":"https:\/\/www.speedcube.nl\/de\/wp-json\/wp\/v2\/product_cat?post=425101"},{"taxonomy":"product_tag","embeddable":true,"href":"https:\/\/www.speedcube.nl\/de\/wp-json\/wp\/v2\/product_tag?post=425101"}],"curies":[{"name":"wp","href":"https:\/\/api.w.org\/{rel}","templated":true}]}}