{"id":425084,"date":"2022-11-18T07:16:06","date_gmt":"2022-11-18T06:16:06","guid":{"rendered":"https:\/\/www.speedcube.nl\/unkategorisiert\/robotime-miniaturhaus-moses-detektivbuero-dg157\/"},"modified":"2026-04-30T05:12:13","modified_gmt":"2026-04-30T03:12:13","slug":"robotime-miniaturhaus-moses-detektivbuero-dg157","status":"publish","type":"product","link":"https:\/\/www.speedcube.nl\/de\/aanbieding-de\/robotime-miniaturhaus-moses-detektivbuero-dg157\/","title":{"rendered":"Robotime Miniaturhaus Mose&#8217;s Detektivb\u00fcro DG157"},"content":{"rendered":"<p>Es ist sp\u00e4t in der Nacht, eine bekannte Pers\u00f6nlichkeit ermittelt noch immer in dem Fall Die Detektei Moss wird die Schuldigen \u00fcberf\u00fchren! Dieses Miniaturhaus ist Teil der Mystic Archives Serie von Rolife Robotime. Dieses Mal pr\u00e4sentieren wir&#8230; die Detektei von Sherlock Holmes, \u00e4h, na ja, von Mose, aber der h\u00e4lt sich f\u00fcr Sherlock! Das macht einfach zu viel Spa\u00df. Die Details sind wieder wundervoll. Sherlock ist eine Zeit lang unterwegs und hat in seinem chaotischen Leben wieder alles M\u00f6gliche vergessen. Er hat seinen Burberry-Hut und seine Krawatte vergessen. Er wird nicht wissen, wie sp\u00e4t es ist, denn seine Taschenuhr liegt noch auf dem antiken Schreibtisch. Er wird auch nicht in der Lage sein, einen Fingerabdruck zu sehen, da sich seine Lupe noch im Inneren befindet. Er wird sicher bald wiederkommen, denn er hat seine Hinweise an der Pinnwand mit F\u00e4den verbunden, um Verbindungen herzustellen. Auf seiner antiken &#8222;Schreibmaschine&#8220; wird er seinen Bericht tippen und wahrscheinlich wieder schimpfen, wenn sein Retro-Telefon klingelt.<\/p>\n<p>Dieser Modellbausatz enth\u00e4lt auch einige Kunststoffteile, die jedoch gr\u00f6\u00dftenteils aus haltbaren Materialien bestehen. Schlie\u00dflich ist Holz die Zukunft. Bei diesem Bastelset muss nicht ges\u00e4gt oder gemalt werden. Die Teile werden in T\u00fcten sortiert oder Sie drucken sie selbst aus lasergeschnittenen B\u00f6gen aus. Anschlie\u00dfend kleben Sie sie mit dem von uns bereitgestellten Kleber zusammen. Gegebenenfalls werden Ihnen auch Werkzeuge zur Verf\u00fcgung gestellt. Sie bringen nat\u00fcrlich Ihre eigene Schere mit, und wir sorgen f\u00fcr das niedliche kleine LED-Licht.<\/p>\n<p>Anzahl der St\u00fccke: 159<br \/>\nMa\u00dfstab: 1:20<br \/>\nMontagezeit: \u00b1 10 Stunden<br \/>\nMaterial: Holz<br \/>\nAlter: 12+<br \/>\nProdukt in mm: 200 x 138 x 220<\/p>\n","protected":false},"excerpt":{"rendered":"<p>ROBOTIME<\/p>\n","protected":false},"featured_media":407004,"template":"","meta":{"_improvement_type_select":"improve_an_existing","_thumb_yes_seoaic":false,"_frame_yes_seoaic":false,"seoaic_generate_description":"","seoaic_improve_instructions_prompt":"","seoaic_rollback_content_improvement":"","seoaic_idea_thumbnail_generator":"","thumbnail_generated":false,"thumbnail_generate_prompt":"","seoaic_article_description":"","product-afmeting-lengte-mm":"","product-afmeting-breedte-mm":"","product-afmeting-hoogte-mm":""},"product_brand":[],"product_cat":[1499,1619,2558],"product_tag":[],"class_list":{"0":"post-425084","1":"product","2":"type-product","3":"status-publish","4":"has-post-thumbnail","6":"product_cat-modellbau","7":"product_cat-robotime-de","8":"product_cat-aanbieding-de","9":"pa_merken-robotime-de","11":"first","12":"instock","13":"sale","14":"taxable","15":"shipping-taxable","16":"purchasable","17":"product-type-simple"},"df_price":29.99,"df_sale_price":29.99,"df_regular_price":39.99,"df_image_link":"https:\/\/www.speedcube.nl\/wp-content\/uploads\/2023\/06\/Productvisuals_Modelbouw-Robotime-Miniatuur-Huisje-Moses-Detective-Agency-DG157-285x300.jpg","_links":{"self":[{"href":"https:\/\/www.speedcube.nl\/de\/wp-json\/wp\/v2\/product\/425084","targetHints":{"allow":["GET"]}}],"collection":[{"href":"https:\/\/www.speedcube.nl\/de\/wp-json\/wp\/v2\/product"}],"about":[{"href":"https:\/\/www.speedcube.nl\/de\/wp-json\/wp\/v2\/types\/product"}],"version-history":[{"count":0,"href":"https:\/\/www.speedcube.nl\/de\/wp-json\/wp\/v2\/product\/425084\/revisions"}],"wp:featuredmedia":[{"embeddable":true,"href":"https:\/\/www.speedcube.nl\/de\/wp-json\/wp\/v2\/media\/407004"}],"wp:attachment":[{"href":"https:\/\/www.speedcube.nl\/de\/wp-json\/wp\/v2\/media?parent=425084"}],"wp:term":[{"taxonomy":"product_brand","embeddable":true,"href":"https:\/\/www.speedcube.nl\/de\/wp-json\/wp\/v2\/product_brand?post=425084"},{"taxonomy":"product_cat","embeddable":true,"href":"https:\/\/www.speedcube.nl\/de\/wp-json\/wp\/v2\/product_cat?post=425084"},{"taxonomy":"product_tag","embeddable":true,"href":"https:\/\/www.speedcube.nl\/de\/wp-json\/wp\/v2\/product_tag?post=425084"}],"curies":[{"name":"wp","href":"https:\/\/api.w.org\/{rel}","templated":true}]}}