{"id":425077,"date":"2022-11-28T11:27:03","date_gmt":"2022-11-28T10:27:03","guid":{"rendered":"https:\/\/www.speedcube.nl\/unkategorisiert\/suessigkeiten-kendama-daniel-robinson\/"},"modified":"2026-05-10T05:04:57","modified_gmt":"2026-05-10T03:04:57","slug":"suessigkeiten-kendama-daniel-robinson","status":"publish","type":"product","link":"https:\/\/www.speedcube.nl\/de\/yo-yos\/susigkeiten-kendamas\/suessigkeiten-kendama-daniel-robinson\/","title":{"rendered":"S\u00fc\u00dfigkeiten Kendama Daniel Robinson"},"content":{"rendered":"<div class=\"QcsUad BDJ8fb BLojaf\" role=\"region\" aria-labelledby=\"ucj-5\">\n<div class=\"usGWQd\" aria-live=\"polite\">\n<div class=\"KkbLmb\">\n<div class=\"lRu31\">\n<div class=\"QcsUad BDJ8fb BLojaf\" role=\"region\" aria-labelledby=\"ucj-5\">\n<div class=\"usGWQd\" aria-live=\"polite\">\n<div class=\"KkbLmb\">\n<div class=\"lRu31\">\n<p>Dan ist einer der nettesten Kendama-Spieler, die Sie je treffen werden. Seine Offenheit und Bereitschaft, seine Liebe zum Kendama mit anderen zu teilen, ist der Grund, warum viele Ihrer Lieblingsprofis immer noch eine Leidenschaft f\u00fcr Kendama haben. Er ist immer innovativ mit seinen einzigartigen Tricks und wir k\u00f6nnten nicht gl\u00fccklicher sein, ihn im Legend Squad zu haben. Inklusive Metallperle, zus\u00e4tzlichen Schn\u00fcren und Aufklebern.<\/p>\n<\/div>\n<\/div>\n<\/div>\n<\/div>\n<p><span style=\"text-decoration: underline;\">Merkmale<br \/>\n<\/span>+ Ahorn<br \/>\n+ Individuelle Gravuren<br \/>\n+ Gleichgewichtsschr\u00e4ge in der Bodenschale<\/p>\n<\/div>\n<\/div>\n<\/div>\n<\/div>\n","protected":false},"excerpt":{"rendered":"<p>S\u00dcSSWAREN KENDAMAS<\/p>\n","protected":false},"featured_media":407478,"template":"","meta":{"_improvement_type_select":"improve_an_existing","_thumb_yes_seoaic":false,"_frame_yes_seoaic":false,"seoaic_generate_description":"","seoaic_improve_instructions_prompt":"","seoaic_rollback_content_improvement":"","seoaic_idea_thumbnail_generator":"","thumbnail_generated":false,"thumbnail_generate_prompt":"","seoaic_article_description":"","product-afmeting-lengte-mm":"","product-afmeting-breedte-mm":"","product-afmeting-hoogte-mm":""},"product_brand":[],"product_cat":[1975,2425,1238],"product_tag":[],"class_list":{"0":"post-425077","1":"product","2":"type-product","3":"status-publish","4":"has-post-thumbnail","6":"product_cat-kendama-de","7":"product_cat-susigkeiten-kendamas","8":"product_cat-yo-yos","9":"pa_merken-susswaren-kendamas","11":"first","12":"outofstock","13":"taxable","14":"shipping-taxable","15":"purchasable","16":"product-type-simple"},"df_price":39.99,"df_sale_price":"","df_regular_price":39.99,"df_image_link":"https:\/\/www.speedcube.nl\/wp-content\/uploads\/2023\/06\/Productvisuals_Sweets-Kendamas-Daniel-Robinson-285x300.jpg","_links":{"self":[{"href":"https:\/\/www.speedcube.nl\/de\/wp-json\/wp\/v2\/product\/425077","targetHints":{"allow":["GET"]}}],"collection":[{"href":"https:\/\/www.speedcube.nl\/de\/wp-json\/wp\/v2\/product"}],"about":[{"href":"https:\/\/www.speedcube.nl\/de\/wp-json\/wp\/v2\/types\/product"}],"version-history":[{"count":0,"href":"https:\/\/www.speedcube.nl\/de\/wp-json\/wp\/v2\/product\/425077\/revisions"}],"wp:featuredmedia":[{"embeddable":true,"href":"https:\/\/www.speedcube.nl\/de\/wp-json\/wp\/v2\/media\/407478"}],"wp:attachment":[{"href":"https:\/\/www.speedcube.nl\/de\/wp-json\/wp\/v2\/media?parent=425077"}],"wp:term":[{"taxonomy":"product_brand","embeddable":true,"href":"https:\/\/www.speedcube.nl\/de\/wp-json\/wp\/v2\/product_brand?post=425077"},{"taxonomy":"product_cat","embeddable":true,"href":"https:\/\/www.speedcube.nl\/de\/wp-json\/wp\/v2\/product_cat?post=425077"},{"taxonomy":"product_tag","embeddable":true,"href":"https:\/\/www.speedcube.nl\/de\/wp-json\/wp\/v2\/product_tag?post=425077"}],"curies":[{"name":"wp","href":"https:\/\/api.w.org\/{rel}","templated":true}]}}