{"id":425068,"date":"2022-11-28T11:22:17","date_gmt":"2022-11-28T10:22:17","guid":{"rendered":"https:\/\/www.speedcube.nl\/unkategorisiert\/suessigkeiten-kendama-christian-fraser-synthwave\/"},"modified":"2026-05-13T05:11:29","modified_gmt":"2026-05-13T03:11:29","slug":"suessigkeiten-kendama-christian-fraser-synthwave","status":"publish","type":"product","link":"https:\/\/www.speedcube.nl\/de\/yo-yos\/susigkeiten-kendamas\/suessigkeiten-kendama-christian-fraser-synthwave\/","title":{"rendered":"S\u00fc\u00dfigkeiten Kendama Christian Fraser Synthwave"},"content":{"rendered":"<div class=\"QcsUad BDJ8fb BLojaf\" role=\"region\" aria-labelledby=\"ucj-5\">\n<div class=\"usGWQd\" aria-live=\"polite\">\n<div class=\"KkbLmb\">\n<div class=\"lRu31\">\n<div class=\"QcsUad BDJ8fb BLojaf\" role=\"region\" aria-labelledby=\"ucj-5\">\n<div class=\"usGWQd\" aria-live=\"polite\">\n<div class=\"KkbLmb\">\n<div class=\"lRu31\">\n<p>Hier kommt das neue Kendama von Christian Fraser: das SYNTHWAVE. Christian hat sich bei diesem Projekt richtig ins Zeug gelegt und wir sind begeistert, wie dieses Kendama geworden ist! Werfen Sie einen Blick darauf und machen Sie sich bereit, sich der Welle anzuschlie\u00dfen. Inklusive Metallperle, zus\u00e4tzlichen Schn\u00fcren und Aufklebern.<\/p>\n<\/div>\n<\/div>\n<\/div>\n<\/div>\n<p><span style=\"text-decoration: underline;\">Eigenschaften<br \/>\n<\/span>+ Ahorn- und Buchenholz<br \/>\n+ Individuelle Gravuren<br \/>\n+ Keine Ausgleichsschr\u00e4ge in der Bodenschale<br \/>\n+ Blaues Gebirgsgitter untere 30%<\/p>\n<\/div>\n<\/div>\n<\/div>\n<\/div>\n","protected":false},"excerpt":{"rendered":"<p>S\u00dcSSWAREN KENDAMAS<\/p>\n","protected":false},"featured_media":407462,"template":"","meta":{"_improvement_type_select":"improve_an_existing","_thumb_yes_seoaic":false,"_frame_yes_seoaic":false,"seoaic_generate_description":"","seoaic_improve_instructions_prompt":"","seoaic_rollback_content_improvement":"","seoaic_idea_thumbnail_generator":"","thumbnail_generated":false,"thumbnail_generate_prompt":"","seoaic_article_description":"","product-afmeting-lengte-mm":"","product-afmeting-breedte-mm":"","product-afmeting-hoogte-mm":""},"product_brand":[],"product_cat":[1975,2425,1238],"product_tag":[],"class_list":{"0":"post-425068","1":"product","2":"type-product","3":"status-publish","4":"has-post-thumbnail","6":"product_cat-kendama-de","7":"product_cat-susigkeiten-kendamas","8":"product_cat-yo-yos","9":"pa_merken-susswaren-kendamas","11":"first","12":"outofstock","13":"taxable","14":"shipping-taxable","15":"purchasable","16":"product-type-simple"},"df_price":39.99,"df_sale_price":"","df_regular_price":39.99,"df_image_link":"https:\/\/www.speedcube.nl\/wp-content\/uploads\/2023\/06\/Productvisuals_Sweets-Kendamas-C.-Fraser-Synthwave-285x300.jpg","_links":{"self":[{"href":"https:\/\/www.speedcube.nl\/de\/wp-json\/wp\/v2\/product\/425068","targetHints":{"allow":["GET"]}}],"collection":[{"href":"https:\/\/www.speedcube.nl\/de\/wp-json\/wp\/v2\/product"}],"about":[{"href":"https:\/\/www.speedcube.nl\/de\/wp-json\/wp\/v2\/types\/product"}],"version-history":[{"count":0,"href":"https:\/\/www.speedcube.nl\/de\/wp-json\/wp\/v2\/product\/425068\/revisions"}],"wp:featuredmedia":[{"embeddable":true,"href":"https:\/\/www.speedcube.nl\/de\/wp-json\/wp\/v2\/media\/407462"}],"wp:attachment":[{"href":"https:\/\/www.speedcube.nl\/de\/wp-json\/wp\/v2\/media?parent=425068"}],"wp:term":[{"taxonomy":"product_brand","embeddable":true,"href":"https:\/\/www.speedcube.nl\/de\/wp-json\/wp\/v2\/product_brand?post=425068"},{"taxonomy":"product_cat","embeddable":true,"href":"https:\/\/www.speedcube.nl\/de\/wp-json\/wp\/v2\/product_cat?post=425068"},{"taxonomy":"product_tag","embeddable":true,"href":"https:\/\/www.speedcube.nl\/de\/wp-json\/wp\/v2\/product_tag?post=425068"}],"curies":[{"name":"wp","href":"https:\/\/api.w.org\/{rel}","templated":true}]}}