{"id":425063,"date":"2022-12-12T13:07:17","date_gmt":"2022-12-12T12:07:17","guid":{"rendered":"https:\/\/www.speedcube.nl\/unkategorisiert\/unidragon-woosaic-flughafen-stadt\/"},"modified":"2026-04-29T05:04:29","modified_gmt":"2026-04-29T03:04:29","slug":"unidragon-woosaic-flughafen-stadt","status":"publish","type":"product","link":"https:\/\/www.speedcube.nl\/de\/aanbieding-de\/unidragon-woosaic-flughafen-stadt\/","title":{"rendered":"Unidragon Woosaic Flughafen Stadt"},"content":{"rendered":"<p>Liebe Passagiere, hier spricht der Kapit\u00e4n des WOOSAIC-Flugzeugs. Das Wetter ist herrlich und wir fahren in 10 Minuten los. Helfen Sie Ihren Freunden, den Weg zum Gep\u00e4ckband zu finden, und vergessen Sie nicht, Ihr Gep\u00e4ck aufzugeben. Die Reise verspricht, sehr interessant zu werden. Nehmen Sie Ihr Kind mit auf einen Ausflug, den Sie bequem von zu Hause aus unternehmen k\u00f6nnen. Entdecke das Leben in der Gro\u00dfstadt mit WOOSAIC CITY Puzzles. Ob in der U-Bahn, an einer belebten Kreuzung oder am Himmel \u00fcber dem Flughafen &#8211; das Abenteuer ist \u00fcberall. Begegnen Sie den Hunderten von Charakteren in farbenfrohen Illustrationen und helfen Sie ihnen, ihren Alltag zu bew\u00e4ltigen.<\/p>\n<p>Das Set enth\u00e4lt einzigartige Teile, darunter die Einwohner der Stadt, ihre Haustiere, Fahrzeuge und vieles mehr. Erfinde deine eigenen Geschichten, indem du eine bunte Illustration zusammenstellst, Aufgaben erf\u00fcllst und mit Puzzleteilen spielst.<\/p>\n<p>SPEZIFIKATIONEN<br \/>\nAnzahl der St\u00fccke: 100<br \/>\nGr\u00f6\u00dfe des Puzzles: 297 x 210x 3 mm<br \/>\nVerpackung: 158 \u0445 112 \u0445 55 mm<\/p>\n","protected":false},"excerpt":{"rendered":"<p>UNIDRAGON<\/p>\n","protected":false},"featured_media":407761,"template":"","meta":{"_improvement_type_select":"improve_an_existing","_thumb_yes_seoaic":false,"_frame_yes_seoaic":false,"seoaic_generate_description":"","seoaic_improve_instructions_prompt":"","seoaic_rollback_content_improvement":"","seoaic_idea_thumbnail_generator":"","thumbnail_generated":false,"thumbnail_generate_prompt":"","seoaic_article_description":"","product-afmeting-lengte-mm":"","product-afmeting-breedte-mm":"","product-afmeting-hoogte-mm":""},"product_brand":[],"product_cat":[1613,1624,2558],"product_tag":[],"class_list":{"0":"post-425063","1":"product","2":"type-product","3":"status-publish","4":"has-post-thumbnail","6":"product_cat-ratsel-de","7":"product_cat-unidragon-de","8":"product_cat-aanbieding-de","9":"pa_merken-unidragon-de","11":"first","12":"instock","13":"sale","14":"taxable","15":"shipping-taxable","16":"purchasable","17":"product-type-simple"},"df_price":12.5,"df_sale_price":12.5,"df_regular_price":24.99,"df_image_link":"https:\/\/www.speedcube.nl\/wp-content\/uploads\/2023\/06\/Productvisuals_Puzzels-UNIDRAGON-Airport-City-285x300.jpg","_links":{"self":[{"href":"https:\/\/www.speedcube.nl\/de\/wp-json\/wp\/v2\/product\/425063","targetHints":{"allow":["GET"]}}],"collection":[{"href":"https:\/\/www.speedcube.nl\/de\/wp-json\/wp\/v2\/product"}],"about":[{"href":"https:\/\/www.speedcube.nl\/de\/wp-json\/wp\/v2\/types\/product"}],"version-history":[{"count":0,"href":"https:\/\/www.speedcube.nl\/de\/wp-json\/wp\/v2\/product\/425063\/revisions"}],"wp:featuredmedia":[{"embeddable":true,"href":"https:\/\/www.speedcube.nl\/de\/wp-json\/wp\/v2\/media\/407761"}],"wp:attachment":[{"href":"https:\/\/www.speedcube.nl\/de\/wp-json\/wp\/v2\/media?parent=425063"}],"wp:term":[{"taxonomy":"product_brand","embeddable":true,"href":"https:\/\/www.speedcube.nl\/de\/wp-json\/wp\/v2\/product_brand?post=425063"},{"taxonomy":"product_cat","embeddable":true,"href":"https:\/\/www.speedcube.nl\/de\/wp-json\/wp\/v2\/product_cat?post=425063"},{"taxonomy":"product_tag","embeddable":true,"href":"https:\/\/www.speedcube.nl\/de\/wp-json\/wp\/v2\/product_tag?post=425063"}],"curies":[{"name":"wp","href":"https:\/\/api.w.org\/{rel}","templated":true}]}}