{"id":425048,"date":"2022-12-12T12:31:57","date_gmt":"2022-12-12T11:31:57","guid":{"rendered":"https:\/\/www.speedcube.nl\/unkategorisiert\/ein-drachen-mandala-spiral-inkarnation\/"},"modified":"2026-05-10T05:07:02","modified_gmt":"2026-05-10T03:07:02","slug":"ein-drachen-mandala-spiral-inkarnation","status":"publish","type":"product","link":"https:\/\/www.speedcube.nl\/de\/ratsel-de\/sammlung\/ein-drachen-mandala-spiral-inkarnation\/","title":{"rendered":"Ein-Drachen-Mandala-Spiral-Inkarnation"},"content":{"rendered":"<p>Das Leben ist ein endloser Kreislauf, und neue Ziele sind immer ein neuer Anfang. Das urspr\u00fcngliche Feuer wird vom Atem des Ozeans verschluckt und zerschellt an den Felsen, um den ewigen Strudel wieder in Gang zu setzen. Das Spiral-Inkarnations-Mandala ist die Verk\u00f6rperung dieser unendlichen Geschichte. Die St\u00fccke wiederholen die Form einer hei\u00dfen Flamme, von kaltem Wasser und festem Gestein und geben Ihnen Zeit, dar\u00fcber nachzudenken, wie wir durch das Leben gehen, was vor uns war und was nach uns kommt. Die Farben des Puzzles erg\u00e4nzen das Konzept und die flie\u00dfenden Farbverl\u00e4ufe veranschaulichen, wie das eine in das andere \u00fcbergeht. Sie symbolisieren die Verflechtung aller Dinge im Leben.<\/p>\n<p>Die R\u00e4tsel der Mandala-Reihe verbinden Meditation und Farbtherapie und erm\u00f6glichen es Ihnen, in den abstrakten Raum der Gedanken einzutauchen und dabei Ihrem wahren Selbst zu begegnen. Nehmen Sie sich Zeit, atmen Sie durch und bauen Sie das Mandala.<\/p>\n<p>Die Puzzles sind aus 3 mm starkem, gepresstem HDF gefertigt. Dieses Material ist umweltfreundlich, hochwertig und langlebig. Wenn du mit dem Zusammensetzen fertig bist, darfst du das Puzzle nicht zur\u00fcck in den Schrank legen. Verwenden Sie es als Innendekoration! Zu diesem Zweck wurde ein spezielles Klebesystem entwickelt, mit dem das Puzzle zusammengesetzt und an die Wand geklebt wird.<\/p>\n<p>MEDIUM<br \/>\nAnzahl der St\u00fccke: 200<br \/>\nGr\u00f6\u00dfe des Puzzles: 250 x 250 mm<br \/>\nVerpackung: 159 x 159 x 43 mm<\/p>\n<p>KING SIZE<br \/>\nAnzahl der St\u00fccke: 350<br \/>\nGr\u00f6\u00dfe des Puzzles: 330 x 330 mm<br \/>\nVerpackung: 199 x 199 \u0445 53 mm<\/p>\n<p>K\u00d6NIGLICHE GR\u00d6SSE<br \/>\nAnzahl der St\u00fccke: 700<br \/>\nGr\u00f6\u00dfe des Puzzles: 450 x 450 mm<br \/>\nVerpackung: 242 x 242 \u0445 53 mm<\/p>\n","protected":false},"excerpt":{"rendered":"<p>UNIDRAGON<\/p>\n","protected":false},"featured_media":407652,"template":"","meta":{"_improvement_type_select":"improve_an_existing","_thumb_yes_seoaic":false,"_frame_yes_seoaic":false,"seoaic_generate_description":"","seoaic_improve_instructions_prompt":"","seoaic_rollback_content_improvement":"","seoaic_idea_thumbnail_generator":"","thumbnail_generated":false,"thumbnail_generate_prompt":"","seoaic_article_description":"","product-afmeting-lengte-mm":"","product-afmeting-breedte-mm":"","product-afmeting-hoogte-mm":""},"product_brand":[],"product_cat":[1621,1618,1620,2228,1616,2109,1613,2418,1624],"product_tag":[],"class_list":{"0":"post-425048","1":"product","2":"type-product","3":"status-publish","4":"has-post-thumbnail","6":"product_cat-besondere-ratsel","7":"product_cat-holzerne-puzzles","8":"product_cat-jigsaw-puzzles","9":"product_cat-mandala-puzzle","10":"product_cat-puzzle-0-499-teile","11":"product_cat-puzzle-500-999-teile","12":"product_cat-ratsel-de","13":"product_cat-sammlung","14":"product_cat-unidragon-de","15":"pa_merken-unidragon-de","17":"first","18":"outofstock","19":"sale","20":"taxable","21":"shipping-taxable","22":"purchasable","23":"product-type-variable"},"df_price":24.98,"df_sale_price":"","df_regular_price":24.98,"df_image_link":"https:\/\/www.speedcube.nl\/wp-content\/uploads\/2023\/06\/Productvisuals_Puzzels-UNIDRAGON-Mandala-Spiral-Incarnation-285x300.jpg","_links":{"self":[{"href":"https:\/\/www.speedcube.nl\/de\/wp-json\/wp\/v2\/product\/425048","targetHints":{"allow":["GET"]}}],"collection":[{"href":"https:\/\/www.speedcube.nl\/de\/wp-json\/wp\/v2\/product"}],"about":[{"href":"https:\/\/www.speedcube.nl\/de\/wp-json\/wp\/v2\/types\/product"}],"version-history":[{"count":0,"href":"https:\/\/www.speedcube.nl\/de\/wp-json\/wp\/v2\/product\/425048\/revisions"}],"wp:featuredmedia":[{"embeddable":true,"href":"https:\/\/www.speedcube.nl\/de\/wp-json\/wp\/v2\/media\/407652"}],"wp:attachment":[{"href":"https:\/\/www.speedcube.nl\/de\/wp-json\/wp\/v2\/media?parent=425048"}],"wp:term":[{"taxonomy":"product_brand","embeddable":true,"href":"https:\/\/www.speedcube.nl\/de\/wp-json\/wp\/v2\/product_brand?post=425048"},{"taxonomy":"product_cat","embeddable":true,"href":"https:\/\/www.speedcube.nl\/de\/wp-json\/wp\/v2\/product_cat?post=425048"},{"taxonomy":"product_tag","embeddable":true,"href":"https:\/\/www.speedcube.nl\/de\/wp-json\/wp\/v2\/product_tag?post=425048"}],"curies":[{"name":"wp","href":"https:\/\/api.w.org\/{rel}","templated":true}]}}