{"id":425039,"date":"2022-12-12T13:32:10","date_gmt":"2022-12-12T12:32:10","guid":{"rendered":"https:\/\/www.speedcube.nl\/unkategorisiert\/unidragon-woosaic-hengst-gt\/"},"modified":"2026-05-04T05:19:22","modified_gmt":"2026-05-04T03:19:22","slug":"unidragon-woosaic-hengst-gt","status":"publish","type":"product","link":"https:\/\/www.speedcube.nl\/de\/aanbieding-de\/unidragon-woosaic-hengst-gt\/","title":{"rendered":"Unidragon Woosaic Hengst GT"},"content":{"rendered":"<p>Muscle Cars sind die K\u00f6nige der Stra\u00dfe, die Verk\u00f6rperung von Geschwindigkeit und Kraft. Ein Bild, das jeder Mann aus seiner Kindheit kennt. Es ist ein Geschenk, mit dem man die Legende ber\u00fchren kann. Verwandeln Sie Ihren Schreibtisch in eine erstklassige Garage mit dem Sporty Stallion. Bauen Sie ein detailliertes Modell eines Kultfahrzeugs. F\u00fcr dieses Paket wird kein Klebstoff ben\u00f6tigt! Die Komponenten sind aus strapazierf\u00e4higem HDF gefertigt und haben eine klare, dauerhafte Beschichtung, die Sie mit ihrer Qualit\u00e4t und Zuverl\u00e4ssigkeit \u00fcberraschen wird. Alle Teile passen perfekt zusammen.<\/p>\n<p>SPEZIFIKATIONEN<br \/>\nAnzahl der St\u00fccke: 248<br \/>\nGr\u00f6\u00dfe des Puzzles: 250 x 120 x 40 mm<br \/>\nMontagezeit: \u00b1 2 Stunden<\/p>\n","protected":false},"excerpt":{"rendered":"<p>UNIDRAGON<\/p>\n","protected":false},"featured_media":407801,"template":"","meta":{"_improvement_type_select":"improve_an_existing","_thumb_yes_seoaic":false,"_frame_yes_seoaic":false,"seoaic_generate_description":"","seoaic_improve_instructions_prompt":"","seoaic_rollback_content_improvement":"","seoaic_idea_thumbnail_generator":"","thumbnail_generated":false,"thumbnail_generate_prompt":"","seoaic_article_description":"","product-afmeting-lengte-mm":"","product-afmeting-breedte-mm":"","product-afmeting-hoogte-mm":""},"product_brand":[],"product_cat":[1613,1624,2558],"product_tag":[],"class_list":{"0":"post-425039","1":"product","2":"type-product","3":"status-publish","4":"has-post-thumbnail","6":"product_cat-ratsel-de","7":"product_cat-unidragon-de","8":"product_cat-aanbieding-de","9":"pa_merken-unidragon-de","11":"first","12":"instock","13":"sale","14":"taxable","15":"shipping-taxable","16":"purchasable","17":"product-type-variable"},"df_price":20,"df_sale_price":"","df_regular_price":20,"df_image_link":"https:\/\/www.speedcube.nl\/wp-content\/uploads\/2023\/06\/Productvisuals_Puzzels-UNIDRAGON-Stallion-GT-Yellow-285x300.jpg","_links":{"self":[{"href":"https:\/\/www.speedcube.nl\/de\/wp-json\/wp\/v2\/product\/425039","targetHints":{"allow":["GET"]}}],"collection":[{"href":"https:\/\/www.speedcube.nl\/de\/wp-json\/wp\/v2\/product"}],"about":[{"href":"https:\/\/www.speedcube.nl\/de\/wp-json\/wp\/v2\/types\/product"}],"version-history":[{"count":0,"href":"https:\/\/www.speedcube.nl\/de\/wp-json\/wp\/v2\/product\/425039\/revisions"}],"wp:featuredmedia":[{"embeddable":true,"href":"https:\/\/www.speedcube.nl\/de\/wp-json\/wp\/v2\/media\/407801"}],"wp:attachment":[{"href":"https:\/\/www.speedcube.nl\/de\/wp-json\/wp\/v2\/media?parent=425039"}],"wp:term":[{"taxonomy":"product_brand","embeddable":true,"href":"https:\/\/www.speedcube.nl\/de\/wp-json\/wp\/v2\/product_brand?post=425039"},{"taxonomy":"product_cat","embeddable":true,"href":"https:\/\/www.speedcube.nl\/de\/wp-json\/wp\/v2\/product_cat?post=425039"},{"taxonomy":"product_tag","embeddable":true,"href":"https:\/\/www.speedcube.nl\/de\/wp-json\/wp\/v2\/product_tag?post=425039"}],"curies":[{"name":"wp","href":"https:\/\/api.w.org\/{rel}","templated":true}]}}