{"id":425031,"date":"2023-01-02T14:42:44","date_gmt":"2023-01-02T13:42:44","guid":{"rendered":"https:\/\/www.speedcube.nl\/unkategorisiert\/yuxin-huanglong-pyraminx-5x5\/"},"modified":"2026-05-03T05:26:32","modified_gmt":"2026-05-03T03:26:32","slug":"yuxin-huanglong-pyraminx-5x5","status":"publish","type":"product","link":"https:\/\/www.speedcube.nl\/de\/speedcube-de\/5x5-de\/yuxin-huanglong-pyraminx-5x5\/","title":{"rendered":"Yuxin Huanglong Pyraminx 5&#215;5"},"content":{"rendered":"<div class=\"QcsUad BDJ8fb BLojaf\">\n<div class=\"usGWQd\" aria-live=\"polite\">\n<div class=\"KkbLmb\">\n<div class=\"lRu31\"><span class=\"HwtZe\" lang=\"nl\"><span class=\"jCAhz ChMk0b\"><span class=\"ryNqvb\">YuXin HuangLong 5&#215;5 Pyraminx ist eine lustige Herausforderung auf der Grundlage des beliebten Pyraminx.<\/span><\/span> <\/span>Dieses Schmuckst\u00fcck verwendet eine Reihe von Kugellagern, um die Schichten mit einem \u00e4u\u00dferst befriedigenden &#8222;Klick&#8220; auszurichten. Der HuangLong 5&#215;5 Pyraminx ist eine gro\u00dfartige Erg\u00e4nzung f\u00fcr jede W\u00fcrfelsammlung.<\/div>\n<div><span class=\"jCAhz ChMk0b\"><span class=\"ryNqvb\"><br \/>\nMerkmale:<\/span><\/span><\/div>\n<div><span class=\"jCAhz ChMk0b\"><span class=\"ryNqvb\">+ &#8222;Drachenschuppen&#8220;-Design f\u00fcr mehr Laufruhe<\/span><\/span><\/div>\n<div><span class=\"jCAhz ChMk0b\"><br \/>\n  <span class=\"ryNqvb\">+ Abgerundetes Au\u00dfendesign<\/span><br \/>\n<\/span><span class=\"jCAhz ChMk0b\"><br \/>\n  <span class=\"ryNqvb\"><\/p>\n<p>  <\/span><br \/>\n<\/span><span class=\"jCAhz ChMk0b\"><br \/>\n  <span class=\"ryNqvb\">+ Lebendige Farbgestaltung<\/span><br \/>\n<\/span><\/div>\n<\/div>\n<\/div>\n<\/div>\n","protected":false},"excerpt":{"rendered":"<p>YUXIN<\/p>\n","protected":false},"featured_media":408518,"template":"","meta":{"_improvement_type_select":"improve_an_existing","_thumb_yes_seoaic":false,"_frame_yes_seoaic":false,"seoaic_generate_description":"","seoaic_improve_instructions_prompt":"","seoaic_rollback_content_improvement":"","seoaic_idea_thumbnail_generator":"","thumbnail_generated":false,"thumbnail_generate_prompt":"","seoaic_article_description":"","product-afmeting-lengte-mm":"","product-afmeting-breedte-mm":"","product-afmeting-hoogte-mm":""},"product_brand":[],"product_cat":[1872,1259,1377,1211],"product_tag":[],"class_list":{"0":"post-425031","1":"product","2":"type-product","3":"status-publish","4":"has-post-thumbnail","6":"product_cat-5x5-de","7":"product_cat-pyraminx-de","8":"product_cat-yuxin-de","9":"product_cat-speedcube-de","10":"pa_merken-yuxin-de","12":"first","13":"instock","14":"taxable","15":"shipping-taxable","16":"purchasable","17":"product-type-simple"},"df_price":31.99,"df_sale_price":"","df_regular_price":31.99,"df_image_link":"https:\/\/www.speedcube.nl\/wp-content\/uploads\/2023\/06\/Productvisuals_Speedcubes-Yuxin-Huanglong-Pyraminx-5x5-1-285x300.jpg","_links":{"self":[{"href":"https:\/\/www.speedcube.nl\/de\/wp-json\/wp\/v2\/product\/425031","targetHints":{"allow":["GET"]}}],"collection":[{"href":"https:\/\/www.speedcube.nl\/de\/wp-json\/wp\/v2\/product"}],"about":[{"href":"https:\/\/www.speedcube.nl\/de\/wp-json\/wp\/v2\/types\/product"}],"version-history":[{"count":0,"href":"https:\/\/www.speedcube.nl\/de\/wp-json\/wp\/v2\/product\/425031\/revisions"}],"wp:featuredmedia":[{"embeddable":true,"href":"https:\/\/www.speedcube.nl\/de\/wp-json\/wp\/v2\/media\/408518"}],"wp:attachment":[{"href":"https:\/\/www.speedcube.nl\/de\/wp-json\/wp\/v2\/media?parent=425031"}],"wp:term":[{"taxonomy":"product_brand","embeddable":true,"href":"https:\/\/www.speedcube.nl\/de\/wp-json\/wp\/v2\/product_brand?post=425031"},{"taxonomy":"product_cat","embeddable":true,"href":"https:\/\/www.speedcube.nl\/de\/wp-json\/wp\/v2\/product_cat?post=425031"},{"taxonomy":"product_tag","embeddable":true,"href":"https:\/\/www.speedcube.nl\/de\/wp-json\/wp\/v2\/product_tag?post=425031"}],"curies":[{"name":"wp","href":"https:\/\/api.w.org\/{rel}","templated":true}]}}