{"id":425019,"date":"2022-12-12T12:55:53","date_gmt":"2022-12-12T11:55:53","guid":{"rendered":"https:\/\/www.speedcube.nl\/unkategorisiert\/unidragon-woosaic-station-stadt\/"},"modified":"2026-04-29T05:04:29","modified_gmt":"2026-04-29T03:04:29","slug":"unidragon-woosaic-station-stadt","status":"publish","type":"product","link":"https:\/\/www.speedcube.nl\/de\/aanbieding-de\/unidragon-woosaic-station-stadt\/","title":{"rendered":"Unidragon Woosaic Station Stadt"},"content":{"rendered":"<p>Machen Sie mit Ihrem Kind einen Ausflug, ohne das Haus zu verlassen. Entdecke das Leben in der Gro\u00dfstadt mit den WOOSAIC CITY Puzzles. Ob unter der Erde in der U-Bahn, an einer belebten Kreuzung oder in der Luft \u00fcber einem Flughafen &#8211; das Abenteuer ist \u00fcberall. Triff hunderte von Helden in wundersch\u00f6nen Illustrationen und hilf ihnen bei allt\u00e4glichen Aufgaben. Unser n\u00e4chster Halt ist der Bahnhof. Sie haben Ihr Ticket verloren? Kontrollieren Sie Ihre Taschen, denn wir haben keine Zeit zu verlieren! Die Fahrg\u00e4ste kommen und gehen. Die Z\u00fcge wechseln sich nach Fahrplan ab. Werden Sie diese Herausforderung annehmen und p\u00fcnktlich sein \ud83d\ude09 ?<\/p>\n<p>Das Set enth\u00e4lt einzigartige Teile, darunter die Einwohner der Stadt, ihre Haustiere, Fahrzeuge und vieles mehr. Erfinde deine eigenen Geschichten, indem du eine bunte Illustration zusammenstellst, Aufgaben erf\u00fcllst und mit Puzzleteilen spielst.<\/p>\n<p>SPEZIFIKATIONEN<br \/>\nAnzahl der St\u00fccke: 100<br \/>\nGr\u00f6\u00dfe des Puzzles: 297 x 210x 3 mm<br \/>\nVerpackung: 158 \u0445 112 \u0445 55 mm<\/p>\n","protected":false},"excerpt":{"rendered":"<p>UNIDRAGON<\/p>\n","protected":false},"featured_media":407714,"template":"","meta":{"_improvement_type_select":"improve_an_existing","_thumb_yes_seoaic":false,"_frame_yes_seoaic":false,"seoaic_generate_description":"","seoaic_improve_instructions_prompt":"","seoaic_rollback_content_improvement":"","seoaic_idea_thumbnail_generator":"","thumbnail_generated":false,"thumbnail_generate_prompt":"","seoaic_article_description":"","product-afmeting-lengte-mm":"","product-afmeting-breedte-mm":"","product-afmeting-hoogte-mm":""},"product_brand":[],"product_cat":[1613,1624,2558],"product_tag":[],"class_list":{"0":"post-425019","1":"product","2":"type-product","3":"status-publish","4":"has-post-thumbnail","6":"product_cat-ratsel-de","7":"product_cat-unidragon-de","8":"product_cat-aanbieding-de","9":"pa_merken-unidragon-de","11":"first","12":"instock","13":"sale","14":"taxable","15":"shipping-taxable","16":"purchasable","17":"product-type-simple"},"df_price":12.5,"df_sale_price":12.5,"df_regular_price":24.99,"df_image_link":"https:\/\/www.speedcube.nl\/wp-content\/uploads\/2023\/06\/Productvisuals_Puzzels-UNIDRAGON-Station-City-285x300.jpg","_links":{"self":[{"href":"https:\/\/www.speedcube.nl\/de\/wp-json\/wp\/v2\/product\/425019","targetHints":{"allow":["GET"]}}],"collection":[{"href":"https:\/\/www.speedcube.nl\/de\/wp-json\/wp\/v2\/product"}],"about":[{"href":"https:\/\/www.speedcube.nl\/de\/wp-json\/wp\/v2\/types\/product"}],"version-history":[{"count":0,"href":"https:\/\/www.speedcube.nl\/de\/wp-json\/wp\/v2\/product\/425019\/revisions"}],"wp:featuredmedia":[{"embeddable":true,"href":"https:\/\/www.speedcube.nl\/de\/wp-json\/wp\/v2\/media\/407714"}],"wp:attachment":[{"href":"https:\/\/www.speedcube.nl\/de\/wp-json\/wp\/v2\/media?parent=425019"}],"wp:term":[{"taxonomy":"product_brand","embeddable":true,"href":"https:\/\/www.speedcube.nl\/de\/wp-json\/wp\/v2\/product_brand?post=425019"},{"taxonomy":"product_cat","embeddable":true,"href":"https:\/\/www.speedcube.nl\/de\/wp-json\/wp\/v2\/product_cat?post=425019"},{"taxonomy":"product_tag","embeddable":true,"href":"https:\/\/www.speedcube.nl\/de\/wp-json\/wp\/v2\/product_tag?post=425019"}],"curies":[{"name":"wp","href":"https:\/\/api.w.org\/{rel}","templated":true}]}}