{"id":425009,"date":"2023-01-02T15:05:33","date_gmt":"2023-01-02T14:05:33","guid":{"rendered":"https:\/\/www.speedcube.nl\/unkategorisiert\/dayan-tengyun-v3m-3x3\/"},"modified":"2026-05-10T05:05:07","modified_gmt":"2026-05-10T03:05:07","slug":"dayan-tengyun-v3m-3x3","status":"publish","type":"product","link":"https:\/\/www.speedcube.nl\/de\/speedcube-de\/dayan-de\/dayan-tengyun-v3m-3x3\/","title":{"rendered":"Dayan TengYun V3M 3&#215;3"},"content":{"rendered":"<p>Der DaYan TengYun V3 M 3&#215;3 ist ein gro\u00dfer Sprung nach vorn f\u00fcr DaYans 3&#215;3-Design. Es verwendet Zug-\/Druckmuttern, die direkt am Kern befestigt sind. Der DaYan TengYun V3 M verf\u00fcgt \u00fcber mehr als 60 einzigartige Einstellungen, so dass f\u00fcr jeden Drehstil die richtige Einstellung dabei ist! Wenn Sie auf der Suche nach etwas Neuem sind, sollten Sie dieses DaYan ausprobieren!<\/p>\n","protected":false},"excerpt":{"rendered":"<p>DAYAN<\/p>\n","protected":false},"featured_media":408569,"template":"","meta":{"_improvement_type_select":"improve_an_existing","_thumb_yes_seoaic":false,"_frame_yes_seoaic":false,"seoaic_generate_description":"","seoaic_improve_instructions_prompt":"","seoaic_rollback_content_improvement":"","seoaic_idea_thumbnail_generator":"","thumbnail_generated":false,"thumbnail_generate_prompt":"","seoaic_article_description":"","product-afmeting-lengte-mm":"","product-afmeting-breedte-mm":"","product-afmeting-hoogte-mm":""},"product_brand":[],"product_cat":[1221,2392,1211],"product_tag":[],"class_list":{"0":"post-425009","1":"product","2":"type-product","3":"status-publish","4":"has-post-thumbnail","6":"product_cat-3x3-de","7":"product_cat-dayan-de","8":"product_cat-speedcube-de","9":"pa_merken-dayan-de","11":"first","12":"instock","13":"taxable","14":"shipping-taxable","15":"purchasable","16":"product-type-simple"},"df_price":33.99,"df_sale_price":"","df_regular_price":33.99,"df_image_link":"https:\/\/www.speedcube.nl\/wp-content\/uploads\/2023\/06\/Productvisuals_Speedcubes-Dayan-TengYun-V3M-3x3-1-285x300.jpg","_links":{"self":[{"href":"https:\/\/www.speedcube.nl\/de\/wp-json\/wp\/v2\/product\/425009","targetHints":{"allow":["GET"]}}],"collection":[{"href":"https:\/\/www.speedcube.nl\/de\/wp-json\/wp\/v2\/product"}],"about":[{"href":"https:\/\/www.speedcube.nl\/de\/wp-json\/wp\/v2\/types\/product"}],"version-history":[{"count":0,"href":"https:\/\/www.speedcube.nl\/de\/wp-json\/wp\/v2\/product\/425009\/revisions"}],"wp:featuredmedia":[{"embeddable":true,"href":"https:\/\/www.speedcube.nl\/de\/wp-json\/wp\/v2\/media\/408569"}],"wp:attachment":[{"href":"https:\/\/www.speedcube.nl\/de\/wp-json\/wp\/v2\/media?parent=425009"}],"wp:term":[{"taxonomy":"product_brand","embeddable":true,"href":"https:\/\/www.speedcube.nl\/de\/wp-json\/wp\/v2\/product_brand?post=425009"},{"taxonomy":"product_cat","embeddable":true,"href":"https:\/\/www.speedcube.nl\/de\/wp-json\/wp\/v2\/product_cat?post=425009"},{"taxonomy":"product_tag","embeddable":true,"href":"https:\/\/www.speedcube.nl\/de\/wp-json\/wp\/v2\/product_tag?post=425009"}],"curies":[{"name":"wp","href":"https:\/\/api.w.org\/{rel}","templated":true}]}}