{"id":425003,"date":"2023-01-11T09:51:47","date_gmt":"2023-01-11T08:51:47","guid":{"rendered":"https:\/\/www.speedcube.nl\/unkategorisiert\/wasgij-retro-destiny-4-puzzle-die-wasgij-spiele-1000-teile\/"},"modified":"2026-05-10T05:03:37","modified_gmt":"2026-05-10T03:03:37","slug":"wasgij-retro-destiny-4-puzzle-die-wasgij-spiele-1000-teile","status":"publish","type":"product","link":"https:\/\/www.speedcube.nl\/de\/ratsel-de\/wasgij-de\/wasgij-retro-destiny-4-puzzle-die-wasgij-spiele-1000-teile\/","title":{"rendered":"Wasgij Retro Destiny 4 Puzzle &#8211; Die Wasgij Spiele 1000 Teile"},"content":{"rendered":"<p>Der Titel dieses fantastischen 1.000-teiligen Wasgij Destiny Puzzles lautet &#8222;Die Wasgij Spiele&#8220;. In dieser Szene ist das Kolosseum ausverkauft! Fans aus aller Welt haben sich versammelt, um zu sehen, wie bei den Wasgij-Spielen Sportgeschichte geschrieben wird, wenn die Athleten um Gold k\u00e4mpfen. Aber wie anders w\u00fcrden die Wasgij-Spiele heute aussehen? Geht es bei diesen Spielen noch um Blut, Schwei\u00df und Tr\u00e4nen? Oder wird alles ein bisschen einfacher? Das ist das Bild, das Sie sich ausmalen.<\/p>\n<p>Anzahl der St\u00fccke: 1000<br \/>\nMaterial: Pappe<br \/>\nGr\u00f6\u00dfe des Puzzles: 68 x 49 cm<br \/>\nAlter: 12 &#8211; 99 Jahre<\/p>\n","protected":false},"excerpt":{"rendered":"<p>JUMBO<\/p>\n","protected":false},"featured_media":409058,"template":"","meta":{"_improvement_type_select":"improve_an_existing","_thumb_yes_seoaic":false,"_frame_yes_seoaic":false,"seoaic_generate_description":"","seoaic_improve_instructions_prompt":"","seoaic_rollback_content_improvement":"","seoaic_idea_thumbnail_generator":"","thumbnail_generated":false,"thumbnail_generate_prompt":"","seoaic_article_description":"","product-afmeting-lengte-mm":"","product-afmeting-breedte-mm":"","product-afmeting-hoogte-mm":""},"product_brand":[],"product_cat":[1858,1620,1859,1857,1613,1745,1623,1860],"product_tag":[],"class_list":{"0":"post-425003","1":"product","2":"type-product","3":"status-publish","4":"has-post-thumbnail","6":"product_cat-comic-de","7":"product_cat-jigsaw-puzzles","8":"product_cat-jumbo-de","9":"product_cat-puzzle-1000-teile","10":"product_cat-ratsel-de","11":"product_cat-puzzles-fur-erwachsene","12":"product_cat-puzzles-fur-kinder","13":"product_cat-wasgij-de","14":"pa_merken-jumbo-de","16":"first","17":"outofstock","18":"taxable","19":"shipping-taxable","20":"purchasable","21":"product-type-simple"},"df_price":20.99,"df_sale_price":"","df_regular_price":20.99,"df_image_link":"https:\/\/www.speedcube.nl\/wp-content\/uploads\/2023\/06\/Productvisuals_Puzzels-Wasgij-Retro-Destiny-4-De-Wasgij-Spelen-285x300.jpg","_links":{"self":[{"href":"https:\/\/www.speedcube.nl\/de\/wp-json\/wp\/v2\/product\/425003","targetHints":{"allow":["GET"]}}],"collection":[{"href":"https:\/\/www.speedcube.nl\/de\/wp-json\/wp\/v2\/product"}],"about":[{"href":"https:\/\/www.speedcube.nl\/de\/wp-json\/wp\/v2\/types\/product"}],"version-history":[{"count":0,"href":"https:\/\/www.speedcube.nl\/de\/wp-json\/wp\/v2\/product\/425003\/revisions"}],"wp:featuredmedia":[{"embeddable":true,"href":"https:\/\/www.speedcube.nl\/de\/wp-json\/wp\/v2\/media\/409058"}],"wp:attachment":[{"href":"https:\/\/www.speedcube.nl\/de\/wp-json\/wp\/v2\/media?parent=425003"}],"wp:term":[{"taxonomy":"product_brand","embeddable":true,"href":"https:\/\/www.speedcube.nl\/de\/wp-json\/wp\/v2\/product_brand?post=425003"},{"taxonomy":"product_cat","embeddable":true,"href":"https:\/\/www.speedcube.nl\/de\/wp-json\/wp\/v2\/product_cat?post=425003"},{"taxonomy":"product_tag","embeddable":true,"href":"https:\/\/www.speedcube.nl\/de\/wp-json\/wp\/v2\/product_tag?post=425003"}],"curies":[{"name":"wp","href":"https:\/\/api.w.org\/{rel}","templated":true}]}}