{"id":424978,"date":"2023-01-10T14:19:33","date_gmt":"2023-01-10T13:19:33","guid":{"rendered":"https:\/\/www.speedcube.nl\/unkategorisiert\/raetsel-guss-medaillon\/"},"modified":"2026-05-09T05:00:45","modified_gmt":"2026-05-09T03:00:45","slug":"raetsel-guss-medaillon","status":"publish","type":"product","link":"https:\/\/www.speedcube.nl\/de\/knobelaufgaben\/5-sterne-oder-mehr-experte\/raetsel-guss-medaillon\/","title":{"rendered":"R\u00e4tsel Guss Medaillon"},"content":{"rendered":"<p>Das Medaillon ist ein komplexes Labyrinth-Puzzle mit Scheiben, die untrennbar miteinander verbunden sind. Drehen Sie die goldenen und silbernen Scheiben so, dass die mittleren schwarzen Teile nach au\u00dfen wandern. Wenn Sie versuchen, eine Abk\u00fcrzung zu nehmen, landen Sie in einer Sackgasse. Es bleibt Ihnen \u00fcberlassen, ob Sie die Aufgabe durch Intuition oder durch Analyse l\u00f6sen. Zur Feier des 40-j\u00e4hrigen Jubil\u00e4ums von Cast Puzzles (1983-2023) bringen wir Ihnen dieses &#8222;nicht mehr erh\u00e4ltliche&#8220; Cast Puzzle als spezielle Huzzle-Edition. Wenn Sie das Gl\u00fcck haben, ein Huzzle Cast Puzzle Medaillon in die H\u00e4nde zu bekommen, f\u00fchlen Sie sich wie ein Gewinner. Hinweis: Es werden nur 1.000 Exemplare (!) mit dem 40-Jahre-Jubil\u00e4ums-Cover erscheinen. Entworfen vom niederl\u00e4ndischen Designer Oskar van Deventer.<\/p>\n<p>Alter: 12+<br \/>\nSchwierigkeitsgrad: 5 Sterne<\/p>\n","protected":false},"excerpt":{"rendered":"<p>HUZZLE<\/p>\n","protected":false},"featured_media":408831,"template":"","meta":{"_improvement_type_select":"improve_an_existing","_thumb_yes_seoaic":false,"_frame_yes_seoaic":false,"seoaic_generate_description":"","seoaic_improve_instructions_prompt":"","seoaic_rollback_content_improvement":"","seoaic_idea_thumbnail_generator":"","thumbnail_generated":false,"thumbnail_generate_prompt":"","seoaic_article_description":"","product-afmeting-lengte-mm":"","product-afmeting-breedte-mm":"","product-afmeting-hoogte-mm":""},"product_brand":[],"product_cat":[1490,1227,1244,1233,1488,1489],"product_tag":[],"class_list":{"0":"post-424978","1":"product","2":"type-product","3":"status-publish","4":"has-post-thumbnail","6":"product_cat-5-sterne-oder-mehr-experte","7":"product_cat-knobelaufgaben","8":"product_cat-knobelaufgaben-de","9":"product_cat-knobelaufgaben-fur-erwachsene","10":"product_cat-metall","11":"product_cat-ratsel","12":"pa_merken-huzzle-de","14":"first","15":"instock","16":"taxable","17":"shipping-taxable","18":"purchasable","19":"product-type-simple"},"df_price":24.95,"df_sale_price":"","df_regular_price":24.95,"df_image_link":"https:\/\/www.speedcube.nl\/wp-content\/uploads\/2023\/06\/Productvisuals_Breinbrekers-Huzzle-Cast-Medallion-285x300.jpg","_links":{"self":[{"href":"https:\/\/www.speedcube.nl\/de\/wp-json\/wp\/v2\/product\/424978","targetHints":{"allow":["GET"]}}],"collection":[{"href":"https:\/\/www.speedcube.nl\/de\/wp-json\/wp\/v2\/product"}],"about":[{"href":"https:\/\/www.speedcube.nl\/de\/wp-json\/wp\/v2\/types\/product"}],"version-history":[{"count":0,"href":"https:\/\/www.speedcube.nl\/de\/wp-json\/wp\/v2\/product\/424978\/revisions"}],"wp:featuredmedia":[{"embeddable":true,"href":"https:\/\/www.speedcube.nl\/de\/wp-json\/wp\/v2\/media\/408831"}],"wp:attachment":[{"href":"https:\/\/www.speedcube.nl\/de\/wp-json\/wp\/v2\/media?parent=424978"}],"wp:term":[{"taxonomy":"product_brand","embeddable":true,"href":"https:\/\/www.speedcube.nl\/de\/wp-json\/wp\/v2\/product_brand?post=424978"},{"taxonomy":"product_cat","embeddable":true,"href":"https:\/\/www.speedcube.nl\/de\/wp-json\/wp\/v2\/product_cat?post=424978"},{"taxonomy":"product_tag","embeddable":true,"href":"https:\/\/www.speedcube.nl\/de\/wp-json\/wp\/v2\/product_tag?post=424978"}],"curies":[{"name":"wp","href":"https:\/\/api.w.org\/{rel}","templated":true}]}}