{"id":424968,"date":"2023-01-10T13:43:21","date_gmt":"2023-01-10T12:43:21","guid":{"rendered":"https:\/\/www.speedcube.nl\/unkategorisiert\/heye-instagirls-life-1000-stueck\/"},"modified":"2026-04-24T05:01:26","modified_gmt":"2026-04-24T03:01:26","slug":"heye-instagirls-life-1000-stueck","status":"publish","type":"product","link":"https:\/\/www.speedcube.nl\/de\/aanbieding-de\/heye-instagirls-life-1000-stueck\/","title":{"rendered":"Heye InstaGirl&#8217;s Life 1000 St\u00fcck"},"content":{"rendered":"<p>Heye InstaGirl&#8217;s Life ist ein Puzzle mit 1000 Teilen. Marino Degano hat auf unvermeidlich brillante Weise alle m\u00f6glichen Reaktionen auf eine typische Instagram-Nachricht portr\u00e4tiert. Was siehst du auf diesem R\u00e4tsel? Dieses Puzzle wird in einer sch\u00f6nen dreieckigen Schachtel geliefert.<\/p>\n<p>Anzahl der St\u00fccke: 1000<br \/>\nMaterial: Pappe<br \/>\nGr\u00f6\u00dfe des Puzzles: 50 x 70 cm<br \/>\nVerpackung: 27 x 28 x 14 cm<br \/>\nAlter: 6 &#8211; 99 Jahre<\/p>\n","protected":false},"excerpt":{"rendered":"<p>HEYE<\/p>\n","protected":false},"featured_media":408765,"template":"","meta":{"_improvement_type_select":"improve_an_existing","_thumb_yes_seoaic":false,"_frame_yes_seoaic":false,"seoaic_generate_description":"","seoaic_improve_instructions_prompt":"","seoaic_rollback_content_improvement":"","seoaic_idea_thumbnail_generator":"","thumbnail_generated":false,"thumbnail_generate_prompt":"","seoaic_article_description":"","product-afmeting-lengte-mm":"","product-afmeting-breedte-mm":"","product-afmeting-hoogte-mm":""},"product_brand":[],"product_cat":[2267,1613,2558],"product_tag":[],"class_list":{"0":"post-424968","1":"product","2":"type-product","3":"status-publish","4":"has-post-thumbnail","6":"product_cat-heye-de","7":"product_cat-ratsel-de","8":"product_cat-aanbieding-de","9":"pa_merken-heye-de","11":"first","12":"instock","13":"sale","14":"taxable","15":"shipping-taxable","16":"purchasable","17":"product-type-simple"},"df_price":11,"df_sale_price":11,"df_regular_price":21.99,"df_image_link":"https:\/\/www.speedcube.nl\/wp-content\/uploads\/2023\/06\/Productvisuals_Puzzels-Heye-InstaGirls-Life-285x300.jpg","_links":{"self":[{"href":"https:\/\/www.speedcube.nl\/de\/wp-json\/wp\/v2\/product\/424968","targetHints":{"allow":["GET"]}}],"collection":[{"href":"https:\/\/www.speedcube.nl\/de\/wp-json\/wp\/v2\/product"}],"about":[{"href":"https:\/\/www.speedcube.nl\/de\/wp-json\/wp\/v2\/types\/product"}],"version-history":[{"count":0,"href":"https:\/\/www.speedcube.nl\/de\/wp-json\/wp\/v2\/product\/424968\/revisions"}],"wp:featuredmedia":[{"embeddable":true,"href":"https:\/\/www.speedcube.nl\/de\/wp-json\/wp\/v2\/media\/408765"}],"wp:attachment":[{"href":"https:\/\/www.speedcube.nl\/de\/wp-json\/wp\/v2\/media?parent=424968"}],"wp:term":[{"taxonomy":"product_brand","embeddable":true,"href":"https:\/\/www.speedcube.nl\/de\/wp-json\/wp\/v2\/product_brand?post=424968"},{"taxonomy":"product_cat","embeddable":true,"href":"https:\/\/www.speedcube.nl\/de\/wp-json\/wp\/v2\/product_cat?post=424968"},{"taxonomy":"product_tag","embeddable":true,"href":"https:\/\/www.speedcube.nl\/de\/wp-json\/wp\/v2\/product_tag?post=424968"}],"curies":[{"name":"wp","href":"https:\/\/api.w.org\/{rel}","templated":true}]}}