{"id":424961,"date":"2023-01-10T14:48:04","date_gmt":"2023-01-10T13:48:04","guid":{"rendered":"https:\/\/www.speedcube.nl\/unkategorisiert\/metall-erde-premium-serie-herr-der-ringe-orthanc\/"},"modified":"2026-05-01T05:01:04","modified_gmt":"2026-05-01T03:01:04","slug":"metall-erde-premium-serie-herr-der-ringe-orthanc","status":"publish","type":"product","link":"https:\/\/www.speedcube.nl\/de\/modellbau\/film-de\/metall-erde-premium-serie-herr-der-ringe-orthanc\/","title":{"rendered":"Metall Erde Premium Serie &#8211; Herr der Ringe Orthanc"},"content":{"rendered":"<p>Sind Sie ein &#8222;Herr der Ringe&#8220;-Fan? Dann ist dieser Metallmodellbausatz genau das Richtige f\u00fcr Sie! Das Monster Orthanc besteht aus drei d\u00fcnnen Metallplatten. Schneiden oder wenden Sie hier zuerst alle vorgestanzten Teile aus. Falten Sie die Teile in die richtige Form und stecken Sie zwei Teile zusammen, indem Sie Laschen oder Stifte durch einen Schlitz schieben. Sie k\u00f6nnen dieses Modell ganz ohne Klebstoff zusammenbauen! Eine gute Spitz- und Schneidezange ist jedoch sehr n\u00fctzlich. In der Verpackung wird die praktische Anleitung immer Schritt f\u00fcr Schritt erkl\u00e4rt.<\/p>\n<p>Anleitung PDF: <a href=\"https:\/\/www.speedcube.nl\/wp-content\/uploads\/2023\/09\/ICX236.pdf\">ICX236<\/a><br \/>\nAnzahl der Bl\u00e4tter: 3 Bl\u00e4tter<br \/>\nAbmessungen des Produkts: 5,33 x 5,33 x 23,49 cm<\/p>\n","protected":false},"excerpt":{"rendered":"<p>METALLERDE<\/p>\n","protected":false},"featured_media":408849,"template":"","meta":{"_improvement_type_select":"improve_an_existing","_thumb_yes_seoaic":false,"_frame_yes_seoaic":false,"seoaic_generate_description":"","seoaic_improve_instructions_prompt":"","seoaic_rollback_content_improvement":"","seoaic_idea_thumbnail_generator":"","thumbnail_generated":false,"thumbnail_generate_prompt":"","seoaic_article_description":"","product-afmeting-lengte-mm":"","product-afmeting-breedte-mm":"","product-afmeting-hoogte-mm":""},"product_brand":[],"product_cat":[1500,1724,1714,1720,1499],"product_tag":[],"class_list":{"0":"post-424961","1":"product","2":"type-product","3":"status-publish","4":"has-post-thumbnail","6":"product_cat-baukasten-fur-erwachsene","7":"product_cat-film-de","8":"product_cat-metall-erde","9":"product_cat-metallbaukasten","10":"product_cat-modellbau","11":"pa_merken-metallerde","13":"first","14":"instock","15":"taxable","16":"shipping-taxable","17":"purchasable","18":"product-type-simple"},"df_price":39.95,"df_sale_price":"","df_regular_price":39.95,"df_image_link":"https:\/\/www.speedcube.nl\/wp-content\/uploads\/2023\/06\/Productvisuals_Modelbouw-Metal-Earth-Premium-Series-Lord-of-the-Rings-Orthanc-285x300.jpg","_links":{"self":[{"href":"https:\/\/www.speedcube.nl\/de\/wp-json\/wp\/v2\/product\/424961","targetHints":{"allow":["GET"]}}],"collection":[{"href":"https:\/\/www.speedcube.nl\/de\/wp-json\/wp\/v2\/product"}],"about":[{"href":"https:\/\/www.speedcube.nl\/de\/wp-json\/wp\/v2\/types\/product"}],"version-history":[{"count":0,"href":"https:\/\/www.speedcube.nl\/de\/wp-json\/wp\/v2\/product\/424961\/revisions"}],"wp:featuredmedia":[{"embeddable":true,"href":"https:\/\/www.speedcube.nl\/de\/wp-json\/wp\/v2\/media\/408849"}],"wp:attachment":[{"href":"https:\/\/www.speedcube.nl\/de\/wp-json\/wp\/v2\/media?parent=424961"}],"wp:term":[{"taxonomy":"product_brand","embeddable":true,"href":"https:\/\/www.speedcube.nl\/de\/wp-json\/wp\/v2\/product_brand?post=424961"},{"taxonomy":"product_cat","embeddable":true,"href":"https:\/\/www.speedcube.nl\/de\/wp-json\/wp\/v2\/product_cat?post=424961"},{"taxonomy":"product_tag","embeddable":true,"href":"https:\/\/www.speedcube.nl\/de\/wp-json\/wp\/v2\/product_tag?post=424961"}],"curies":[{"name":"wp","href":"https:\/\/api.w.org\/{rel}","templated":true}]}}