{"id":424937,"date":"2023-01-25T11:51:25","date_gmt":"2023-01-25T10:51:25","guid":{"rendered":"https:\/\/www.speedcube.nl\/unkategorisiert\/raetsel-guss-kreuz\/"},"modified":"2026-04-28T05:01:08","modified_gmt":"2026-04-28T03:01:08","slug":"raetsel-guss-kreuz","status":"publish","type":"product","link":"https:\/\/www.speedcube.nl\/de\/knobelaufgaben\/metall-ratsel\/raetsel-guss-kreuz\/","title":{"rendered":"R\u00e4tsel Guss Kreuz"},"content":{"rendered":"<p>Nehmen Sie das R\u00e4tsel erst auseinander und setzen Sie es dann wieder zusammen &#8211; beides eine Herausforderung! Die vielen Ecken des Puzzles schr\u00e4nken die Bewegung der Teile ein. Trotz der vielen Winkel l\u00e4sst sich das Puzzle fl\u00fcssig bewegen. L\u00f6sen Sie das Puzzle, indem Sie die vertikalen, horizontalen, diagonalen und rotierenden Bewegungen richtig einsetzen. Entworfen vom japanischen Designer Edi Nagata.<\/p>\n<p>Alter: 12+<br \/>\nSchwierigkeitsgrad: 3 Sterne<\/p>\n","protected":false},"excerpt":{"rendered":"<p>HUZZLE<\/p>\n","protected":false},"featured_media":409337,"template":"","meta":{"_improvement_type_select":"improve_an_existing","_thumb_yes_seoaic":false,"_frame_yes_seoaic":false,"seoaic_generate_description":"","seoaic_improve_instructions_prompt":"","seoaic_rollback_content_improvement":"","seoaic_idea_thumbnail_generator":"","thumbnail_generated":false,"thumbnail_generate_prompt":"","seoaic_article_description":"","product-afmeting-lengte-mm":"","product-afmeting-breedte-mm":"","product-afmeting-hoogte-mm":""},"product_brand":[],"product_cat":[1511,1244,1227,1233,1237,2138,1489],"product_tag":[],"class_list":{"0":"post-424937","1":"product","2":"type-product","3":"status-publish","4":"has-post-thumbnail","6":"product_cat-3-sterne-normal","7":"product_cat-knobelaufgaben-de","8":"product_cat-knobelaufgaben","9":"product_cat-knobelaufgaben-fur-erwachsene","10":"product_cat-knobelaufgaben-fur-kinder","11":"product_cat-metall-ratsel","12":"product_cat-ratsel","13":"pa_merken-huzzle-de","15":"first","16":"instock","17":"taxable","18":"shipping-taxable","19":"purchasable","20":"product-type-simple"},"df_price":14.95,"df_sale_price":"","df_regular_price":14.95,"df_image_link":"https:\/\/www.speedcube.nl\/wp-content\/uploads\/2023\/06\/Productvisuals_Breinbrekers-Huzzel-Cast-Cross-285x300.jpg","_links":{"self":[{"href":"https:\/\/www.speedcube.nl\/de\/wp-json\/wp\/v2\/product\/424937","targetHints":{"allow":["GET"]}}],"collection":[{"href":"https:\/\/www.speedcube.nl\/de\/wp-json\/wp\/v2\/product"}],"about":[{"href":"https:\/\/www.speedcube.nl\/de\/wp-json\/wp\/v2\/types\/product"}],"version-history":[{"count":0,"href":"https:\/\/www.speedcube.nl\/de\/wp-json\/wp\/v2\/product\/424937\/revisions"}],"wp:featuredmedia":[{"embeddable":true,"href":"https:\/\/www.speedcube.nl\/de\/wp-json\/wp\/v2\/media\/409337"}],"wp:attachment":[{"href":"https:\/\/www.speedcube.nl\/de\/wp-json\/wp\/v2\/media?parent=424937"}],"wp:term":[{"taxonomy":"product_brand","embeddable":true,"href":"https:\/\/www.speedcube.nl\/de\/wp-json\/wp\/v2\/product_brand?post=424937"},{"taxonomy":"product_cat","embeddable":true,"href":"https:\/\/www.speedcube.nl\/de\/wp-json\/wp\/v2\/product_cat?post=424937"},{"taxonomy":"product_tag","embeddable":true,"href":"https:\/\/www.speedcube.nl\/de\/wp-json\/wp\/v2\/product_tag?post=424937"}],"curies":[{"name":"wp","href":"https:\/\/api.w.org\/{rel}","templated":true}]}}