{"id":424929,"date":"2023-02-08T08:33:19","date_gmt":"2023-02-08T07:33:19","guid":{"rendered":"https:\/\/www.speedcube.nl\/unkategorisiert\/qiyi-display\/"},"modified":"2026-05-12T05:01:08","modified_gmt":"2026-05-12T03:01:08","slug":"qiyi-display","status":"publish","type":"product","link":"https:\/\/www.speedcube.nl\/de\/speedcube-de\/anzeigen\/qiyi-display\/","title":{"rendered":"QiYi Display"},"content":{"rendered":"<p>QiYi Display Pro Timer ist ein Bildschirm, der Ihre Zeit mit 3 Dezimalstellen anzeigt. Der Timer ist den offiziellen Zeitmessern f\u00fcr Wettbewerbe nachempfunden und l\u00e4sst sich einfach auf Ihrer pers\u00f6nlichen Cube-Station einstellen. Der Display-Timer verwendet ein blendfreies, helles rotes Licht.<\/p>\n<p>*Ausgenommen Batterien<\/p>\n","protected":false},"excerpt":{"rendered":"<p>QIYI<\/p>\n","protected":false},"featured_media":409759,"template":"","meta":{"_improvement_type_select":"improve_an_existing","_thumb_yes_seoaic":false,"_frame_yes_seoaic":false,"seoaic_generate_description":"","seoaic_improve_instructions_prompt":"","seoaic_rollback_content_improvement":"","seoaic_idea_thumbnail_generator":"","thumbnail_generated":false,"thumbnail_generate_prompt":"","seoaic_article_description":"","product-afmeting-lengte-mm":"","product-afmeting-breedte-mm":"","product-afmeting-hoogte-mm":""},"product_brand":[],"product_cat":[2366,1235,1211],"product_tag":[],"class_list":{"0":"post-424929","1":"product","2":"type-product","3":"status-publish","4":"has-post-thumbnail","6":"product_cat-anzeigen","7":"product_cat-qiyi-de","8":"product_cat-speedcube-de","9":"pa_merken-qiyi-de","11":"first","12":"instock","13":"taxable","14":"shipping-taxable","15":"purchasable","16":"product-type-simple"},"df_price":74.99,"df_sale_price":"","df_regular_price":74.99,"df_image_link":"https:\/\/www.speedcube.nl\/wp-content\/uploads\/2023\/06\/Productvisuals_Speedcubes-QiYi-Display-285x300.jpg","_links":{"self":[{"href":"https:\/\/www.speedcube.nl\/de\/wp-json\/wp\/v2\/product\/424929","targetHints":{"allow":["GET"]}}],"collection":[{"href":"https:\/\/www.speedcube.nl\/de\/wp-json\/wp\/v2\/product"}],"about":[{"href":"https:\/\/www.speedcube.nl\/de\/wp-json\/wp\/v2\/types\/product"}],"version-history":[{"count":0,"href":"https:\/\/www.speedcube.nl\/de\/wp-json\/wp\/v2\/product\/424929\/revisions"}],"wp:featuredmedia":[{"embeddable":true,"href":"https:\/\/www.speedcube.nl\/de\/wp-json\/wp\/v2\/media\/409759"}],"wp:attachment":[{"href":"https:\/\/www.speedcube.nl\/de\/wp-json\/wp\/v2\/media?parent=424929"}],"wp:term":[{"taxonomy":"product_brand","embeddable":true,"href":"https:\/\/www.speedcube.nl\/de\/wp-json\/wp\/v2\/product_brand?post=424929"},{"taxonomy":"product_cat","embeddable":true,"href":"https:\/\/www.speedcube.nl\/de\/wp-json\/wp\/v2\/product_cat?post=424929"},{"taxonomy":"product_tag","embeddable":true,"href":"https:\/\/www.speedcube.nl\/de\/wp-json\/wp\/v2\/product_tag?post=424929"}],"curies":[{"name":"wp","href":"https:\/\/api.w.org\/{rel}","templated":true}]}}