{"id":424916,"date":"2023-01-25T12:01:51","date_gmt":"2023-01-25T11:01:51","guid":{"rendered":"https:\/\/www.speedcube.nl\/unkategorisiert\/metal-earth-premium-serie-geisterjaeger-ecto-1\/"},"modified":"2026-05-13T05:11:19","modified_gmt":"2026-05-13T03:11:19","slug":"metal-earth-premium-serie-geisterjaeger-ecto-1","status":"publish","type":"product","link":"https:\/\/www.speedcube.nl\/de\/aanbieding-de\/metal-earth-premium-serie-geisterjaeger-ecto-1\/","title":{"rendered":"Metal Earth Premium Serie &#8211; Geisterj\u00e4ger Ecto-1"},"content":{"rendered":"<p>Sind Sie ein Ghostbusters-Fan? Dann ist dieser Metallmodellbausatz genau das Richtige f\u00fcr Sie! Der Ecto-1 (auch bekannt als Ectomobil) war das Fahrzeug, mit dem die Geisterj\u00e4ger durch New York City fuhren, um Geister und andere Wesen zu bek\u00e4mpfen. Der Ecto-1 besteht aus drei d\u00fcnnen Metallplatten. Schneiden oder wenden Sie hier zuerst alle vorgestanzten Teile aus. Falten Sie die Teile in die richtige Form und stecken Sie zwei Teile zusammen, indem Sie Laschen oder Stifte durch einen Schlitz schieben. Sie k\u00f6nnen dieses Modell ganz ohne Klebstoff zusammenbauen! Eine gute Spitz- und Schneidezange ist jedoch sehr n\u00fctzlich. In der Verpackung wird die praktische Anleitung immer Schritt f\u00fcr Schritt erkl\u00e4rt.<\/p>\n<p>Anleitung PDF: <a href=\"https:\/\/www.speedcube.nl\/wp-content\/uploads\/2023\/09\/ICX230.pdf\">ICX230<\/a><br \/>\nAnzahl der Bl\u00e4tter: 3 Bl\u00e4tter<br \/>\nAbmessungen des Produkts: 16,76 x 6,35 x 6,86 cm<\/p>\n","protected":false},"excerpt":{"rendered":"<p>METALLERDE<\/p>\n","protected":false},"featured_media":409359,"template":"","meta":{"_improvement_type_select":"improve_an_existing","_thumb_yes_seoaic":false,"_frame_yes_seoaic":false,"seoaic_generate_description":"","seoaic_improve_instructions_prompt":"","seoaic_rollback_content_improvement":"","seoaic_idea_thumbnail_generator":"","thumbnail_generated":false,"thumbnail_generate_prompt":"","seoaic_article_description":"","product-afmeting-lengte-mm":"","product-afmeting-breedte-mm":"","product-afmeting-hoogte-mm":""},"product_brand":[],"product_cat":[1714,1499,2558],"product_tag":[],"class_list":{"0":"post-424916","1":"product","2":"type-product","3":"status-publish","4":"has-post-thumbnail","6":"product_cat-metall-erde","7":"product_cat-modellbau","8":"product_cat-aanbieding-de","9":"pa_merken-metallerde","11":"first","12":"instock","13":"sale","14":"taxable","15":"shipping-taxable","16":"purchasable","17":"product-type-simple"},"df_price":23.97,"df_sale_price":23.97,"df_regular_price":39.95,"df_image_link":"https:\/\/www.speedcube.nl\/wp-content\/uploads\/2023\/06\/Productvisuals_Modelbouw-Metal-Eart-Premium-Series-Ghostbusters-Ecto-1-285x300.jpg","_links":{"self":[{"href":"https:\/\/www.speedcube.nl\/de\/wp-json\/wp\/v2\/product\/424916","targetHints":{"allow":["GET"]}}],"collection":[{"href":"https:\/\/www.speedcube.nl\/de\/wp-json\/wp\/v2\/product"}],"about":[{"href":"https:\/\/www.speedcube.nl\/de\/wp-json\/wp\/v2\/types\/product"}],"version-history":[{"count":0,"href":"https:\/\/www.speedcube.nl\/de\/wp-json\/wp\/v2\/product\/424916\/revisions"}],"wp:featuredmedia":[{"embeddable":true,"href":"https:\/\/www.speedcube.nl\/de\/wp-json\/wp\/v2\/media\/409359"}],"wp:attachment":[{"href":"https:\/\/www.speedcube.nl\/de\/wp-json\/wp\/v2\/media?parent=424916"}],"wp:term":[{"taxonomy":"product_brand","embeddable":true,"href":"https:\/\/www.speedcube.nl\/de\/wp-json\/wp\/v2\/product_brand?post=424916"},{"taxonomy":"product_cat","embeddable":true,"href":"https:\/\/www.speedcube.nl\/de\/wp-json\/wp\/v2\/product_cat?post=424916"},{"taxonomy":"product_tag","embeddable":true,"href":"https:\/\/www.speedcube.nl\/de\/wp-json\/wp\/v2\/product_tag?post=424916"}],"curies":[{"name":"wp","href":"https:\/\/api.w.org\/{rel}","templated":true}]}}