{"id":424887,"date":"2023-02-27T08:26:02","date_gmt":"2023-02-27T07:26:02","guid":{"rendered":"https:\/\/www.speedcube.nl\/unkategorisiert\/teching-libelle-dm334\/"},"modified":"2026-05-01T05:00:12","modified_gmt":"2026-05-01T03:00:12","slug":"teching-libelle-dm334","status":"publish","type":"product","link":"https:\/\/www.speedcube.nl\/de\/aanbieding-de\/teching-libelle-dm334\/","title":{"rendered":"Teching Libelle DM334"},"content":{"rendered":"<p>Das 3D-Libellen-Metallmodell wird in einem hochpr\u00e4zisen CNC-Verfahren gegossen, durch Oxidation einer Aluminiumlegierung gef\u00e4rbt und vereint Maschinenbau und die Kraft von Insektenfl\u00fcgeln zu einem kollektiven Kunstwerk. Starten Sie Ihr Abenteuer im Maschinenbau! Diese Libelle besteht aus 100 Teilen und der Zusammenbau dauert \u00b1 1-2 Stunden. Das vollst\u00e4ndige englische Handbuch ist nat\u00fcrlich enthalten. Erleben Sie den gesamten Montageprozess, von den Kleinteilen bis zum fertigen Produkt, und bauen Sie Ihr eigenes sch\u00f6nes Metallmodell!<\/p>\n<p>Dieses mechanische fliegende 3D-Libellenmodell demonstriert nicht nur die Sch\u00f6nheit mechanischer Kunst und nat\u00fcrlicher Kreaturen, sondern ist auch ein perfektes Accessoire f\u00fcr Zuhause oder das B\u00fcro, ein Hilfsmittel f\u00fcr den Schulunterricht oder f\u00fcr Ihre pers\u00f6nliche Sammlung. Verpackt in einem hochwertigen Geschenkkarton ist das Produkt wirklich ein tolles Geschenk!<\/p>\n<p>Dieser DIY-Modellbaukasten f\u00f6rdert die Interaktion zwischen Eltern und Kindern. Mit Hilfe von Erwachsenen f\u00f6rdert dies die bei Kindern beliebten industriellen Kenntnisse und das Wissen \u00fcber Libellenfl\u00fcgel, simuliert die Vorstellungskraft, entwickelt das geistig-logische Denken und die Kreativit\u00e4t und f\u00f6rdert die praktischen F\u00e4higkeiten und das Vertrauen.<\/p>\n<p>Ma\u00dfstab: 1\/10<br \/>\nProduktgewicht: 800 Gramm<br \/>\nGewicht der Verpackung: 1000 Gramm<br \/>\nMaterial: Aluminiumlegierung<br \/>\nAlter: 12 Jahre und \u00e4lter<br \/>\nAbmessungen der Verpackung: 26,5 x 22 x 6 cm<br \/>\nAnzahl der Teile: 100<br \/>\nMontagezeit: \u00b1 1-2 Stunden<br \/>\nSchwierigkeit der Montage: 3 Sterne<\/p>\n<p>Ladespannung: DC 5V (USB-Kabel)<br \/>\nFunktion: Automatische Abschaltung bei externem Widerstand<br \/>\nVerpackung: hochwertiger Geschenkkarton<\/p>\n","protected":false},"excerpt":{"rendered":"<p>TECHING<\/p>\n","protected":false},"featured_media":411102,"template":"","meta":{"_improvement_type_select":"improve_an_existing","_thumb_yes_seoaic":false,"_frame_yes_seoaic":false,"seoaic_generate_description":"","seoaic_improve_instructions_prompt":"","seoaic_rollback_content_improvement":"","seoaic_idea_thumbnail_generator":"","thumbnail_generated":false,"thumbnail_generate_prompt":"","seoaic_article_description":"","product-afmeting-lengte-mm":"","product-afmeting-breedte-mm":"","product-afmeting-hoogte-mm":""},"product_brand":[],"product_cat":[1499,2324,2558],"product_tag":[],"class_list":{"0":"post-424887","1":"product","2":"type-product","3":"status-publish","4":"has-post-thumbnail","6":"product_cat-modellbau","7":"product_cat-teching-de","8":"product_cat-aanbieding-de","9":"pa_merken-teching-de","11":"first","12":"instock","13":"sale","14":"taxable","15":"shipping-taxable","16":"purchasable","17":"product-type-simple"},"df_price":97.49,"df_sale_price":97.49,"df_regular_price":129.99,"df_image_link":"https:\/\/www.speedcube.nl\/wp-content\/uploads\/2023\/06\/Productvisuals_Modelbouw-Teching-Dragonfly-DM334-285x300.jpg","_links":{"self":[{"href":"https:\/\/www.speedcube.nl\/de\/wp-json\/wp\/v2\/product\/424887","targetHints":{"allow":["GET"]}}],"collection":[{"href":"https:\/\/www.speedcube.nl\/de\/wp-json\/wp\/v2\/product"}],"about":[{"href":"https:\/\/www.speedcube.nl\/de\/wp-json\/wp\/v2\/types\/product"}],"version-history":[{"count":0,"href":"https:\/\/www.speedcube.nl\/de\/wp-json\/wp\/v2\/product\/424887\/revisions"}],"wp:featuredmedia":[{"embeddable":true,"href":"https:\/\/www.speedcube.nl\/de\/wp-json\/wp\/v2\/media\/411102"}],"wp:attachment":[{"href":"https:\/\/www.speedcube.nl\/de\/wp-json\/wp\/v2\/media?parent=424887"}],"wp:term":[{"taxonomy":"product_brand","embeddable":true,"href":"https:\/\/www.speedcube.nl\/de\/wp-json\/wp\/v2\/product_brand?post=424887"},{"taxonomy":"product_cat","embeddable":true,"href":"https:\/\/www.speedcube.nl\/de\/wp-json\/wp\/v2\/product_cat?post=424887"},{"taxonomy":"product_tag","embeddable":true,"href":"https:\/\/www.speedcube.nl\/de\/wp-json\/wp\/v2\/product_tag?post=424887"}],"curies":[{"name":"wp","href":"https:\/\/api.w.org\/{rel}","templated":true}]}}