{"id":424877,"date":"2023-02-27T14:21:46","date_gmt":"2023-02-27T13:21:46","guid":{"rendered":"https:\/\/www.speedcube.nl\/unkategorisiert\/schleimiges-super-set\/"},"modified":"2026-04-14T05:02:23","modified_gmt":"2026-04-14T03:02:23","slug":"schleimiges-super-set","status":"publish","type":"product","link":"https:\/\/www.speedcube.nl\/de\/kitt\/schleimig\/schleimiges-super-set\/","title":{"rendered":"Schleimiges Super-Set"},"content":{"rendered":"<p>Bist du ein echter Slimy-Fan und kannst dich nicht entscheiden? Dann ist dieses Super-Set genau das Richtige f\u00fcr Sie! In der Tat, dieses Set besteht aus: Slimy\u00ae Original (gr\u00fcn und rosa), Metallic (blau und lila), Mega Stretchy (orange), Hybrid (gold), Power Light (leuchtet im Dunkeln) und schlie\u00dflich der Hydro Slimy\u00ae (blau mit Wasserperlen).<\/p>\n<p>Schleim ist bei Kindern sehr beliebt und hat auch einen besonderen p\u00e4dagogischen Wert. Durch Ber\u00fchren, Kneten und Verteilen des Schleims werden die sensorischen und motorischen F\u00e4higkeiten geschult. Lassen Sie Ihrer Fantasie freien Lauf! Die Produktsicherheit ist f\u00fcr uns besonders wichtig. Die Original-SLIMY\u00ae-Produkte basieren auf nat\u00fcrlichen und sehr hochwertigen Inhaltsstoffen. Patentiertes Konservierungsverfahren ohne Parabene oder andere sch\u00e4dliche Stoffe, Konservierungsmittel und 100% glutenfrei. Das Original SLIMY\u00ae erf\u00fcllt die strengsten internationalen Qualit\u00e4ts- und Sicherheitsstandards.<\/p>\n<p><em>Merkmale:<br \/>\n<\/em> + Abmessungen: 282 x 200 x 66 mm<br \/>\n+ Gewicht: 8x 100 Gramm<br \/>\n+ Spa\u00df f\u00fcr Kinder ab 5 Jahren<\/p>\n","protected":false},"excerpt":{"rendered":"<p>SLIMY<\/p>\n","protected":false},"featured_media":411655,"template":"","meta":{"_improvement_type_select":"improve_an_existing","_thumb_yes_seoaic":false,"_frame_yes_seoaic":false,"seoaic_generate_description":"","seoaic_improve_instructions_prompt":"","seoaic_rollback_content_improvement":"","seoaic_idea_thumbnail_generator":"","thumbnail_generated":false,"thumbnail_generate_prompt":"","seoaic_article_description":"","product-afmeting-lengte-mm":"","product-afmeting-breedte-mm":"","product-afmeting-hoogte-mm":""},"product_brand":[],"product_cat":[1552,1751,1752],"product_tag":[],"class_list":{"0":"post-424877","1":"product","2":"type-product","3":"status-publish","4":"has-post-thumbnail","6":"product_cat-kitt","7":"product_cat-schleim","8":"product_cat-schleimig","9":"pa_merken-slimy-de","11":"first","12":"instock","13":"taxable","14":"shipping-taxable","15":"purchasable","16":"product-type-simple"},"df_price":32.99,"df_sale_price":"","df_regular_price":32.99,"df_image_link":"https:\/\/www.speedcube.nl\/wp-content\/uploads\/2023\/06\/Productvisuals_putty-Slimy-Super-Set-285x300.jpg","_links":{"self":[{"href":"https:\/\/www.speedcube.nl\/de\/wp-json\/wp\/v2\/product\/424877","targetHints":{"allow":["GET"]}}],"collection":[{"href":"https:\/\/www.speedcube.nl\/de\/wp-json\/wp\/v2\/product"}],"about":[{"href":"https:\/\/www.speedcube.nl\/de\/wp-json\/wp\/v2\/types\/product"}],"version-history":[{"count":0,"href":"https:\/\/www.speedcube.nl\/de\/wp-json\/wp\/v2\/product\/424877\/revisions"}],"wp:featuredmedia":[{"embeddable":true,"href":"https:\/\/www.speedcube.nl\/de\/wp-json\/wp\/v2\/media\/411655"}],"wp:attachment":[{"href":"https:\/\/www.speedcube.nl\/de\/wp-json\/wp\/v2\/media?parent=424877"}],"wp:term":[{"taxonomy":"product_brand","embeddable":true,"href":"https:\/\/www.speedcube.nl\/de\/wp-json\/wp\/v2\/product_brand?post=424877"},{"taxonomy":"product_cat","embeddable":true,"href":"https:\/\/www.speedcube.nl\/de\/wp-json\/wp\/v2\/product_cat?post=424877"},{"taxonomy":"product_tag","embeddable":true,"href":"https:\/\/www.speedcube.nl\/de\/wp-json\/wp\/v2\/product_tag?post=424877"}],"curies":[{"name":"wp","href":"https:\/\/api.w.org\/{rel}","templated":true}]}}