{"id":424870,"date":"2023-02-27T12:25:44","date_gmt":"2023-02-27T11:25:44","guid":{"rendered":"https:\/\/www.speedcube.nl\/unkategorisiert\/schleimige-reissverschlusstasche\/"},"modified":"2026-05-12T05:01:11","modified_gmt":"2026-05-12T03:01:11","slug":"schleimige-reissverschlusstasche","status":"publish","type":"product","link":"https:\/\/www.speedcube.nl\/de\/aanbieding-de\/schleimige-reissverschlusstasche\/","title":{"rendered":"Schleimige Rei\u00dfverschlusstasche"},"content":{"rendered":"<p>Slimy\u00ae Original, Mega &amp; Hybrid in einem Griffbeutel. So k\u00f6nnen Sie ihn nach Gebrauch einfach wieder verschlie\u00dfen. Die beste Schleimqualit\u00e4t im praktischen 45-Gramm-Zip-Beutel! Es sind mehrere Varianten und Farben erh\u00e4ltlich und es ist eine \u00dcberraschung, welche Variante und Farbe Sie erhalten. Sicherlich ist dies das ideale Geschenk, f\u00fcr das man sein Taschengeld ausgeben kann.<\/p>\n<p>Schleim ist bei Kindern sehr beliebt und hat auch einen besonderen p\u00e4dagogischen Wert. Durch Ber\u00fchren, Kneten und Verteilen des Schleims werden die sensorischen und motorischen F\u00e4higkeiten geschult. Lassen Sie Ihrer Fantasie freien Lauf! Die Produktsicherheit ist f\u00fcr uns besonders wichtig. Die Original-SLIMY\u00ae-Produkte basieren auf nat\u00fcrlichen und sehr hochwertigen Inhaltsstoffen. Patentiertes Konservierungsverfahren ohne Parabene oder andere sch\u00e4dliche Stoffe, Konservierungsmittel und 100% glutenfrei. Das Original SLIMY\u00ae erf\u00fcllt die strengsten internationalen Qualit\u00e4ts- und Sicherheitsstandards.<\/p>\n<p>Merkmale:+ Abmessungen: mm<br \/>\n+ Gewicht: 45 Gramm<br \/>\n+ Spa\u00df f\u00fcr Kinder ab 3 Jahren<\/p>\n","protected":false},"excerpt":{"rendered":"<p>SLIMY<\/p>\n","protected":false},"featured_media":411330,"template":"","meta":{"_improvement_type_select":"improve_an_existing","_thumb_yes_seoaic":false,"_frame_yes_seoaic":false,"seoaic_generate_description":"","seoaic_improve_instructions_prompt":"","seoaic_rollback_content_improvement":"","seoaic_idea_thumbnail_generator":"","thumbnail_generated":false,"thumbnail_generate_prompt":"","seoaic_article_description":"","product-afmeting-lengte-mm":"","product-afmeting-breedte-mm":"","product-afmeting-hoogte-mm":""},"product_brand":[],"product_cat":[1552,2558,1752],"product_tag":[],"class_list":{"0":"post-424870","1":"product","2":"type-product","3":"status-publish","4":"has-post-thumbnail","6":"product_cat-kitt","7":"product_cat-aanbieding-de","8":"product_cat-schleimig","9":"pa_merken-slimy-de","11":"first","12":"instock","13":"sale","14":"taxable","15":"shipping-taxable","16":"purchasable","17":"product-type-simple"},"df_price":1.79,"df_sale_price":1.79,"df_regular_price":2.99,"df_image_link":"https:\/\/www.speedcube.nl\/wp-content\/uploads\/2023\/06\/Productvisuals_putty-Slimy-Zip-Bag-285x300.jpg","_links":{"self":[{"href":"https:\/\/www.speedcube.nl\/de\/wp-json\/wp\/v2\/product\/424870","targetHints":{"allow":["GET"]}}],"collection":[{"href":"https:\/\/www.speedcube.nl\/de\/wp-json\/wp\/v2\/product"}],"about":[{"href":"https:\/\/www.speedcube.nl\/de\/wp-json\/wp\/v2\/types\/product"}],"version-history":[{"count":0,"href":"https:\/\/www.speedcube.nl\/de\/wp-json\/wp\/v2\/product\/424870\/revisions"}],"wp:featuredmedia":[{"embeddable":true,"href":"https:\/\/www.speedcube.nl\/de\/wp-json\/wp\/v2\/media\/411330"}],"wp:attachment":[{"href":"https:\/\/www.speedcube.nl\/de\/wp-json\/wp\/v2\/media?parent=424870"}],"wp:term":[{"taxonomy":"product_brand","embeddable":true,"href":"https:\/\/www.speedcube.nl\/de\/wp-json\/wp\/v2\/product_brand?post=424870"},{"taxonomy":"product_cat","embeddable":true,"href":"https:\/\/www.speedcube.nl\/de\/wp-json\/wp\/v2\/product_cat?post=424870"},{"taxonomy":"product_tag","embeddable":true,"href":"https:\/\/www.speedcube.nl\/de\/wp-json\/wp\/v2\/product_tag?post=424870"}],"curies":[{"name":"wp","href":"https:\/\/api.w.org\/{rel}","templated":true}]}}