{"id":424856,"date":"2023-02-27T13:12:08","date_gmt":"2023-02-27T12:12:08","guid":{"rendered":"https:\/\/www.speedcube.nl\/unkategorisiert\/schleimiger-ultimativer-eimerspass\/"},"modified":"2026-04-14T05:02:23","modified_gmt":"2026-04-14T03:02:23","slug":"schleimiger-ultimativer-eimerspass","status":"publish","type":"product","link":"https:\/\/www.speedcube.nl\/de\/aanbieding-de\/schleimiger-ultimativer-eimerspass\/","title":{"rendered":"Schleimiger ultimativer Eimerspa\u00df"},"content":{"rendered":"<p>Bringen Sie Ihre Schleimzeit auf die n\u00e4chste Stufe mit dem Slimy Ultimate Bucket Fun! Mit mehr als 1,2 kg Schleim und Mischungen enth\u00e4lt dieses Schleim-Set alles, was man braucht, um den perfekten Schleim herzustellen. Au\u00dferdem wird alles in einer wiederverwendbaren Aufbewahrungsbox geliefert! Was genau ist darin enthalten? Slimy\u00ae Original Metallic, Ever-Foam, Ever-Mars &amp; Cosmic Fire, Sandy Fluff, Mega Stretchy, Ice Dream und schlie\u00dflich der Hybrid.<\/p>\n<p>Schleim ist bei Kindern sehr beliebt und hat auch einen besonderen p\u00e4dagogischen Wert. Durch Ber\u00fchren, Kneten und Verteilen des Schleims werden die sensorischen und motorischen F\u00e4higkeiten geschult. Lassen Sie Ihrer Fantasie freien Lauf! Die Produktsicherheit ist f\u00fcr uns besonders wichtig. Die Original-SLIMY\u00ae-Produkte basieren auf nat\u00fcrlichen und sehr hochwertigen Inhaltsstoffen. Patentiertes Konservierungsverfahren ohne Parabene oder andere sch\u00e4dliche Stoffe, Konservierungsmittel und 100% glutenfrei. Das Original SLIMY\u00ae erf\u00fcllt die strengsten internationalen Qualit\u00e4ts- und Sicherheitsstandards.<\/p>\n<p><em>Eigenschaften:<br \/>\n<\/em> + Abmessungen: 380 x 250 x 80 mm<br \/>\n+ Gewicht: &gt; 1100 Gramm<br \/>\n+ Spa\u00df f\u00fcr Kinder ab 5 Jahren<\/p>\n","protected":false},"excerpt":{"rendered":"<p>SLIMY<\/p>\n","protected":false},"featured_media":411467,"template":"","meta":{"_improvement_type_select":"improve_an_existing","_thumb_yes_seoaic":false,"_frame_yes_seoaic":false,"seoaic_generate_description":"","seoaic_improve_instructions_prompt":"","seoaic_rollback_content_improvement":"","seoaic_idea_thumbnail_generator":"","thumbnail_generated":false,"thumbnail_generate_prompt":"","seoaic_article_description":"","product-afmeting-lengte-mm":"","product-afmeting-breedte-mm":"","product-afmeting-hoogte-mm":""},"product_brand":[],"product_cat":[1552,1752,2558],"product_tag":[],"class_list":{"0":"post-424856","1":"product","2":"type-product","3":"status-publish","4":"has-post-thumbnail","6":"product_cat-kitt","7":"product_cat-schleimig","8":"product_cat-aanbieding-de","9":"pa_merken-slimy-de","11":"first","12":"instock","13":"sale","14":"taxable","15":"shipping-taxable","16":"purchasable","17":"product-type-simple"},"df_price":19.995,"df_sale_price":19.995,"df_regular_price":39.99,"df_image_link":"https:\/\/www.speedcube.nl\/wp-content\/uploads\/2023\/06\/Productvisuals_putty-Slimy-Ultimate-Bucket-Fun-285x300.jpg","_links":{"self":[{"href":"https:\/\/www.speedcube.nl\/de\/wp-json\/wp\/v2\/product\/424856","targetHints":{"allow":["GET"]}}],"collection":[{"href":"https:\/\/www.speedcube.nl\/de\/wp-json\/wp\/v2\/product"}],"about":[{"href":"https:\/\/www.speedcube.nl\/de\/wp-json\/wp\/v2\/types\/product"}],"version-history":[{"count":0,"href":"https:\/\/www.speedcube.nl\/de\/wp-json\/wp\/v2\/product\/424856\/revisions"}],"wp:featuredmedia":[{"embeddable":true,"href":"https:\/\/www.speedcube.nl\/de\/wp-json\/wp\/v2\/media\/411467"}],"wp:attachment":[{"href":"https:\/\/www.speedcube.nl\/de\/wp-json\/wp\/v2\/media?parent=424856"}],"wp:term":[{"taxonomy":"product_brand","embeddable":true,"href":"https:\/\/www.speedcube.nl\/de\/wp-json\/wp\/v2\/product_brand?post=424856"},{"taxonomy":"product_cat","embeddable":true,"href":"https:\/\/www.speedcube.nl\/de\/wp-json\/wp\/v2\/product_cat?post=424856"},{"taxonomy":"product_tag","embeddable":true,"href":"https:\/\/www.speedcube.nl\/de\/wp-json\/wp\/v2\/product_tag?post=424856"}],"curies":[{"name":"wp","href":"https:\/\/api.w.org\/{rel}","templated":true}]}}