{"id":424854,"date":"2023-02-22T09:32:41","date_gmt":"2023-02-22T08:32:41","guid":{"rendered":"https:\/\/www.speedcube.nl\/unkategorisiert\/wrebbit-3d-harry-potter-der-ritter-bus\/"},"modified":"2026-05-03T05:26:55","modified_gmt":"2026-05-03T03:26:55","slug":"wrebbit-3d-harry-potter-der-ritter-bus","status":"publish","type":"product","link":"https:\/\/www.speedcube.nl\/de\/aanbieding-de\/wrebbit-3d-harry-potter-der-ritter-bus\/","title":{"rendered":"Wrebbit 3D Harry Potter Der Ritter Bus"},"content":{"rendered":"<p>Z\u00fccke deinen Zauberstab und rufe den Knight Bus\u2122, ein Transportmittel f\u00fcr Zauberer und unsichtbar f\u00fcr alle Muggel! Setze die 280 Teile des Knight Bus\u2122 3D-Puzzles zusammen, um den ber\u00fchmten dreist\u00f6ckigen Londoner Bus nachzubilden, der erstmals in Harry Potter und der Gefangene von Askaban auftauchte. Bereit f\u00fcr eine unvergessliche Fahrt?<\/p>\n<p>Der Knight Bus\u2122 ist Teil der offiziellen Harry Potter 3D-Puzzle-Kollektion\u2122. Kombiniere mit den anderen 3D-Puzzles aus der <a href=\"https:\/\/www.speedcube.nl\/de\/ratsel-de\/wrebbit-3d-de\/\">Wrebbit-Kollektion<\/a>, um J.K.&#8217;s magische Welt zum Leben zu erwecken! Rowlings ber\u00fchmte Serie nimmt vor Ihren Augen Gestalt an. Ein perfektes Geschenk f\u00fcr alle Zauberlehrlinge!<\/p>\n<p>Anzahl der St\u00fccke: 280<br \/>\nMaterial: Schaumstoff<br \/>\nGr\u00f6\u00dfe des Puzzles: 26 x 7 x 19 cm<br \/>\nAlter: 12+ Jahre<\/p>\n","protected":false},"excerpt":{"rendered":"<p>WREBBIT 3D<\/p>\n","protected":false},"featured_media":410358,"template":"","meta":{"_improvement_type_select":"improve_an_existing","_thumb_yes_seoaic":false,"_frame_yes_seoaic":false,"seoaic_generate_description":"","seoaic_improve_instructions_prompt":"","seoaic_rollback_content_improvement":"","seoaic_idea_thumbnail_generator":"","thumbnail_generated":false,"thumbnail_generate_prompt":"","seoaic_article_description":"","product-afmeting-lengte-mm":"","product-afmeting-breedte-mm":"","product-afmeting-hoogte-mm":""},"product_brand":[],"product_cat":[1613,2558],"product_tag":[],"class_list":{"0":"post-424854","1":"product","2":"type-product","3":"status-publish","4":"has-post-thumbnail","6":"product_cat-ratsel-de","7":"product_cat-aanbieding-de","8":"pa_merken-wrebbit-3d-de","10":"first","11":"instock","12":"sale","13":"taxable","14":"shipping-taxable","15":"purchasable","16":"product-type-simple"},"df_price":17.5,"df_sale_price":17.5,"df_regular_price":34.99,"df_image_link":"https:\/\/www.speedcube.nl\/wp-content\/uploads\/2023\/06\/Productvisuals_Puzzels-Wrebbit-3D-Harry-Potter-The-Knight-Bus-285x300.jpg","_links":{"self":[{"href":"https:\/\/www.speedcube.nl\/de\/wp-json\/wp\/v2\/product\/424854","targetHints":{"allow":["GET"]}}],"collection":[{"href":"https:\/\/www.speedcube.nl\/de\/wp-json\/wp\/v2\/product"}],"about":[{"href":"https:\/\/www.speedcube.nl\/de\/wp-json\/wp\/v2\/types\/product"}],"version-history":[{"count":0,"href":"https:\/\/www.speedcube.nl\/de\/wp-json\/wp\/v2\/product\/424854\/revisions"}],"wp:featuredmedia":[{"embeddable":true,"href":"https:\/\/www.speedcube.nl\/de\/wp-json\/wp\/v2\/media\/410358"}],"wp:attachment":[{"href":"https:\/\/www.speedcube.nl\/de\/wp-json\/wp\/v2\/media?parent=424854"}],"wp:term":[{"taxonomy":"product_brand","embeddable":true,"href":"https:\/\/www.speedcube.nl\/de\/wp-json\/wp\/v2\/product_brand?post=424854"},{"taxonomy":"product_cat","embeddable":true,"href":"https:\/\/www.speedcube.nl\/de\/wp-json\/wp\/v2\/product_cat?post=424854"},{"taxonomy":"product_tag","embeddable":true,"href":"https:\/\/www.speedcube.nl\/de\/wp-json\/wp\/v2\/product_tag?post=424854"}],"curies":[{"name":"wp","href":"https:\/\/api.w.org\/{rel}","templated":true}]}}