{"id":424853,"date":"2023-02-22T10:48:23","date_gmt":"2023-02-22T09:48:23","guid":{"rendered":"https:\/\/www.speedcube.nl\/unkategorisiert\/wrebbit-3d-space-shuttle-orbiter\/"},"modified":"2026-04-14T05:02:37","modified_gmt":"2026-04-14T03:02:37","slug":"wrebbit-3d-space-shuttle-orbiter","status":"publish","type":"product","link":"https:\/\/www.speedcube.nl\/de\/aanbieding-de\/wrebbit-3d-space-shuttle-orbiter\/","title":{"rendered":"Wrebbit 3D Space Shuttle Orbiter"},"content":{"rendered":"<p>3.. 2.. 1.. bereit zum Abheben? Holen Sie sich dieses 435-teilige 3D-Puzzle des beliebten Orbiter Space Shuttles nach Hause. Der Nervenkitzel der wissenschaftlichen Erforschung, die internationale Zusammenarbeit und die Verhei\u00dfung der ultimativen Grenze werden Sie erleben, wenn Sie dieses 3D-Puzzle nachbauen. Eines unserer leichter zug\u00e4nglichen 3D-Puzzles f\u00fcr ein lustiges Familienerlebnis.<\/p>\n<p>Das Orbiter Space Shuttle 3D-Puzzle ist eines der sch\u00f6nen Modelle aus der Classics-Kollektion, die bekannte architektonische Wahrzeichen und internationale technische Wunderwerke zeigt. Pr\u00e4sentieren Sie dieses 3D-Puzzle mit Stolz als Beweis f\u00fcr Ihre Talente und Leistungen, und genie\u00dfen Sie dann die anderen 3D-Puzzle-Repliken der angesehenen Weltwunder in der Sammlung.<\/p>\n<p>Anzahl der St\u00fccke: 435<br \/>\nMaterial: Schaumstoff<br \/>\nGr\u00f6\u00dfe des Puzzles: 45,75 x 29,25 x 20,25 cm<br \/>\nAlter: 12+ Jahre<\/p>\n","protected":false},"excerpt":{"rendered":"<p>WREBBIT 3D<\/p>\n","protected":false},"featured_media":410670,"template":"","meta":{"_improvement_type_select":"improve_an_existing","_thumb_yes_seoaic":false,"_frame_yes_seoaic":false,"seoaic_generate_description":"","seoaic_improve_instructions_prompt":"","seoaic_rollback_content_improvement":"","seoaic_idea_thumbnail_generator":"","thumbnail_generated":false,"thumbnail_generate_prompt":"","seoaic_article_description":"","product-afmeting-lengte-mm":"","product-afmeting-breedte-mm":"","product-afmeting-hoogte-mm":""},"product_brand":[],"product_cat":[1613,2558],"product_tag":[],"class_list":{"0":"post-424853","1":"product","2":"type-product","3":"status-publish","4":"has-post-thumbnail","6":"product_cat-ratsel-de","7":"product_cat-aanbieding-de","8":"pa_merken-wrebbit-3d-de","10":"first","11":"instock","12":"sale","13":"taxable","14":"shipping-taxable","15":"purchasable","16":"product-type-simple"},"df_price":17.495,"df_sale_price":17.495,"df_regular_price":34.99,"df_image_link":"https:\/\/www.speedcube.nl\/wp-content\/uploads\/2023\/06\/Productvisuals_Puzzels-Wrebbit-3D-Space-Shuttle-Orbiter-285x300.jpg","_links":{"self":[{"href":"https:\/\/www.speedcube.nl\/de\/wp-json\/wp\/v2\/product\/424853","targetHints":{"allow":["GET"]}}],"collection":[{"href":"https:\/\/www.speedcube.nl\/de\/wp-json\/wp\/v2\/product"}],"about":[{"href":"https:\/\/www.speedcube.nl\/de\/wp-json\/wp\/v2\/types\/product"}],"version-history":[{"count":0,"href":"https:\/\/www.speedcube.nl\/de\/wp-json\/wp\/v2\/product\/424853\/revisions"}],"wp:featuredmedia":[{"embeddable":true,"href":"https:\/\/www.speedcube.nl\/de\/wp-json\/wp\/v2\/media\/410670"}],"wp:attachment":[{"href":"https:\/\/www.speedcube.nl\/de\/wp-json\/wp\/v2\/media?parent=424853"}],"wp:term":[{"taxonomy":"product_brand","embeddable":true,"href":"https:\/\/www.speedcube.nl\/de\/wp-json\/wp\/v2\/product_brand?post=424853"},{"taxonomy":"product_cat","embeddable":true,"href":"https:\/\/www.speedcube.nl\/de\/wp-json\/wp\/v2\/product_cat?post=424853"},{"taxonomy":"product_tag","embeddable":true,"href":"https:\/\/www.speedcube.nl\/de\/wp-json\/wp\/v2\/product_tag?post=424853"}],"curies":[{"name":"wp","href":"https:\/\/api.w.org\/{rel}","templated":true}]}}