{"id":424851,"date":"2023-02-27T07:58:30","date_gmt":"2023-02-27T06:58:30","guid":{"rendered":"https:\/\/www.speedcube.nl\/unkategorisiert\/teching-mini-dieselmotor-dm115\/"},"modified":"2026-04-18T05:01:24","modified_gmt":"2026-04-18T03:01:24","slug":"teching-mini-dieselmotor-dm115","status":"publish","type":"product","link":"https:\/\/www.speedcube.nl\/de\/modellbau\/teching-de\/teching-mini-dieselmotor-dm115\/","title":{"rendered":"Teching Mini-Dieselmotor DM115"},"content":{"rendered":"<p>Der genial gestaltete Mini-Dieselmotor mit hochwertigen und extrem strukturierten Metallteilen vermittelt Ihnen die wunderbare Welt des Maschinenbaus in einer realit\u00e4tsnahen Umgebung. Er kann an den Strom angeschlossen und vom Motor angetrieben werden, was f\u00fcr mehr Realit\u00e4t und Interesse sorgt. Sie k\u00f6nnen den gesamten Vorgang des Drehens des Motors beobachten. Der Bausatz besteht aus mehr als 300 Teilen und wird mit einer englischen Anleitung geliefert. Sie erleben pers\u00f6nlich den gesamten Prozess vom Zusammenbau der Kleinteile bis zum Endprodukt und dem Bau eines schockierenden Motormodells.<\/p>\n<p>Dieser wunderbare Modellbaukasten erm\u00f6glicht es Erwachsenen, mit Kindern zu arbeiten, um ihre Freizeit zu verbringen, was die Interaktion zwischen Eltern und Kindern verbessert, Kinder durch popul\u00e4res industrielles Wissen f\u00fchrt, ihr Wissen und ihre Vorstellungskraft erh\u00f6ht, mentales und logisches Denken entwickelt und auch Innovation und Kreativit\u00e4t f\u00f6rdert.<\/p>\n<p>Ma\u00dfstab: 1\/10<br \/>\nProduktgewicht: 1500 Gramm<br \/>\nGewicht der Verpackung: 1800 Gramm<br \/>\nMaterial: rostfreier Stahl + Aluminiumlegierung<br \/>\nAlter: 14 Jahre und \u00e4lter<br \/>\nAbmessungen der Verpackung: 20 x 20 x 15 cm<br \/>\nAnzahl der Teile: 300+<br \/>\nMontagezeit: \u00b1 4 Stunden<br \/>\nSchwierigkeit der Montage: 4 Sterne<\/p>\n<p>Lithium-Akku: 450mAh Li-Akku<br \/>\nLadespannung: DC 5V (USB-Kabel)<br \/>\nAufladezeit: 2 Stunden<br \/>\nDauer: Mehr als 60 Minuten (bei voller Leistung)<br \/>\nFunktion: Automatische Abschaltung bei externem Widerstand<br \/>\nVerpackung: hochwertige Metall-Geschenkbox<\/p>\n","protected":false},"excerpt":{"rendered":"<p>TECHING<\/p>\n","protected":false},"featured_media":410973,"template":"","meta":{"_improvement_type_select":"improve_an_existing","_thumb_yes_seoaic":false,"_frame_yes_seoaic":false,"seoaic_generate_description":"","seoaic_improve_instructions_prompt":"","seoaic_rollback_content_improvement":"","seoaic_idea_thumbnail_generator":"","thumbnail_generated":false,"thumbnail_generate_prompt":"","seoaic_article_description":"","product-afmeting-lengte-mm":"","product-afmeting-breedte-mm":"","product-afmeting-hoogte-mm":""},"product_brand":[],"product_cat":[1500,1720,1499,1501,2324],"product_tag":[],"class_list":{"0":"post-424851","1":"product","2":"type-product","3":"status-publish","4":"has-post-thumbnail","6":"product_cat-baukasten-fur-erwachsene","7":"product_cat-metallbaukasten","8":"product_cat-modellbau","9":"product_cat-modellmotoren","10":"product_cat-teching-de","11":"pa_merken-teching-de","13":"first","14":"instock","15":"taxable","16":"shipping-taxable","17":"purchasable","18":"product-type-simple"},"df_price":369.99,"df_sale_price":"","df_regular_price":369.99,"df_image_link":"https:\/\/www.speedcube.nl\/wp-content\/uploads\/2023\/06\/Productvisuals_Modelbouw-Teching-Mini-Diesel-Engine-DM115-285x300.jpg","_links":{"self":[{"href":"https:\/\/www.speedcube.nl\/de\/wp-json\/wp\/v2\/product\/424851","targetHints":{"allow":["GET"]}}],"collection":[{"href":"https:\/\/www.speedcube.nl\/de\/wp-json\/wp\/v2\/product"}],"about":[{"href":"https:\/\/www.speedcube.nl\/de\/wp-json\/wp\/v2\/types\/product"}],"version-history":[{"count":0,"href":"https:\/\/www.speedcube.nl\/de\/wp-json\/wp\/v2\/product\/424851\/revisions"}],"wp:featuredmedia":[{"embeddable":true,"href":"https:\/\/www.speedcube.nl\/de\/wp-json\/wp\/v2\/media\/410973"}],"wp:attachment":[{"href":"https:\/\/www.speedcube.nl\/de\/wp-json\/wp\/v2\/media?parent=424851"}],"wp:term":[{"taxonomy":"product_brand","embeddable":true,"href":"https:\/\/www.speedcube.nl\/de\/wp-json\/wp\/v2\/product_brand?post=424851"},{"taxonomy":"product_cat","embeddable":true,"href":"https:\/\/www.speedcube.nl\/de\/wp-json\/wp\/v2\/product_cat?post=424851"},{"taxonomy":"product_tag","embeddable":true,"href":"https:\/\/www.speedcube.nl\/de\/wp-json\/wp\/v2\/product_tag?post=424851"}],"curies":[{"name":"wp","href":"https:\/\/api.w.org\/{rel}","templated":true}]}}