{"id":424849,"date":"2023-02-27T14:15:45","date_gmt":"2023-02-27T13:15:45","guid":{"rendered":"https:\/\/www.speedcube.nl\/unkategorisiert\/schleimiges-super-set-neon-hell\/"},"modified":"2026-05-15T05:10:49","modified_gmt":"2026-05-15T03:10:49","slug":"schleimiges-super-set-neon-hell","status":"publish","type":"product","link":"https:\/\/www.speedcube.nl\/de\/aanbieding-de\/schleimiges-super-set-neon-hell\/","title":{"rendered":"Schleimiges Super Set Neon Hell"},"content":{"rendered":"<p>Ein Neon Slimy Set mit bunten Streuseln zum Mischen und Kombinieren! Das Slimy Super Set besteht aus 4 verschiedenen neonfarbenen Slimy&#8217;s: pink, gelb, blau und lila. Schleim ist bei Kindern sehr beliebt und hat auch einen besonderen p\u00e4dagogischen Wert. Durch Ber\u00fchren, Kneten und Verteilen des Schleims werden die sensorischen und motorischen F\u00e4higkeiten geschult. Lassen Sie Ihrer Fantasie freien Lauf! Die Produktsicherheit ist f\u00fcr uns besonders wichtig. Die Original-SLIMY\u00ae-Produkte basieren auf nat\u00fcrlichen und sehr hochwertigen Inhaltsstoffen. Patentiertes Konservierungsverfahren ohne Parabene oder andere sch\u00e4dliche Stoffe, Konservierungsmittel und 100% glutenfrei. Das Original SLIMY\u00ae erf\u00fcllt die strengsten internationalen Qualit\u00e4ts- und Sicherheitsstandards.<\/p>\n<p><em>Merkmale:<br \/>\n<\/em> + Abmessungen: 97 x 250 x 200 mm<br \/>\n+ Gewicht: 240 Gramm<br \/>\n+ Spa\u00df f\u00fcr Kinder ab 5 Jahren<\/p>\n","protected":false},"excerpt":{"rendered":"<p>SLIMY<\/p>\n","protected":false},"featured_media":411624,"template":"","meta":{"_improvement_type_select":"improve_an_existing","_thumb_yes_seoaic":false,"_frame_yes_seoaic":false,"seoaic_generate_description":"","seoaic_improve_instructions_prompt":"","seoaic_rollback_content_improvement":"","seoaic_idea_thumbnail_generator":"","thumbnail_generated":false,"thumbnail_generate_prompt":"","seoaic_article_description":"","product-afmeting-lengte-mm":"","product-afmeting-breedte-mm":"","product-afmeting-hoogte-mm":""},"product_brand":[],"product_cat":[1552,2558,1752],"product_tag":[],"class_list":{"0":"post-424849","1":"product","2":"type-product","3":"status-publish","4":"has-post-thumbnail","6":"product_cat-kitt","7":"product_cat-aanbieding-de","8":"product_cat-schleimig","9":"pa_merken-slimy-de","11":"first","12":"instock","13":"sale","14":"taxable","15":"shipping-taxable","16":"purchasable","17":"product-type-simple"},"df_price":8.39,"df_sale_price":8.39,"df_regular_price":13.99,"df_image_link":"https:\/\/www.speedcube.nl\/wp-content\/uploads\/2023\/06\/Productvisuals_putty-Slimy-Neon-Bright-285x300.jpg","_links":{"self":[{"href":"https:\/\/www.speedcube.nl\/de\/wp-json\/wp\/v2\/product\/424849","targetHints":{"allow":["GET"]}}],"collection":[{"href":"https:\/\/www.speedcube.nl\/de\/wp-json\/wp\/v2\/product"}],"about":[{"href":"https:\/\/www.speedcube.nl\/de\/wp-json\/wp\/v2\/types\/product"}],"version-history":[{"count":0,"href":"https:\/\/www.speedcube.nl\/de\/wp-json\/wp\/v2\/product\/424849\/revisions"}],"wp:featuredmedia":[{"embeddable":true,"href":"https:\/\/www.speedcube.nl\/de\/wp-json\/wp\/v2\/media\/411624"}],"wp:attachment":[{"href":"https:\/\/www.speedcube.nl\/de\/wp-json\/wp\/v2\/media?parent=424849"}],"wp:term":[{"taxonomy":"product_brand","embeddable":true,"href":"https:\/\/www.speedcube.nl\/de\/wp-json\/wp\/v2\/product_brand?post=424849"},{"taxonomy":"product_cat","embeddable":true,"href":"https:\/\/www.speedcube.nl\/de\/wp-json\/wp\/v2\/product_cat?post=424849"},{"taxonomy":"product_tag","embeddable":true,"href":"https:\/\/www.speedcube.nl\/de\/wp-json\/wp\/v2\/product_tag?post=424849"}],"curies":[{"name":"wp","href":"https:\/\/api.w.org\/{rel}","templated":true}]}}