{"id":424809,"date":"2023-03-02T13:31:57","date_gmt":"2023-03-02T12:31:57","guid":{"rendered":"https:\/\/www.speedcube.nl\/unkategorisiert\/ravensburger-superman-1000-teile\/"},"modified":"2026-04-30T05:12:37","modified_gmt":"2026-04-30T03:12:37","slug":"ravensburger-superman-1000-teile","status":"publish","type":"product","link":"https:\/\/www.speedcube.nl\/de\/aanbieding-de\/ravensburger-superman-1000-teile\/","title":{"rendered":"Ravensburger Superman 1000 Teile"},"content":{"rendered":"<div class=\"QcsUad BDJ8fb BLojaf\">\n<div class=\"usGWQd\" aria-live=\"polite\">\n<div class=\"KkbLmb\">\n<div class=\"lRu31\">\n<p>Entfliehe der Realit\u00e4t und tauche ein in die Welt der Ravensburger Puzzles. Dieses Ravensburger Superman-Puzzle mit 1000 Teilen ist sowohl f\u00fcr Anf\u00e4nger als auch f\u00fcr erfahrene Puzzler geeignet. Und da unsere beliebten Puzzles eine Standardgr\u00f6\u00dfe haben, k\u00f6nnen Sie das Ergebnis einrahmen und aufh\u00e4ngen.<\/p>\n<\/div>\n<\/div>\n<\/div>\n<\/div>\n","protected":false},"excerpt":{"rendered":"<p>RAVENSBURGER<\/p>\n","protected":false},"featured_media":412496,"template":"","meta":{"_improvement_type_select":"improve_an_existing","_thumb_yes_seoaic":false,"_frame_yes_seoaic":false,"seoaic_generate_description":"","seoaic_improve_instructions_prompt":"","seoaic_rollback_content_improvement":"","seoaic_idea_thumbnail_generator":"","thumbnail_generated":false,"thumbnail_generate_prompt":"","seoaic_article_description":"","product-afmeting-lengte-mm":"700","product-afmeting-breedte-mm":"500","product-afmeting-hoogte-mm":"2"},"product_brand":[],"product_cat":[1613,2164,2558],"product_tag":[],"class_list":{"0":"post-424809","1":"product","2":"type-product","3":"status-publish","4":"has-post-thumbnail","6":"product_cat-ratsel-de","7":"product_cat-ravensburger-de","8":"product_cat-aanbieding-de","9":"pa_merken-ravensburger-de","11":"first","12":"instock","13":"sale","14":"taxable","15":"shipping-taxable","16":"purchasable","17":"product-type-simple"},"df_price":9.5,"df_sale_price":9.5,"df_regular_price":18.99,"df_image_link":"https:\/\/www.speedcube.nl\/wp-content\/uploads\/2023\/06\/Productvisuals_Puzzels-Ravensburger-Superman-285x300.jpg","_links":{"self":[{"href":"https:\/\/www.speedcube.nl\/de\/wp-json\/wp\/v2\/product\/424809","targetHints":{"allow":["GET"]}}],"collection":[{"href":"https:\/\/www.speedcube.nl\/de\/wp-json\/wp\/v2\/product"}],"about":[{"href":"https:\/\/www.speedcube.nl\/de\/wp-json\/wp\/v2\/types\/product"}],"version-history":[{"count":0,"href":"https:\/\/www.speedcube.nl\/de\/wp-json\/wp\/v2\/product\/424809\/revisions"}],"wp:featuredmedia":[{"embeddable":true,"href":"https:\/\/www.speedcube.nl\/de\/wp-json\/wp\/v2\/media\/412496"}],"wp:attachment":[{"href":"https:\/\/www.speedcube.nl\/de\/wp-json\/wp\/v2\/media?parent=424809"}],"wp:term":[{"taxonomy":"product_brand","embeddable":true,"href":"https:\/\/www.speedcube.nl\/de\/wp-json\/wp\/v2\/product_brand?post=424809"},{"taxonomy":"product_cat","embeddable":true,"href":"https:\/\/www.speedcube.nl\/de\/wp-json\/wp\/v2\/product_cat?post=424809"},{"taxonomy":"product_tag","embeddable":true,"href":"https:\/\/www.speedcube.nl\/de\/wp-json\/wp\/v2\/product_tag?post=424809"}],"curies":[{"name":"wp","href":"https:\/\/api.w.org\/{rel}","templated":true}]}}