{"id":424778,"date":"2023-03-07T09:10:43","date_gmt":"2023-03-07T08:10:43","guid":{"rendered":"https:\/\/www.speedcube.nl\/unkategorisiert\/rubiks-master-4x4\/"},"modified":"2026-05-04T05:15:56","modified_gmt":"2026-05-04T03:15:56","slug":"rubiks-master-4x4","status":"publish","type":"product","link":"https:\/\/www.speedcube.nl\/de\/speedcube-de\/rubiks-de\/rubiks-master-4x4\/","title":{"rendered":"Rubik&#8217;s Master 4&#215;4"},"content":{"rendered":"<p>Rubik&#8217;s Cube 4&#215;4 ist ein klassisches Puzzle, bei dem es darum geht, Farben zu kombinieren, und das man zu Hause oder unterwegs spielen kann. Wenn Sie den 3&#215;3-W\u00fcrfel gel\u00f6st haben und nun die n\u00e4chste Herausforderung suchen, ist der Rubik&#8217;s Master genau das Richtige f\u00fcr Sie: Die 4&#215;4-Version des klassischen Rubik&#8217;s W\u00fcrfels. Auch Rubik&#8217;s Master oder Meisterw\u00fcrfel genannt, verspricht er zeitlosen Probleml\u00f6sungsspa\u00df. Beim Rubik&#8217;s Cube geht es darum, clever zu spielen und garantiert das Muskelged\u00e4chtnis und die Hand-Augen-Koordination zu verbessern. Ein Puzzlespiel, bei dem es nicht nur um Spa\u00df geht, sondern auch um die Verbesserung der motorischen F\u00e4higkeiten und der Probleml\u00f6sungskompetenz. Es macht Spa\u00df und s\u00fcchtig, es zu l\u00f6sen. Wenn du ihn einmal gemeistert hast, kannst du alle deine Freunde mit der L\u00f6sung eines der gr\u00f6\u00dften R\u00e4tsel des Lebens beeindrucken: dem Rubik&#8217;s Cube. Fangen Sie bald an und zeigen Sie, dass Sie clever spielen k\u00f6nnen.<\/p>\n","protected":false},"excerpt":{"rendered":"<p>RUBIK&#8217;S<\/p>\n","protected":false},"featured_media":413050,"template":"","meta":{"_improvement_type_select":"improve_an_existing","_thumb_yes_seoaic":false,"_frame_yes_seoaic":false,"seoaic_generate_description":"","seoaic_improve_instructions_prompt":"","seoaic_rollback_content_improvement":"","seoaic_idea_thumbnail_generator":"","thumbnail_generated":false,"thumbnail_generate_prompt":"","seoaic_article_description":"","product-afmeting-lengte-mm":"","product-afmeting-breedte-mm":"","product-afmeting-hoogte-mm":""},"product_brand":[],"product_cat":[1229,1843,1211],"product_tag":[],"class_list":{"0":"post-424778","1":"product","2":"type-product","3":"status-publish","4":"has-post-thumbnail","6":"product_cat-4x4-de","7":"product_cat-rubiks-de","8":"product_cat-speedcube-de","9":"pa_merken-rubiks-de","11":"first","12":"instock","13":"taxable","14":"shipping-taxable","15":"purchasable","16":"product-type-simple"},"df_price":24.99,"df_sale_price":"","df_regular_price":24.99,"df_image_link":"https:\/\/www.speedcube.nl\/wp-content\/uploads\/2023\/06\/Productvisuals_Speedcubes-Rubiks-Master-4x4-Kubus-1-285x300.jpg","_links":{"self":[{"href":"https:\/\/www.speedcube.nl\/de\/wp-json\/wp\/v2\/product\/424778","targetHints":{"allow":["GET"]}}],"collection":[{"href":"https:\/\/www.speedcube.nl\/de\/wp-json\/wp\/v2\/product"}],"about":[{"href":"https:\/\/www.speedcube.nl\/de\/wp-json\/wp\/v2\/types\/product"}],"version-history":[{"count":0,"href":"https:\/\/www.speedcube.nl\/de\/wp-json\/wp\/v2\/product\/424778\/revisions"}],"wp:featuredmedia":[{"embeddable":true,"href":"https:\/\/www.speedcube.nl\/de\/wp-json\/wp\/v2\/media\/413050"}],"wp:attachment":[{"href":"https:\/\/www.speedcube.nl\/de\/wp-json\/wp\/v2\/media?parent=424778"}],"wp:term":[{"taxonomy":"product_brand","embeddable":true,"href":"https:\/\/www.speedcube.nl\/de\/wp-json\/wp\/v2\/product_brand?post=424778"},{"taxonomy":"product_cat","embeddable":true,"href":"https:\/\/www.speedcube.nl\/de\/wp-json\/wp\/v2\/product_cat?post=424778"},{"taxonomy":"product_tag","embeddable":true,"href":"https:\/\/www.speedcube.nl\/de\/wp-json\/wp\/v2\/product_tag?post=424778"}],"curies":[{"name":"wp","href":"https:\/\/api.w.org\/{rel}","templated":true}]}}