{"id":424735,"date":"2023-09-07T16:39:11","date_gmt":"2023-09-07T14:39:11","guid":{"rendered":"https:\/\/www.speedcube.nl\/unkategorisiert\/ein-drachen-mandala-bewusste-liebe\/"},"modified":"2026-04-19T05:04:00","modified_gmt":"2026-04-19T03:04:00","slug":"ein-drachen-mandala-bewusste-liebe","status":"publish","type":"product","link":"https:\/\/www.speedcube.nl\/de\/aanbieding-de\/ein-drachen-mandala-bewusste-liebe\/","title":{"rendered":"Ein-Drachen-Mandala Bewusste Liebe"},"content":{"rendered":"<p>Die Liebe ist wie ein perfekt passendes Puzzle, in dem zwei Menschen harmonisch zusammenfinden. Dieses Mandala-Puzzle der bewussten Liebe ist eine bezaubernde Reise durch die verborgene Liebe, erz\u00e4hlt mit leuchtenden Farben, flatternden Schmetterlingen und zarten Tauben. Mit jedem gel\u00f6sten Teil des Puzzles entfaltet sich ein neues Kapitel in diesem romantischen Abenteuer. Von der Aufregung einer kleinen Romanze bis hin zur Tiefe und Reife einer ewigen Liebe &#8211; jeder Band erz\u00e4hlt eine einzigartige Geschichte. Das Puzzle ist ein spielerisches Kunstwerk mit einem Illustrationsstil, der Quilling genannt wird, aber das wahre Meisterwerk ist das gro\u00dfe Herz in der Mitte. Durch eine einzigartige Technik wird das Bild in 3D zum Leben erweckt. Und als charmantes Detail k\u00f6nnen Sie das Herz auch einzeln zusammensetzen, um es als Andenken zu behalten, das jedes Herz erw\u00e4rmt.<\/p>\n<p>Die Puzzles sind aus 3 mm starkem, gepresstem HDF gefertigt. Dieses Material ist umweltfreundlich, hochwertig und langlebig. Wenn du mit dem Zusammensetzen fertig bist, darfst du das Puzzle nicht zur\u00fcck in den Schrank legen. Verwenden Sie es als Innendekoration! Zu diesem Zweck haben wir ein spezielles Klebesystem entwickelt, das das Puzzle zusammensetzt und an die Wand klebt.<\/p>\n<p>MEDIUM<br \/>\nAnzahl der St\u00fccke: 200<br \/>\nGr\u00f6\u00dfe des Puzzles: 249 x 249 mm<\/p>\n<p>KING SIZE<br \/>\nAnzahl der St\u00fccke: 350<br \/>\nGr\u00f6\u00dfe des Puzzles: 331 x 331 mm<\/p>\n","protected":false},"excerpt":{"rendered":"<p>UNIDRAGON<\/p>\n","protected":false},"featured_media":419320,"template":"","meta":{"_improvement_type_select":"improve_an_existing","_thumb_yes_seoaic":false,"_frame_yes_seoaic":false,"seoaic_generate_description":"","seoaic_improve_instructions_prompt":"","seoaic_rollback_content_improvement":"","seoaic_idea_thumbnail_generator":"","thumbnail_generated":false,"thumbnail_generate_prompt":"","seoaic_article_description":"","product-afmeting-lengte-mm":"","product-afmeting-breedte-mm":"","product-afmeting-hoogte-mm":""},"product_brand":[],"product_cat":[1613,1624,2558],"product_tag":[],"class_list":{"0":"post-424735","1":"product","2":"type-product","3":"status-publish","4":"has-post-thumbnail","6":"product_cat-ratsel-de","7":"product_cat-unidragon-de","8":"product_cat-aanbieding-de","9":"pa_merken-unidragon-de","11":"first","12":"instock","13":"sale","14":"taxable","15":"shipping-taxable","16":"purchasable","17":"product-type-variable"},"df_price":24.98,"df_sale_price":"","df_regular_price":24.98,"df_image_link":"https:\/\/www.speedcube.nl\/wp-content\/uploads\/2023\/09\/Productvisuals_Puzzels-UNIDRAGON-Mandala-Consious-Love--285x300.jpg","_links":{"self":[{"href":"https:\/\/www.speedcube.nl\/de\/wp-json\/wp\/v2\/product\/424735","targetHints":{"allow":["GET"]}}],"collection":[{"href":"https:\/\/www.speedcube.nl\/de\/wp-json\/wp\/v2\/product"}],"about":[{"href":"https:\/\/www.speedcube.nl\/de\/wp-json\/wp\/v2\/types\/product"}],"version-history":[{"count":0,"href":"https:\/\/www.speedcube.nl\/de\/wp-json\/wp\/v2\/product\/424735\/revisions"}],"wp:featuredmedia":[{"embeddable":true,"href":"https:\/\/www.speedcube.nl\/de\/wp-json\/wp\/v2\/media\/419320"}],"wp:attachment":[{"href":"https:\/\/www.speedcube.nl\/de\/wp-json\/wp\/v2\/media?parent=424735"}],"wp:term":[{"taxonomy":"product_brand","embeddable":true,"href":"https:\/\/www.speedcube.nl\/de\/wp-json\/wp\/v2\/product_brand?post=424735"},{"taxonomy":"product_cat","embeddable":true,"href":"https:\/\/www.speedcube.nl\/de\/wp-json\/wp\/v2\/product_cat?post=424735"},{"taxonomy":"product_tag","embeddable":true,"href":"https:\/\/www.speedcube.nl\/de\/wp-json\/wp\/v2\/product_tag?post=424735"}],"curies":[{"name":"wp","href":"https:\/\/api.w.org\/{rel}","templated":true}]}}