{"id":424734,"date":"2023-09-05T12:32:49","date_gmt":"2023-09-05T10:32:49","guid":{"rendered":"https:\/\/www.speedcube.nl\/unkategorisiert\/qiyi-qimeng-v2-3x3\/"},"modified":"2026-04-29T05:03:11","modified_gmt":"2026-04-29T03:03:11","slug":"qiyi-qimeng-v2-3x3","status":"publish","type":"product","link":"https:\/\/www.speedcube.nl\/de\/speedcube-de\/qiyi-de\/qiyi-qimeng-v2-3x3\/","title":{"rendered":"QiYi QiMeng V2 3&#215;3"},"content":{"rendered":"<p>Der QiYi QiMeng V2 3&#215;3 ist ein preiswerter, nicht-magnetischer W\u00fcrfel von QiYi, der sich ideal f\u00fcr Einsteiger in das Speedcubing eignet. Es eignet sich auch hervorragend als kleines Geschenk. Dieser W\u00fcrfel verf\u00fcgt \u00fcber spezielle Rillen, die eine reibungslose Drehung gew\u00e4hrleisten und verhindern, dass der W\u00fcrfel stecken bleibt. Au\u00dferdem f\u00fchlt sich der W\u00fcrfel schnell an und hat ein kratziges Drehgef\u00fchl.<\/p>\n","protected":false},"excerpt":{"rendered":"<p>QIYI<\/p>\n","protected":false},"featured_media":419140,"template":"","meta":{"_improvement_type_select":"improve_an_existing","_thumb_yes_seoaic":false,"_frame_yes_seoaic":false,"seoaic_generate_description":"","seoaic_improve_instructions_prompt":"","seoaic_rollback_content_improvement":"","seoaic_idea_thumbnail_generator":"","thumbnail_generated":false,"thumbnail_generate_prompt":"","seoaic_article_description":"","product-afmeting-lengte-mm":"","product-afmeting-breedte-mm":"","product-afmeting-hoogte-mm":""},"product_brand":[],"product_cat":[1221,1235,1211],"product_tag":[],"class_list":{"0":"post-424734","1":"product","2":"type-product","3":"status-publish","4":"has-post-thumbnail","6":"product_cat-3x3-de","7":"product_cat-qiyi-de","8":"product_cat-speedcube-de","9":"pa_merken-qiyi-de","11":"first","12":"instock","13":"taxable","14":"shipping-taxable","15":"purchasable","16":"product-type-simple"},"df_price":6.99,"df_sale_price":"","df_regular_price":6.99,"df_image_link":"https:\/\/www.speedcube.nl\/wp-content\/uploads\/2023\/09\/Productvisuals_Speedcubes-QiYi-QiMeng-V2-3x3-1-1-285x300.jpg","_links":{"self":[{"href":"https:\/\/www.speedcube.nl\/de\/wp-json\/wp\/v2\/product\/424734","targetHints":{"allow":["GET"]}}],"collection":[{"href":"https:\/\/www.speedcube.nl\/de\/wp-json\/wp\/v2\/product"}],"about":[{"href":"https:\/\/www.speedcube.nl\/de\/wp-json\/wp\/v2\/types\/product"}],"version-history":[{"count":0,"href":"https:\/\/www.speedcube.nl\/de\/wp-json\/wp\/v2\/product\/424734\/revisions"}],"wp:featuredmedia":[{"embeddable":true,"href":"https:\/\/www.speedcube.nl\/de\/wp-json\/wp\/v2\/media\/419140"}],"wp:attachment":[{"href":"https:\/\/www.speedcube.nl\/de\/wp-json\/wp\/v2\/media?parent=424734"}],"wp:term":[{"taxonomy":"product_brand","embeddable":true,"href":"https:\/\/www.speedcube.nl\/de\/wp-json\/wp\/v2\/product_brand?post=424734"},{"taxonomy":"product_cat","embeddable":true,"href":"https:\/\/www.speedcube.nl\/de\/wp-json\/wp\/v2\/product_cat?post=424734"},{"taxonomy":"product_tag","embeddable":true,"href":"https:\/\/www.speedcube.nl\/de\/wp-json\/wp\/v2\/product_tag?post=424734"}],"curies":[{"name":"wp","href":"https:\/\/api.w.org\/{rel}","templated":true}]}}