{"id":424724,"date":"2023-09-07T13:19:30","date_gmt":"2023-09-07T11:19:30","guid":{"rendered":"https:\/\/www.speedcube.nl\/unkategorisiert\/unidragon-magnetischer-oktopus\/"},"modified":"2026-05-12T05:04:09","modified_gmt":"2026-05-12T03:04:09","slug":"unidragon-magnetischer-oktopus","status":"publish","type":"product","link":"https:\/\/www.speedcube.nl\/de\/ratsel-de\/unidragon-de\/unidragon-magnetischer-oktopus\/","title":{"rendered":"Unidragon Magnetischer Oktopus"},"content":{"rendered":"<p>Der geheimnisvolle Herr der Meere und Besch\u00fctzer der Tiefen. Diese ist so alt wie die Welt selbst. Die magnetischen Tentakel des Oktopus sind mit Polypen bedeckt. Das Muster auf seinem Kopf verdeckt den Blick auf ein gesunkenes Schiff aus einer Unterwasserh\u00f6hle. Mutige Taucher schwimmen zwischen Fischen und mythischen Meerjungfrauen. Ein auff\u00e4lliges Merkmal dieses Puzzles sind die einzigartigen lackierten Teile. Sie glitzern in der Sonne wie Wassertropfen und unterstreichen den Ausdruck und den magischen Charme des Tintenfisches. Die gewundenen Tentakel und die ausgepr\u00e4gte Silhouette dieses R\u00e4tsels sorgen f\u00fcr zus\u00e4tzliche Schwierigkeit und Verzauberung.<\/p>\n<p>Die Puzzles sind aus 3 mm starkem, gepresstem HDF gefertigt. Dieses Material ist umweltfreundlich, hochwertig und langlebig. Wenn du mit dem Zusammensetzen fertig bist, darfst du das Puzzle nicht zur\u00fcck in den Schrank legen. Verwenden Sie es als Innendekoration! Zu diesem Zweck wurde ein spezielles Klebesystem entwickelt, mit dem das Puzzle zusammengesetzt und an die Wand geklebt wird.<\/p>\n<p>MEDIUM<br \/>\nAnzahl der St\u00fccke: 200<br \/>\nGr\u00f6\u00dfe des Puzzles: 285 x 330 mm<br \/>\nVerpackung: 210 \u0445 159 \u0445 53 mm<\/p>\n<p>KING SIZE<br \/>\nAnzahl der St\u00fccke: 300<br \/>\nGr\u00f6\u00dfe des Puzzles: 343 x 396 mm<br \/>\nVerpackung: 240 \u0445 179 \u0445 53 mm<\/p>\n","protected":false},"excerpt":{"rendered":"<p>UNIDRAGON<\/p>\n","protected":false},"featured_media":419238,"template":"","meta":{"_improvement_type_select":"improve_an_existing","_thumb_yes_seoaic":false,"_frame_yes_seoaic":false,"seoaic_generate_description":"","seoaic_improve_instructions_prompt":"","seoaic_rollback_content_improvement":"","seoaic_idea_thumbnail_generator":"","thumbnail_generated":false,"thumbnail_generate_prompt":"","seoaic_article_description":"","product-afmeting-lengte-mm":"","product-afmeting-breedte-mm":"","product-afmeting-hoogte-mm":""},"product_brand":[],"product_cat":[1621,1618,1620,1616,1613,1623,1622,1624],"product_tag":[],"class_list":{"0":"post-424724","1":"product","2":"type-product","3":"status-publish","4":"has-post-thumbnail","6":"product_cat-besondere-ratsel","7":"product_cat-holzerne-puzzles","8":"product_cat-jigsaw-puzzles","9":"product_cat-puzzle-0-499-teile","10":"product_cat-ratsel-de","11":"product_cat-puzzles-fur-kinder","12":"product_cat-tier-puzzles","13":"product_cat-unidragon-de","14":"pa_merken-unidragon-de","16":"first","17":"outofstock","18":"sale","19":"taxable","20":"shipping-taxable","21":"purchasable","22":"product-type-variable"},"df_price":35,"df_sale_price":"","df_regular_price":35,"df_image_link":"https:\/\/www.speedcube.nl\/wp-content\/uploads\/2023\/09\/Productvisuals_Puzzels-UNIDRAGON-Magnetic-Octopus--285x300.jpg","_links":{"self":[{"href":"https:\/\/www.speedcube.nl\/de\/wp-json\/wp\/v2\/product\/424724","targetHints":{"allow":["GET"]}}],"collection":[{"href":"https:\/\/www.speedcube.nl\/de\/wp-json\/wp\/v2\/product"}],"about":[{"href":"https:\/\/www.speedcube.nl\/de\/wp-json\/wp\/v2\/types\/product"}],"version-history":[{"count":0,"href":"https:\/\/www.speedcube.nl\/de\/wp-json\/wp\/v2\/product\/424724\/revisions"}],"wp:featuredmedia":[{"embeddable":true,"href":"https:\/\/www.speedcube.nl\/de\/wp-json\/wp\/v2\/media\/419238"}],"wp:attachment":[{"href":"https:\/\/www.speedcube.nl\/de\/wp-json\/wp\/v2\/media?parent=424724"}],"wp:term":[{"taxonomy":"product_brand","embeddable":true,"href":"https:\/\/www.speedcube.nl\/de\/wp-json\/wp\/v2\/product_brand?post=424724"},{"taxonomy":"product_cat","embeddable":true,"href":"https:\/\/www.speedcube.nl\/de\/wp-json\/wp\/v2\/product_cat?post=424724"},{"taxonomy":"product_tag","embeddable":true,"href":"https:\/\/www.speedcube.nl\/de\/wp-json\/wp\/v2\/product_tag?post=424724"}],"curies":[{"name":"wp","href":"https:\/\/api.w.org\/{rel}","templated":true}]}}