{"id":424719,"date":"2023-09-05T12:52:45","date_gmt":"2023-09-05T10:52:45","guid":{"rendered":"https:\/\/www.speedcube.nl\/unkategorisiert\/moyu-wuerfelroboter\/"},"modified":"2026-04-16T05:26:34","modified_gmt":"2026-04-16T03:26:34","slug":"moyu-wuerfelroboter","status":"publish","type":"product","link":"https:\/\/www.speedcube.nl\/de\/speedcube-de\/roboter\/moyu-wuerfelroboter\/","title":{"rendered":"MoYu-W\u00fcrfelroboter"},"content":{"rendered":"<p>Der MoYu Cube Robot ist ein unverzichtbarer Begleiter f\u00fcr jeden Speedcuber. Lassen Sie diese geniale Maschine Ihren W\u00fcrfel im Handumdrehen l\u00f6sen oder blitzschnell krabbeln. Verbl\u00fcffe deine Freunde und Familie mit den beeindruckenden L\u00f6sungsf\u00e4higkeiten des MoYu-Roboters, w\u00e4hrend du dich darauf konzentrierst, deine pers\u00f6nlichen Rekorde zu brechen. Entdecken Sie den perfekten Trainingspartner, um Ihr speedcube-Erlebnis auf die n\u00e4chste Stufe zu heben.<\/p>\n<p><strong>Enthaltenes Zubeh\u00f6r:<br \/>\n<\/strong>Spezialisierter 3&#215;3-W\u00fcrfel<strong><br \/>\n<\/strong>Mit dem Roboter kompatible Mittelkappen<br \/>\nTyp-C-Stromkabel<\/p>\n<p><b>Kompatible 3&#215;3-W\u00fcrfel:<br \/>\n<\/b><\/p>\n<ul>\n<li><a class=\"product-title change-text\" href=\"https:\/\/www.speedcube.nl\/speedcube\/4x4\/moyu-2020-rs3m-3x3\/\">MoYu RS3 M 2020 3&#215;3 Magnetisch<\/a><\/li>\n<li><a class=\"product-title change-text\" href=\"https:\/\/www.speedcube.nl\/speedcube\/5x5\/moyu-meilong-m-serie\/\">MoYu MeiLong 3&#215;3 Magnetisch<\/a><\/li>\n<li><a class=\"product-title change-text\" href=\"https:\/\/www.speedcube.nl\/speedcube\/moyu\/moyu-huameng-ys3m-3x3\/\">MoYu YS3 M 3&#215;3 Magnetisch<\/a><\/li>\n<li><a class=\"product-title change-text\" href=\"https:\/\/www.speedcube.nl\/speedcube\/moyu\/moyu-weilong-ai-3x3\/\">MoYu WeiLong AI 3&#215;3 Bluetooth Smart Cube<\/a><\/li>\n<li><a class=\"product-title change-text\" href=\"https:\/\/www.speedcube.nl\/speedcube\/moyu\/moyu-super-rs3m-3x3\/\">MoYu Super RS3 M 3&#215;3 Magnetisch<\/a><\/li>\n<li><a class=\"product-title change-text\" href=\"https:\/\/www.speedcube.nl\/speedcube\/moyu\/moyu-super-rs3m-3x3-v2-uv-coated\/\">MoYu Super RS3 M V2 3&#215;3 Magnetisch<\/a><\/li>\n<li><a class=\"product-title change-text\" href=\"https:\/\/www.speedcube.nl\/speedcube\/moyu\/moyu-weilong-wrm-v9\/\">MoYu WeiLong WR M V9 3&#215;3 Magnetisch<\/a><\/li>\n<\/ul>\n<p><b> <\/b><\/p>\n","protected":false},"excerpt":{"rendered":"<p>MOYU<\/p>\n","protected":false},"featured_media":419209,"template":"","meta":{"_improvement_type_select":"improve_an_existing","_thumb_yes_seoaic":false,"_frame_yes_seoaic":false,"seoaic_generate_description":"","seoaic_improve_instructions_prompt":"","seoaic_rollback_content_improvement":"","seoaic_idea_thumbnail_generator":"","thumbnail_generated":false,"thumbnail_generate_prompt":"","seoaic_article_description":"","product-afmeting-lengte-mm":"","product-afmeting-breedte-mm":"","product-afmeting-hoogte-mm":""},"product_brand":[],"product_cat":[1332,2237,1211],"product_tag":[],"class_list":{"0":"post-424719","1":"product","2":"type-product","3":"status-publish","4":"has-post-thumbnail","6":"product_cat-moyu-de","7":"product_cat-roboter","8":"product_cat-speedcube-de","9":"pa_merken-moyu-de","11":"first","12":"outofstock","13":"taxable","14":"shipping-taxable","15":"purchasable","16":"product-type-simple"},"df_price":79.99,"df_sale_price":"","df_regular_price":79.99,"df_image_link":"https:\/\/www.speedcube.nl\/wp-content\/uploads\/2023\/09\/Productvisuals_Speedcubes-MoYu-Cube-Robot--285x300.jpg","_links":{"self":[{"href":"https:\/\/www.speedcube.nl\/de\/wp-json\/wp\/v2\/product\/424719","targetHints":{"allow":["GET"]}}],"collection":[{"href":"https:\/\/www.speedcube.nl\/de\/wp-json\/wp\/v2\/product"}],"about":[{"href":"https:\/\/www.speedcube.nl\/de\/wp-json\/wp\/v2\/types\/product"}],"version-history":[{"count":0,"href":"https:\/\/www.speedcube.nl\/de\/wp-json\/wp\/v2\/product\/424719\/revisions"}],"wp:featuredmedia":[{"embeddable":true,"href":"https:\/\/www.speedcube.nl\/de\/wp-json\/wp\/v2\/media\/419209"}],"wp:attachment":[{"href":"https:\/\/www.speedcube.nl\/de\/wp-json\/wp\/v2\/media?parent=424719"}],"wp:term":[{"taxonomy":"product_brand","embeddable":true,"href":"https:\/\/www.speedcube.nl\/de\/wp-json\/wp\/v2\/product_brand?post=424719"},{"taxonomy":"product_cat","embeddable":true,"href":"https:\/\/www.speedcube.nl\/de\/wp-json\/wp\/v2\/product_cat?post=424719"},{"taxonomy":"product_tag","embeddable":true,"href":"https:\/\/www.speedcube.nl\/de\/wp-json\/wp\/v2\/product_tag?post=424719"}],"curies":[{"name":"wp","href":"https:\/\/api.w.org\/{rel}","templated":true}]}}