{"id":424709,"date":"2023-09-05T12:20:50","date_gmt":"2023-09-05T10:20:50","guid":{"rendered":"https:\/\/www.speedcube.nl\/unkategorisiert\/sengso-verrueckter-megaminx-v2\/"},"modified":"2026-04-29T05:05:02","modified_gmt":"2026-04-29T03:05:02","slug":"sengso-verrueckter-megaminx-v2","status":"publish","type":"product","link":"https:\/\/www.speedcube.nl\/de\/speedcube-de\/sengso-de\/sengso-verrueckter-megaminx-v2\/","title":{"rendered":"SengSo Verr\u00fcckter Megaminx V2"},"content":{"rendered":"<p>Das neue Sengso Crazy Megaminx V2 ist mit 10 zus\u00e4tzlichen Teilen ausgestattet, die einen einzigartigen Kreis um jedes Zentrum bilden. Diese zus\u00e4tzlichen Teile drehen sich nicht zur gleichen Zeit wie der Rest des W\u00fcrfels, was eine zus\u00e4tzliche Herausforderung beim L\u00f6sen darstellt. Wenn Sie bereits ein klassisches Megaminx l\u00f6sen k\u00f6nnen, dann ist dieses Crazy Megaminx V2 die perfekte neue Herausforderung, die Sie suchen!<\/p>\n","protected":false},"excerpt":{"rendered":"<p>SENGSO<\/p>\n","protected":false},"featured_media":419108,"template":"","meta":{"_improvement_type_select":"improve_an_existing","_thumb_yes_seoaic":false,"_frame_yes_seoaic":false,"seoaic_generate_description":"","seoaic_improve_instructions_prompt":"","seoaic_rollback_content_improvement":"","seoaic_idea_thumbnail_generator":"","thumbnail_generated":false,"thumbnail_generate_prompt":"","seoaic_article_description":"","product-afmeting-lengte-mm":"","product-afmeting-breedte-mm":"","product-afmeting-hoogte-mm":""},"product_brand":[],"product_cat":[1378,1778,1211],"product_tag":[],"class_list":{"0":"post-424709","1":"product","2":"type-product","3":"status-publish","4":"has-post-thumbnail","6":"product_cat-megaminx-de","7":"product_cat-sengso-de","8":"product_cat-speedcube-de","9":"pa_merken-sengso-de","11":"first","12":"instock","13":"taxable","14":"shipping-taxable","15":"purchasable","16":"product-type-simple"},"df_price":24.99,"df_sale_price":"","df_regular_price":24.99,"df_image_link":"https:\/\/www.speedcube.nl\/wp-content\/uploads\/2023\/09\/Productvisuals_Speedcubes-Sengso-Crazy-Megaminx-V2--285x300.jpg","_links":{"self":[{"href":"https:\/\/www.speedcube.nl\/de\/wp-json\/wp\/v2\/product\/424709","targetHints":{"allow":["GET"]}}],"collection":[{"href":"https:\/\/www.speedcube.nl\/de\/wp-json\/wp\/v2\/product"}],"about":[{"href":"https:\/\/www.speedcube.nl\/de\/wp-json\/wp\/v2\/types\/product"}],"version-history":[{"count":0,"href":"https:\/\/www.speedcube.nl\/de\/wp-json\/wp\/v2\/product\/424709\/revisions"}],"wp:featuredmedia":[{"embeddable":true,"href":"https:\/\/www.speedcube.nl\/de\/wp-json\/wp\/v2\/media\/419108"}],"wp:attachment":[{"href":"https:\/\/www.speedcube.nl\/de\/wp-json\/wp\/v2\/media?parent=424709"}],"wp:term":[{"taxonomy":"product_brand","embeddable":true,"href":"https:\/\/www.speedcube.nl\/de\/wp-json\/wp\/v2\/product_brand?post=424709"},{"taxonomy":"product_cat","embeddable":true,"href":"https:\/\/www.speedcube.nl\/de\/wp-json\/wp\/v2\/product_cat?post=424709"},{"taxonomy":"product_tag","embeddable":true,"href":"https:\/\/www.speedcube.nl\/de\/wp-json\/wp\/v2\/product_tag?post=424709"}],"curies":[{"name":"wp","href":"https:\/\/api.w.org\/{rel}","templated":true}]}}