{"id":424707,"date":"2023-09-05T13:40:38","date_gmt":"2023-09-05T11:40:38","guid":{"rendered":"https:\/\/www.speedcube.nl\/unkategorisiert\/moyu-pair-racing-bloecke\/"},"modified":"2026-04-09T05:01:50","modified_gmt":"2026-04-09T03:01:50","slug":"moyu-pair-racing-bloecke","status":"publish","type":"product","link":"https:\/\/www.speedcube.nl\/de\/aanbieding-de\/moyu-pair-racing-bloecke\/","title":{"rendered":"MoYu Pair Racing Bl\u00f6cke"},"content":{"rendered":"<p>Bei diesem Spiel hast du ein Spielbrett mit einer Karte in der Mitte. Diese Karte zeigt ein Bild mit mehreren \u00fcbereinander gestapelten W\u00fcrfeln. Die Idee ist, dieses Bild mit den W\u00fcrfeln nachzubilden. Es ist also ein Spiel, bei dem man r\u00e4umliches Verst\u00e4ndnis braucht. Wer das Bild am schnellsten nachgebildet hat, dr\u00fcckt die Glocke und hat gewonnen!<\/p>\n","protected":false},"excerpt":{"rendered":"<p>MOYU<\/p>\n","protected":false},"featured_media":419777,"template":"","meta":{"_improvement_type_select":"improve_an_existing","_thumb_yes_seoaic":false,"_frame_yes_seoaic":false,"seoaic_generate_description":"","seoaic_improve_instructions_prompt":"","seoaic_rollback_content_improvement":"","seoaic_idea_thumbnail_generator":"","thumbnail_generated":false,"thumbnail_generate_prompt":"","seoaic_article_description":"","product-afmeting-lengte-mm":"","product-afmeting-breedte-mm":"","product-afmeting-hoogte-mm":""},"product_brand":[],"product_cat":[1332,1211,2558],"product_tag":[],"class_list":{"0":"post-424707","1":"product","2":"type-product","3":"status-publish","4":"has-post-thumbnail","6":"product_cat-moyu-de","7":"product_cat-speedcube-de","8":"product_cat-aanbieding-de","9":"pa_merken-moyu-de","11":"first","12":"instock","13":"sale","14":"taxable","15":"shipping-taxable","16":"purchasable","17":"product-type-simple"},"df_price":13.99,"df_sale_price":13.99,"df_regular_price":19.99,"df_image_link":"https:\/\/www.speedcube.nl\/wp-content\/uploads\/2023\/09\/Productvisuals_Speedcubes-MoYu-Pair-Racing-Cube--285x300.jpg","_links":{"self":[{"href":"https:\/\/www.speedcube.nl\/de\/wp-json\/wp\/v2\/product\/424707","targetHints":{"allow":["GET"]}}],"collection":[{"href":"https:\/\/www.speedcube.nl\/de\/wp-json\/wp\/v2\/product"}],"about":[{"href":"https:\/\/www.speedcube.nl\/de\/wp-json\/wp\/v2\/types\/product"}],"version-history":[{"count":0,"href":"https:\/\/www.speedcube.nl\/de\/wp-json\/wp\/v2\/product\/424707\/revisions"}],"wp:featuredmedia":[{"embeddable":true,"href":"https:\/\/www.speedcube.nl\/de\/wp-json\/wp\/v2\/media\/419777"}],"wp:attachment":[{"href":"https:\/\/www.speedcube.nl\/de\/wp-json\/wp\/v2\/media?parent=424707"}],"wp:term":[{"taxonomy":"product_brand","embeddable":true,"href":"https:\/\/www.speedcube.nl\/de\/wp-json\/wp\/v2\/product_brand?post=424707"},{"taxonomy":"product_cat","embeddable":true,"href":"https:\/\/www.speedcube.nl\/de\/wp-json\/wp\/v2\/product_cat?post=424707"},{"taxonomy":"product_tag","embeddable":true,"href":"https:\/\/www.speedcube.nl\/de\/wp-json\/wp\/v2\/product_tag?post=424707"}],"curies":[{"name":"wp","href":"https:\/\/api.w.org\/{rel}","templated":true}]}}