{"id":424704,"date":"2023-09-08T10:51:45","date_gmt":"2023-09-08T08:51:45","guid":{"rendered":"https:\/\/www.speedcube.nl\/unkategorisiert\/unidragon-graf-kaninchen\/"},"modified":"2026-04-19T05:01:34","modified_gmt":"2026-04-19T03:01:34","slug":"unidragon-graf-kaninchen","status":"publish","type":"product","link":"https:\/\/www.speedcube.nl\/de\/ratsel-de\/art-de\/unidragon-graf-kaninchen\/","title":{"rendered":"Unidragon Graf Kaninchen"},"content":{"rendered":"<p>Sind Sie bereit, Ihre Lieblingshelden auf eine ganz neue Art und Weise kennenzulernen? Sind Sie auf der Suche nach einer lustigen und herausfordernden Aktivit\u00e4t, die Sie in eine Welt voller Abenteuer und Aufregung entf\u00fchrt? Die POP ART Puzzle Collection von Unidragon zeigt bekannte Figuren aus beliebten Filmen, Serien, B\u00fcchern und Spielen und ist mit ihrem hochwertigen Design eine wertvolle Erg\u00e4nzung f\u00fcr jede Puzzlesammlung. Die modernen und stimmungsvollen Illustrationen sind so gestaltet, dass man in die Stimmungen und Welten der Figuren eintaucht &#8211; ein visuelles und mentales Vergn\u00fcgen. Die komplexen Schnittmuster und fr\u00f6hlichen Details sorgen f\u00fcr Herausforderung und Spa\u00df und machen jedes Puzzleteil zu einem Kunstwerk f\u00fcr sich. Mit der f\u00fcr Unidragon typischen Qualit\u00e4t und der Verwendung der besten Materialien sind die Puzzles dieser Kollektion f\u00fcr eine lange Lebensdauer ausgelegt. Egal, ob Sie ein erfahrener Puzzle-Liebhaber oder ein Neueinsteiger sind, Sie k\u00f6nnen sicher sein, dass Ihr Puzzle jahrelang Freude bereiten wird. Und wenn Sie auf der Suche nach einem durchdachten und einzigartigen Geschenk f\u00fcr Freunde oder Familie sind, dann ist die POP ART-Puzzle-Kollektion von Unidragon die perfekte Wahl! Jedes Puzzle wird in einer stilvollen Geschenkbox aus Holz geliefert. Egal ob zum Geburtstag, zu den Feiertagen oder einfach nur so, diese Puzzle-Kollektion ist ein unvergessliches Geschenk, das man gerne in Erinnerung beh\u00e4lt.<\/p>\n<p>Die Puzzles sind aus 3 mm starkem, gepresstem HDF gefertigt. Dieses Material ist umweltfreundlich, hochwertig und langlebig. Wenn du mit dem Zusammensetzen fertig bist, darfst du das Puzzle nicht zur\u00fcck in den Schrank legen. Verwenden Sie es als Innendekoration! Zu diesem Zweck haben wir ein spezielles Klebesystem entwickelt, das das Puzzle zusammensetzt und an die Wand klebt.<\/p>\n","protected":false},"excerpt":{"rendered":"<p>UNIDRAGON<\/p>\n","protected":false},"featured_media":419444,"template":"","meta":{"_improvement_type_select":"improve_an_existing","_thumb_yes_seoaic":false,"_frame_yes_seoaic":false,"seoaic_generate_description":"","seoaic_improve_instructions_prompt":"","seoaic_rollback_content_improvement":"","seoaic_idea_thumbnail_generator":"","thumbnail_generated":false,"thumbnail_generate_prompt":"","seoaic_article_description":"","product-afmeting-lengte-mm":"320","product-afmeting-breedte-mm":"230","product-afmeting-hoogte-mm":"3"},"product_brand":[],"product_cat":[2222,1621,1618,1620,1616,1613,1745,1623,1624],"product_tag":[],"class_list":{"0":"post-424704","1":"product","2":"type-product","3":"status-publish","4":"has-post-thumbnail","6":"product_cat-art-de","7":"product_cat-besondere-ratsel","8":"product_cat-holzerne-puzzles","9":"product_cat-jigsaw-puzzles","10":"product_cat-puzzle-0-499-teile","11":"product_cat-ratsel-de","12":"product_cat-puzzles-fur-erwachsene","13":"product_cat-puzzles-fur-kinder","14":"product_cat-unidragon-de","15":"pa_merken-unidragon-de","17":"first","18":"outofstock","19":"taxable","20":"shipping-taxable","21":"purchasable","22":"product-type-simple"},"df_price":49.99,"df_sale_price":"","df_regular_price":49.99,"df_image_link":"https:\/\/www.speedcube.nl\/wp-content\/uploads\/2023\/09\/Productvisuals_Puzzels-UNIDRAGON-Pop-Art-Count-Rabbit--285x300.jpg","_links":{"self":[{"href":"https:\/\/www.speedcube.nl\/de\/wp-json\/wp\/v2\/product\/424704","targetHints":{"allow":["GET"]}}],"collection":[{"href":"https:\/\/www.speedcube.nl\/de\/wp-json\/wp\/v2\/product"}],"about":[{"href":"https:\/\/www.speedcube.nl\/de\/wp-json\/wp\/v2\/types\/product"}],"version-history":[{"count":0,"href":"https:\/\/www.speedcube.nl\/de\/wp-json\/wp\/v2\/product\/424704\/revisions"}],"wp:featuredmedia":[{"embeddable":true,"href":"https:\/\/www.speedcube.nl\/de\/wp-json\/wp\/v2\/media\/419444"}],"wp:attachment":[{"href":"https:\/\/www.speedcube.nl\/de\/wp-json\/wp\/v2\/media?parent=424704"}],"wp:term":[{"taxonomy":"product_brand","embeddable":true,"href":"https:\/\/www.speedcube.nl\/de\/wp-json\/wp\/v2\/product_brand?post=424704"},{"taxonomy":"product_cat","embeddable":true,"href":"https:\/\/www.speedcube.nl\/de\/wp-json\/wp\/v2\/product_cat?post=424704"},{"taxonomy":"product_tag","embeddable":true,"href":"https:\/\/www.speedcube.nl\/de\/wp-json\/wp\/v2\/product_tag?post=424704"}],"curies":[{"name":"wp","href":"https:\/\/api.w.org\/{rel}","templated":true}]}}