{"id":424682,"date":"2023-03-22T13:00:21","date_gmt":"2023-03-22T12:00:21","guid":{"rendered":"https:\/\/www.speedcube.nl\/unkategorisiert\/eureka-secret-escape-box-cabin-in-the-woods\/"},"modified":"2026-04-29T05:04:12","modified_gmt":"2026-04-29T03:04:12","slug":"eureka-secret-escape-box-cabin-in-the-woods","status":"publish","type":"product","link":"https:\/\/www.speedcube.nl\/de\/knobelaufgaben\/eureka-ratsel-de-2\/eureka-secret-escape-box-cabin-in-the-woods\/","title":{"rendered":"Eureka Secret Escape Box Cabin in the Woods"},"content":{"rendered":"<p>Jede Secret Escape Box hat einen Hinweis auf der Verpackung, genau wie in Escape Rooms, weshalb wir sie auch Secret Escape Boxes nennen. Nach einem langen Marsch durch den Wald erreichen Sie m\u00fcde und ersch\u00f6pft eine H\u00fctte. Diese H\u00fctte scheint der ideale Rastplatz zu sein, aber wie kommt man hinein? Klopfen an der T\u00fcr hilft nicht, denn niemand scheint zu Hause zu sein und die T\u00fcr ist auch nicht das, was sie zu sein scheint. Ist dies \u00fcberhaupt ein sicherer Ort? Finden Sie den Weg hinein und schlie\u00dfen Sie sich sicher ein. Wir bewerten den Schwierigkeitsgrad f\u00fcr diese Cabin in the Woods Escape Box mit 2 von 4 Sternen.<\/p>\n","protected":false},"excerpt":{"rendered":"<p>EUREKA<\/p>\n","protected":false},"featured_media":413721,"template":"","meta":{"_improvement_type_select":"improve_an_existing","_thumb_yes_seoaic":false,"_frame_yes_seoaic":false,"seoaic_generate_description":"","seoaic_improve_instructions_prompt":"","seoaic_rollback_content_improvement":"","seoaic_idea_thumbnail_generator":"","thumbnail_generated":false,"thumbnail_generate_prompt":"","seoaic_article_description":"","product-afmeting-lengte-mm":"","product-afmeting-breedte-mm":"","product-afmeting-hoogte-mm":""},"product_brand":[],"product_cat":[1570,2212,1795,1244,1227,1233,1237],"product_tag":[],"class_list":{"0":"post-424682","1":"product","2":"type-product","3":"status-publish","4":"has-post-thumbnail","6":"product_cat-2-sterne-leicht","7":"product_cat-eureka-ratsel-de-2","8":"product_cat-holzerne-knobelaufgaben","9":"product_cat-knobelaufgaben-de","10":"product_cat-knobelaufgaben","11":"product_cat-knobelaufgaben-fur-erwachsene","12":"product_cat-knobelaufgaben-fur-kinder","13":"pa_merken-eureka-de-2","15":"first","16":"instock","17":"taxable","18":"shipping-taxable","19":"purchasable","20":"product-type-simple"},"df_price":29.95,"df_sale_price":"","df_regular_price":29.95,"df_image_link":"https:\/\/www.speedcube.nl\/wp-content\/uploads\/2023\/06\/Productvisuals_Breinbrekers-Eureka-Secret-Escape-Box-Cabin-in-the-Woods-285x300.jpg","_links":{"self":[{"href":"https:\/\/www.speedcube.nl\/de\/wp-json\/wp\/v2\/product\/424682","targetHints":{"allow":["GET"]}}],"collection":[{"href":"https:\/\/www.speedcube.nl\/de\/wp-json\/wp\/v2\/product"}],"about":[{"href":"https:\/\/www.speedcube.nl\/de\/wp-json\/wp\/v2\/types\/product"}],"version-history":[{"count":0,"href":"https:\/\/www.speedcube.nl\/de\/wp-json\/wp\/v2\/product\/424682\/revisions"}],"wp:featuredmedia":[{"embeddable":true,"href":"https:\/\/www.speedcube.nl\/de\/wp-json\/wp\/v2\/media\/413721"}],"wp:attachment":[{"href":"https:\/\/www.speedcube.nl\/de\/wp-json\/wp\/v2\/media?parent=424682"}],"wp:term":[{"taxonomy":"product_brand","embeddable":true,"href":"https:\/\/www.speedcube.nl\/de\/wp-json\/wp\/v2\/product_brand?post=424682"},{"taxonomy":"product_cat","embeddable":true,"href":"https:\/\/www.speedcube.nl\/de\/wp-json\/wp\/v2\/product_cat?post=424682"},{"taxonomy":"product_tag","embeddable":true,"href":"https:\/\/www.speedcube.nl\/de\/wp-json\/wp\/v2\/product_tag?post=424682"}],"curies":[{"name":"wp","href":"https:\/\/api.w.org\/{rel}","templated":true}]}}