{"id":424668,"date":"2023-03-07T09:15:52","date_gmt":"2023-03-07T08:15:52","guid":{"rendered":"https:\/\/www.speedcube.nl\/unkategorisiert\/rubiks-mini-2x2\/"},"modified":"2026-05-10T05:03:58","modified_gmt":"2026-05-10T03:03:58","slug":"rubiks-mini-2x2","status":"publish","type":"product","link":"https:\/\/www.speedcube.nl\/de\/aanbieding-de\/rubiks-mini-2x2\/","title":{"rendered":"Rubik&#8217;s Mini 2&#215;2"},"content":{"rendered":"<p>Rubik&#8217;s Cube Mini 2&#215;2 W\u00fcrfel ist ein klassisches Puzzle, bei dem man Farben kombinieren muss und mit dem man zu Hause oder unterwegs Spa\u00df haben kann. Der klassische 2&#215;2-W\u00fcrfel ist ein \u00e4u\u00dferst fesselndes Denkspiel, das Fans auf der ganzen Welt seit Jahrzehnten fasziniert. Dieser W\u00fcrfel ist auch als Pocket- oder Miniw\u00fcrfel bekannt, aber lassen Sie sich nicht von seiner geringen Gr\u00f6\u00dfe t\u00e4uschen. Auch diese ist mit 3.674.160 Kombinationsm\u00f6glichkeiten immer noch eine Herausforderung. Der kleinere Puzzle-W\u00fcrfel hat einen neuen und verbesserten Mechanismus, der ein reibungsloseres, schnelleres und zuverl\u00e4ssigeres Spiel erm\u00f6glicht. Die schnellste Zeit f\u00fcr das L\u00f6sen des 2&#215;2 Rubik&#8217;s Cube war weniger als 2 Sekunden. Fordern Sie sich selbst heraus und versuchen Sie, den Rekord zu brechen.<\/p>\n","protected":false},"excerpt":{"rendered":"<p>RUBIK&#8217;S<\/p>\n","protected":false},"featured_media":413066,"template":"","meta":{"_improvement_type_select":"improve_an_existing","_thumb_yes_seoaic":false,"_frame_yes_seoaic":false,"seoaic_generate_description":"","seoaic_improve_instructions_prompt":"","seoaic_rollback_content_improvement":"","seoaic_idea_thumbnail_generator":"","thumbnail_generated":false,"thumbnail_generate_prompt":"","seoaic_article_description":"","product-afmeting-lengte-mm":"","product-afmeting-breedte-mm":"","product-afmeting-hoogte-mm":""},"product_brand":[],"product_cat":[2558],"product_tag":[],"class_list":{"0":"post-424668","1":"product","2":"type-product","3":"status-publish","4":"has-post-thumbnail","6":"product_cat-aanbieding-de","7":"pa_merken-rubiks-de","9":"first","10":"instock","11":"sale","12":"taxable","13":"shipping-taxable","14":"purchasable","15":"product-type-simple"},"df_price":7.19,"df_sale_price":7.19,"df_regular_price":11.99,"df_image_link":"https:\/\/www.speedcube.nl\/wp-content\/uploads\/2023\/06\/Productvisuals_Speedcubes-Rubiks-2x2x2-285x300.jpg","_links":{"self":[{"href":"https:\/\/www.speedcube.nl\/de\/wp-json\/wp\/v2\/product\/424668","targetHints":{"allow":["GET"]}}],"collection":[{"href":"https:\/\/www.speedcube.nl\/de\/wp-json\/wp\/v2\/product"}],"about":[{"href":"https:\/\/www.speedcube.nl\/de\/wp-json\/wp\/v2\/types\/product"}],"version-history":[{"count":0,"href":"https:\/\/www.speedcube.nl\/de\/wp-json\/wp\/v2\/product\/424668\/revisions"}],"wp:featuredmedia":[{"embeddable":true,"href":"https:\/\/www.speedcube.nl\/de\/wp-json\/wp\/v2\/media\/413066"}],"wp:attachment":[{"href":"https:\/\/www.speedcube.nl\/de\/wp-json\/wp\/v2\/media?parent=424668"}],"wp:term":[{"taxonomy":"product_brand","embeddable":true,"href":"https:\/\/www.speedcube.nl\/de\/wp-json\/wp\/v2\/product_brand?post=424668"},{"taxonomy":"product_cat","embeddable":true,"href":"https:\/\/www.speedcube.nl\/de\/wp-json\/wp\/v2\/product_cat?post=424668"},{"taxonomy":"product_tag","embeddable":true,"href":"https:\/\/www.speedcube.nl\/de\/wp-json\/wp\/v2\/product_tag?post=424668"}],"curies":[{"name":"wp","href":"https:\/\/api.w.org\/{rel}","templated":true}]}}