{"id":424654,"date":"2023-03-22T14:55:23","date_gmt":"2023-03-22T13:55:23","guid":{"rendered":"https:\/\/www.speedcube.nl\/unkategorisiert\/smartgames-iq-mini\/"},"modified":"2026-05-01T05:01:43","modified_gmt":"2026-05-01T03:01:43","slug":"smartgames-iq-mini","status":"publish","type":"product","link":"https:\/\/www.speedcube.nl\/de\/knobelaufgaben\/3-sterne-normal\/smartgames-iq-mini\/","title":{"rendered":"Smartgames IQ Mini"},"content":{"rendered":"<p>Die SmartGames IQ-Reihe hat einen kleinen Bruder bekommen! IQ Mini ist ein innovatives Puzzle in 5 trendigen Farben, das man \u00fcberallhin mitnehmen kann. Erstelle deine eigenen Herausforderungen, indem du die Blocker verschiebst und das Brett mit den Puzzleteilen f\u00fcllst. Fordern Sie sich selbst, Ihre Freunde und Ihre Familie heraus, um noch mehr Spa\u00df zu haben. Finden Sie zus\u00e4tzliche Aufgaben, Hinweise und L\u00f6sungen online! Geeignet f\u00fcr Kinder ab 6 Jahren.<\/p>\n<p><strong>VORSICHT!<\/strong>  Es sind mehrere Farben erh\u00e4ltlich und es ist eine \u00dcberraschung, welche Farbe Sie erhalten.<\/p>\n","protected":false},"excerpt":{"rendered":"<p>SMARTGAMES<\/p>\n","protected":false},"featured_media":413883,"template":"","meta":{"_improvement_type_select":"improve_an_existing","_thumb_yes_seoaic":false,"_frame_yes_seoaic":false,"seoaic_generate_description":"","seoaic_improve_instructions_prompt":"","seoaic_rollback_content_improvement":"","seoaic_idea_thumbnail_generator":"","thumbnail_generated":false,"thumbnail_generate_prompt":"","seoaic_article_description":"","product-afmeting-lengte-mm":"","product-afmeting-breedte-mm":"","product-afmeting-hoogte-mm":""},"product_brand":[],"product_cat":[1511,1243,1227,1244,1233,1237,1241],"product_tag":[],"class_list":{"0":"post-424654","1":"product","2":"type-product","3":"status-publish","4":"has-post-thumbnail","6":"product_cat-3-sterne-normal","7":"product_cat-intelligente-spiele-ratsel","8":"product_cat-knobelaufgaben","9":"product_cat-knobelaufgaben-de","10":"product_cat-knobelaufgaben-fur-erwachsene","11":"product_cat-knobelaufgaben-fur-kinder","12":"product_cat-plastik-ratsel","13":"pa_merken-smartgames-de","15":"first","16":"outofstock","17":"taxable","18":"shipping-taxable","19":"purchasable","20":"product-type-simple"},"df_price":6.99,"df_sale_price":"","df_regular_price":6.99,"df_image_link":"https:\/\/www.speedcube.nl\/wp-content\/uploads\/2023\/06\/Productvisuals_Breinbrekers-Smartgames-IQ-Mini-285x300.jpg","_links":{"self":[{"href":"https:\/\/www.speedcube.nl\/de\/wp-json\/wp\/v2\/product\/424654","targetHints":{"allow":["GET"]}}],"collection":[{"href":"https:\/\/www.speedcube.nl\/de\/wp-json\/wp\/v2\/product"}],"about":[{"href":"https:\/\/www.speedcube.nl\/de\/wp-json\/wp\/v2\/types\/product"}],"version-history":[{"count":0,"href":"https:\/\/www.speedcube.nl\/de\/wp-json\/wp\/v2\/product\/424654\/revisions"}],"wp:featuredmedia":[{"embeddable":true,"href":"https:\/\/www.speedcube.nl\/de\/wp-json\/wp\/v2\/media\/413883"}],"wp:attachment":[{"href":"https:\/\/www.speedcube.nl\/de\/wp-json\/wp\/v2\/media?parent=424654"}],"wp:term":[{"taxonomy":"product_brand","embeddable":true,"href":"https:\/\/www.speedcube.nl\/de\/wp-json\/wp\/v2\/product_brand?post=424654"},{"taxonomy":"product_cat","embeddable":true,"href":"https:\/\/www.speedcube.nl\/de\/wp-json\/wp\/v2\/product_cat?post=424654"},{"taxonomy":"product_tag","embeddable":true,"href":"https:\/\/www.speedcube.nl\/de\/wp-json\/wp\/v2\/product_tag?post=424654"}],"curies":[{"name":"wp","href":"https:\/\/api.w.org\/{rel}","templated":true}]}}