{"id":424652,"date":"2023-03-07T09:20:35","date_gmt":"2023-03-07T08:20:35","guid":{"rendered":"https:\/\/www.speedcube.nl\/unkategorisiert\/rubiks-phantom-wuerfel\/"},"modified":"2026-04-26T05:18:57","modified_gmt":"2026-04-26T03:18:57","slug":"rubiks-phantom-wuerfel","status":"publish","type":"product","link":"https:\/\/www.speedcube.nl\/de\/speedcube-de\/rubiks-de\/rubiks-phantom-wuerfel\/","title":{"rendered":"Rubiks Phantom-W\u00fcrfel"},"content":{"rendered":"<p>Rubik&#8217;s Phantom Cube 3&#215;3 W\u00fcrfel mit fortschrittlicher Technologie. Ber\u00fchren, enth\u00fcllen und aufl\u00f6sen! Die Innovation f\u00fcgt dem urspr\u00fcnglichen 3&#215;3-W\u00fcrfel eine neue Herausforderung hinzu. Ber\u00fchren Sie die Felder des W\u00fcrfels, um die Farbe vor\u00fcbergehend anzuzeigen. L\u00f6sen Sie den neuesten W\u00fcrfel, das Rubik&#8217;s Phantom, w\u00e4hrend die Farben verblassen. Sie werden von der thermochromen Technologie dieses W\u00fcrfels begeistert sein. Enth\u00fcllen Sie die Farben des Phantoms durch die W\u00e4rme Ihrer Ber\u00fchrung. L\u00f6se den W\u00fcrfel, bevor er wieder schwarz wird. Dieser clevere W\u00fcrfel sieht aus wie kein anderes Spielzeug, mit dem du je gespielt hast. Das Rubik&#8217;s Phantom hat einen schwierigen Schwierigkeitsgrad und ist f\u00fcr erfahrene W\u00fcrfelfans gedacht. Dieses R\u00e4tsel ist eines der schwierigsten aus der Rubik&#8217;s-Sammlung, das es zu l\u00f6sen gilt.<\/p>\n","protected":false},"excerpt":{"rendered":"<p>RUBIK&#8217;S<\/p>\n","protected":false},"featured_media":413080,"template":"","meta":{"_improvement_type_select":"improve_an_existing","_thumb_yes_seoaic":false,"_frame_yes_seoaic":false,"seoaic_generate_description":"","seoaic_improve_instructions_prompt":"","seoaic_rollback_content_improvement":"","seoaic_idea_thumbnail_generator":"","thumbnail_generated":false,"thumbnail_generate_prompt":"","seoaic_article_description":"","product-afmeting-lengte-mm":"","product-afmeting-breedte-mm":"","product-afmeting-hoogte-mm":""},"product_brand":[],"product_cat":[1221,1333,1843,1211],"product_tag":[],"class_list":{"0":"post-424652","1":"product","2":"type-product","3":"status-publish","4":"has-post-thumbnail","6":"product_cat-3x3-de","7":"product_cat-besonderheiten","8":"product_cat-rubiks-de","9":"product_cat-speedcube-de","10":"pa_merken-rubiks-de","12":"first","13":"instock","14":"taxable","15":"shipping-taxable","16":"purchasable","17":"product-type-simple"},"df_price":23.99,"df_sale_price":"","df_regular_price":23.99,"df_image_link":"https:\/\/www.speedcube.nl\/wp-content\/uploads\/2023\/06\/Productvisuals_Speedcubes-Rubiks-Phantom-285x300.jpg","_links":{"self":[{"href":"https:\/\/www.speedcube.nl\/de\/wp-json\/wp\/v2\/product\/424652","targetHints":{"allow":["GET"]}}],"collection":[{"href":"https:\/\/www.speedcube.nl\/de\/wp-json\/wp\/v2\/product"}],"about":[{"href":"https:\/\/www.speedcube.nl\/de\/wp-json\/wp\/v2\/types\/product"}],"version-history":[{"count":0,"href":"https:\/\/www.speedcube.nl\/de\/wp-json\/wp\/v2\/product\/424652\/revisions"}],"wp:featuredmedia":[{"embeddable":true,"href":"https:\/\/www.speedcube.nl\/de\/wp-json\/wp\/v2\/media\/413080"}],"wp:attachment":[{"href":"https:\/\/www.speedcube.nl\/de\/wp-json\/wp\/v2\/media?parent=424652"}],"wp:term":[{"taxonomy":"product_brand","embeddable":true,"href":"https:\/\/www.speedcube.nl\/de\/wp-json\/wp\/v2\/product_brand?post=424652"},{"taxonomy":"product_cat","embeddable":true,"href":"https:\/\/www.speedcube.nl\/de\/wp-json\/wp\/v2\/product_cat?post=424652"},{"taxonomy":"product_tag","embeddable":true,"href":"https:\/\/www.speedcube.nl\/de\/wp-json\/wp\/v2\/product_tag?post=424652"}],"curies":[{"name":"wp","href":"https:\/\/api.w.org\/{rel}","templated":true}]}}