{"id":424644,"date":"2023-03-22T12:41:31","date_gmt":"2023-03-22T11:41:31","guid":{"rendered":"https:\/\/www.speedcube.nl\/unkategorisiert\/eureka-regenbogen-holzpuzzle-blauer-wal\/"},"modified":"2026-04-24T05:01:22","modified_gmt":"2026-04-24T03:01:22","slug":"eureka-regenbogen-holzpuzzle-blauer-wal","status":"publish","type":"product","link":"https:\/\/www.speedcube.nl\/de\/aanbieding-de\/eureka-regenbogen-holzpuzzle-blauer-wal\/","title":{"rendered":"Eureka Regenbogen Holzpuzzle Blauer Wal"},"content":{"rendered":"<p>Kennen Sie schon diese Regenbogen-Holzpuzzles von Eureka? Eurekas Puzzles sind haltbare 2D-Puzzles aus Holz. Alle Puzzles sind in Form eines Tieres gestaltet. Dieses Puzzle zeigt einen blauen Wal in sch\u00f6nen Farben. Die Puzzleteile sind alle ungew\u00f6hnlich geformt und haben etwas mit dem Thema des Puzzles zu tun! Dieses R\u00e4tsel besteht aus 101 Teilen.<\/p>\n","protected":false},"excerpt":{"rendered":"<p>EUREKA<\/p>\n","protected":false},"featured_media":413700,"template":"","meta":{"_improvement_type_select":"improve_an_existing","_thumb_yes_seoaic":false,"_frame_yes_seoaic":false,"seoaic_generate_description":"","seoaic_improve_instructions_prompt":"","seoaic_rollback_content_improvement":"","seoaic_idea_thumbnail_generator":"","thumbnail_generated":false,"thumbnail_generate_prompt":"","seoaic_article_description":"","product-afmeting-lengte-mm":"345","product-afmeting-breedte-mm":"184","product-afmeting-hoogte-mm":"3"},"product_brand":[],"product_cat":[1613,2558],"product_tag":[],"class_list":{"0":"post-424644","1":"product","2":"type-product","3":"status-publish","4":"has-post-thumbnail","6":"product_cat-ratsel-de","7":"product_cat-aanbieding-de","8":"pa_merken-eureka-de-2","10":"first","11":"instock","12":"sale","13":"taxable","14":"shipping-taxable","15":"purchasable","16":"product-type-simple"},"df_price":11.25,"df_sale_price":11.25,"df_regular_price":22.5,"df_image_link":"https:\/\/www.speedcube.nl\/wp-content\/uploads\/2023\/06\/Productvisuals_Puzzels-Eureka-Rainbow-Wooden-Puzzle-Blauwe-Vinvis-285x300.jpg","_links":{"self":[{"href":"https:\/\/www.speedcube.nl\/de\/wp-json\/wp\/v2\/product\/424644","targetHints":{"allow":["GET"]}}],"collection":[{"href":"https:\/\/www.speedcube.nl\/de\/wp-json\/wp\/v2\/product"}],"about":[{"href":"https:\/\/www.speedcube.nl\/de\/wp-json\/wp\/v2\/types\/product"}],"version-history":[{"count":0,"href":"https:\/\/www.speedcube.nl\/de\/wp-json\/wp\/v2\/product\/424644\/revisions"}],"wp:featuredmedia":[{"embeddable":true,"href":"https:\/\/www.speedcube.nl\/de\/wp-json\/wp\/v2\/media\/413700"}],"wp:attachment":[{"href":"https:\/\/www.speedcube.nl\/de\/wp-json\/wp\/v2\/media?parent=424644"}],"wp:term":[{"taxonomy":"product_brand","embeddable":true,"href":"https:\/\/www.speedcube.nl\/de\/wp-json\/wp\/v2\/product_brand?post=424644"},{"taxonomy":"product_cat","embeddable":true,"href":"https:\/\/www.speedcube.nl\/de\/wp-json\/wp\/v2\/product_cat?post=424644"},{"taxonomy":"product_tag","embeddable":true,"href":"https:\/\/www.speedcube.nl\/de\/wp-json\/wp\/v2\/product_tag?post=424644"}],"curies":[{"name":"wp","href":"https:\/\/api.w.org\/{rel}","templated":true}]}}