{"id":424634,"date":"2023-04-13T08:21:00","date_gmt":"2023-04-13T06:21:00","guid":{"rendered":"https:\/\/www.speedcube.nl\/unkategorisiert\/schleimiger-ever-schaum\/"},"modified":"2026-05-10T05:04:24","modified_gmt":"2026-05-10T03:04:24","slug":"schleimiger-ever-schaum","status":"publish","type":"product","link":"https:\/\/www.speedcube.nl\/de\/aanbieding-de\/schleimiger-ever-schaum\/","title":{"rendered":"Schleimiger Ever-Schaum"},"content":{"rendered":"<p>Genie\u00dfen Sie diese superleichte, geschmeidige und matschige Textur von Slimy Ever Foam! Wenn du damit spielst, wird es deine Sinne anregen. Der Ever Foam ist f\u00fcr Kinder geeignet, aber auch Erwachsene nutzen ihn zur Entspannung. Dank einer neuen Formel m\u00fcssen Sie sich keine Sorgen mehr machen, dass der Schaum austrocknet, und er schwimmt sogar auf dem Wasser! Aufgrund der kleinen K\u00f6rner, aus denen sich der Schaum zusammensetzt, sollte man das Alter 3+ beachten. Es sind mehrere Farben erh\u00e4ltlich und es ist eine \u00dcberraschung, welche Sie erhalten.<\/p>\n<p><em>Eigenschaften:<br \/>\n<\/em> + Abmessungen: 205 x 150 x 70 mm<br \/>\n+ Gewicht: 1000 Gramm<br \/>\n+ Spa\u00df f\u00fcr Kinder ab 3 Jahren<\/p>\n","protected":false},"excerpt":{"rendered":"<p>SLIMY<\/p>\n","protected":false},"featured_media":415229,"template":"","meta":{"_improvement_type_select":"improve_an_existing","_thumb_yes_seoaic":false,"_frame_yes_seoaic":false,"seoaic_generate_description":"","seoaic_improve_instructions_prompt":"","seoaic_rollback_content_improvement":"","seoaic_idea_thumbnail_generator":"","thumbnail_generated":false,"thumbnail_generate_prompt":"","seoaic_article_description":"","product-afmeting-lengte-mm":"","product-afmeting-breedte-mm":"","product-afmeting-hoogte-mm":""},"product_brand":[],"product_cat":[1552,2558,1752],"product_tag":[],"class_list":{"0":"post-424634","1":"product","2":"type-product","3":"status-publish","4":"has-post-thumbnail","6":"product_cat-kitt","7":"product_cat-aanbieding-de","8":"product_cat-schleimig","9":"pa_merken-slimy-de","11":"first","12":"instock","13":"sale","14":"taxable","15":"shipping-taxable","16":"purchasable","17":"product-type-simple"},"df_price":5.99,"df_sale_price":5.99,"df_regular_price":9.99,"df_image_link":"https:\/\/www.speedcube.nl\/wp-content\/uploads\/2023\/06\/Productvisuals_putty-Slimy-Ever-Foam-Box-285x300.jpg","_links":{"self":[{"href":"https:\/\/www.speedcube.nl\/de\/wp-json\/wp\/v2\/product\/424634","targetHints":{"allow":["GET"]}}],"collection":[{"href":"https:\/\/www.speedcube.nl\/de\/wp-json\/wp\/v2\/product"}],"about":[{"href":"https:\/\/www.speedcube.nl\/de\/wp-json\/wp\/v2\/types\/product"}],"version-history":[{"count":0,"href":"https:\/\/www.speedcube.nl\/de\/wp-json\/wp\/v2\/product\/424634\/revisions"}],"wp:featuredmedia":[{"embeddable":true,"href":"https:\/\/www.speedcube.nl\/de\/wp-json\/wp\/v2\/media\/415229"}],"wp:attachment":[{"href":"https:\/\/www.speedcube.nl\/de\/wp-json\/wp\/v2\/media?parent=424634"}],"wp:term":[{"taxonomy":"product_brand","embeddable":true,"href":"https:\/\/www.speedcube.nl\/de\/wp-json\/wp\/v2\/product_brand?post=424634"},{"taxonomy":"product_cat","embeddable":true,"href":"https:\/\/www.speedcube.nl\/de\/wp-json\/wp\/v2\/product_cat?post=424634"},{"taxonomy":"product_tag","embeddable":true,"href":"https:\/\/www.speedcube.nl\/de\/wp-json\/wp\/v2\/product_tag?post=424634"}],"curies":[{"name":"wp","href":"https:\/\/api.w.org\/{rel}","templated":true}]}}